{"id":28583,"date":"2023-09-29T19:43:19","date_gmt":"2023-09-29T19:43:19","guid":{"rendered":"https:\/\/www.juulrameau.com\/product\/101-mohnblumen-78\/"},"modified":"2024-05-07T13:57:31","modified_gmt":"2024-05-07T13:57:31","slug":"101-mohnblumen-78","status":"publish","type":"product","link":"https:\/\/www.juulrameau.com\/en\/product\/101-mohnblumen-78\/","title":{"rendered":"101 Mohnblumen &#8211; #78"},"content":{"rendered":"","protected":false},"excerpt":{"rendered":"<p>\u00c4tzen<br \/>\n10 x 10 cm<br \/>\nIn Auflage von 3<br \/>\nHanemuhle Paper<\/p>\n<h1>Ein magischer Moment<\/h1>\n<p>Kurz bevor der Sommer beginnt, sind die Mohnblumen an einem Tag nicht da, und am n\u00e4chsten Tag sehe ich sie pl\u00f6tzlich \u00fcberall. Im Park, entlang der Stra\u00dfe, auf dem Deich. Ich finde das faszinierend. Als ob dieser eine kleine Fr\u00fchlingsregen der letzte Ansto\u00df w\u00e4re. Oder die Sonne schien an diesem Tag gerade so viel, dass all die Mohnblumen gemeinsam thought: &#8220;Das ist der Moment&#8221;. Ein magischer Moment. Ein Moment, den man in Ehren halten sollte, denn der zarte Mohn bl\u00fcht nur f\u00fcr kurze Zeit.<\/p>\n<h2>Einrahmung<\/h2>\n<p>Sie k\u00f6nnen die Mohnblumen auch gerahmt kaufen. Senden Sie eine E-Mail mit der Nummer der Mohnblume und der Bitte, sie eingerahmt zu erhalten. Der Preis f\u00fcr einen gerahmten Druck mit Aluminiumrahmen betr\u00e4gt 165 \u20ac.<\/p>\n<h3>Buchen Sie<\/h3>\n<p>Ich habe diese ganze Serie in einem Buch gesammelt.  <a href=\"https:\/\/www.juulrameau.com\/product\/boek-101-papavers-in-een-dag\/\">Das Buch ist hier noch erh\u00e4ltlich.<\/a><\/p>\n","protected":false},"featured_media":27641,"template":"","meta":{"_acf_changed":false,"site-sidebar-layout":"default","site-content-layout":"","ast-site-content-layout":"default","site-content-style":"default","site-sidebar-style":"default","ast-global-header-display":"","ast-banner-title-visibility":"","ast-main-header-display":"","ast-hfb-above-header-display":"","ast-hfb-below-header-display":"","ast-hfb-mobile-header-display":"","site-post-title":"","ast-breadcrumbs-content":"","ast-featured-img":"","footer-sml-layout":"","ast-disable-related-posts":"","theme-transparent-header-meta":"","adv-header-id-meta":"","stick-header-meta":"","header-above-stick-meta":"","header-main-stick-meta":"","header-below-stick-meta":"","astra-migrate-meta-layouts":"default","ast-page-background-enabled":"default","ast-page-background-meta":{"desktop":{"background-color":"var(--ast-global-color-4)","background-image":"","background-repeat":"repeat","background-position":"center center","background-size":"auto","background-attachment":"scroll","background-type":"","background-media":"","overlay-type":"","overlay-color":"","overlay-opacity":"","overlay-gradient":""},"tablet":{"background-color":"","background-image":"","background-repeat":"repeat","background-position":"center center","background-size":"auto","background-attachment":"scroll","background-type":"","background-media":"","overlay-type":"","overlay-color":"","overlay-opacity":"","overlay-gradient":""},"mobile":{"background-color":"","background-image":"","background-repeat":"repeat","background-position":"center center","background-size":"auto","background-attachment":"scroll","background-type":"","background-media":"","overlay-type":"","overlay-color":"","overlay-opacity":"","overlay-gradient":""}},"ast-content-background-meta":{"desktop":{"background-color":"var(--ast-global-color-5)","background-image":"","background-repeat":"repeat","background-position":"center center","background-size":"auto","background-attachment":"scroll","background-type":"","background-media":"","overlay-type":"","overlay-color":"","overlay-opacity":"","overlay-gradient":""},"tablet":{"background-color":"var(--ast-global-color-5)","background-image":"","background-repeat":"repeat","background-position":"center center","background-size":"auto","background-attachment":"scroll","background-type":"","background-media":"","overlay-type":"","overlay-color":"","overlay-opacity":"","overlay-gradient":""},"mobile":{"background-color":"var(--ast-global-color-5)","background-image":"","background-repeat":"repeat","background-position":"center center","background-size":"auto","background-attachment":"scroll","background-type":"","background-media":"","overlay-type":"","overlay-color":"","overlay-opacity":"","overlay-gradient":""}}},"product_brand":[],"product_cat":[121],"product_tag":[127,128,126],"class_list":{"0":"post-28583","1":"product","2":"type-product","3":"status-publish","4":"has-post-thumbnail","6":"product_cat-101-poppy-etchings","7":"product_tag-art","8":"product_tag-etching","9":"product_tag-graph","10":"product_shipping_class-small-package","11":"desktop-align-left","12":"tablet-align-left","13":"mobile-align-left","15":"first","16":"instock","17":"taxable","18":"shipping-taxable","19":"purchasable","20":"product-type-simple"},"acf":[],"yoast_head":"<!-- This site is optimized with the Yoast SEO plugin v27.5 - https:\/\/yoast.com\/product\/yoast-seo-wordpress\/ -->\n<title>101 Mohnblumen - #78 - Juul Rameau<\/title>\n<meta name=\"robots\" content=\"index, follow, max-snippet:-1, max-image-preview:large, max-video-preview:-1\" \/>\n<link rel=\"canonical\" href=\"https:\/\/www.juulrameau.com\/product\/101-mohnblumen-78\/\" \/>\n<meta property=\"og:locale\" content=\"en_US\" \/>\n<meta property=\"og:type\" content=\"article\" \/>\n<meta property=\"og:title\" content=\"101 Mohnblumen - #78 - Juul Rameau\" \/>\n<meta property=\"og:description\" content=\"\u00c4tzen 10 x 10 cm In Auflage von 3 Hanemuhle Paper Ein magischer Moment Kurz bevor der Sommer beginnt, sind die Mohnblumen an einem Tag nicht da, und am n\u00e4chsten Tag sehe ich sie pl\u00f6tzlich \u00fcberall. Im Park, entlang der Stra\u00dfe, auf dem Deich. Ich finde das faszinierend. Als ob dieser eine kleine Fr\u00fchlingsregen der letzte Ansto\u00df w\u00e4re. Oder die Sonne schien an diesem Tag gerade so viel, dass all die Mohnblumen gemeinsam thought: &quot;Das ist der Moment&quot;. Ein magischer Moment. Ein Moment, den man in Ehren halten sollte, denn der zarte Mohn bl\u00fcht nur f\u00fcr kurze Zeit. Einrahmung Sie k\u00f6nnen die Mohnblumen auch gerahmt kaufen. Senden Sie eine E-Mail mit der Nummer der Mohnblume und der Bitte, sie eingerahmt zu erhalten. Der Preis f\u00fcr einen gerahmten Druck mit Aluminiumrahmen betr\u00e4gt 165 \u20ac. Buchen Sie Ich habe diese ganze Serie in einem Buch gesammelt. Das Buch ist hier noch erh\u00e4ltlich.\" \/>\n<meta property=\"og:url\" content=\"https:\/\/www.juulrameau.com\/product\/101-mohnblumen-78\/\" \/>\n<meta property=\"og:site_name\" content=\"Juul Rameau\" \/>\n<meta property=\"article:modified_time\" content=\"2024-05-07T13:57:31+00:00\" \/>\n<meta property=\"og:image\" content=\"https:\/\/www.juulrameau.com\/wp-content\/uploads\/2023\/09\/101_papavers_poppys_studio_juul_rameau_art_grafiek_printmaking_078.jpg\" \/>\n\t<meta property=\"og:image:width\" content=\"795\" \/>\n\t<meta property=\"og:image:height\" content=\"800\" \/>\n\t<meta property=\"og:image:type\" content=\"image\/jpeg\" \/>\n<meta name=\"twitter:card\" content=\"summary_large_image\" \/>\n<script type=\"application\/ld+json\" class=\"yoast-schema-graph\">{\"@context\":\"https:\\\/\\\/schema.org\",\"@graph\":[{\"@type\":\"WebPage\",\"@id\":\"https:\\\/\\\/www.juulrameau.com\\\/product\\\/101-mohnblumen-78\\\/\",\"url\":\"https:\\\/\\\/www.juulrameau.com\\\/product\\\/101-mohnblumen-78\\\/\",\"name\":\"101 Mohnblumen - #78 - Juul Rameau\",\"isPartOf\":{\"@id\":\"https:\\\/\\\/www.juulrameau.com\\\/#website\"},\"primaryImageOfPage\":{\"@id\":\"https:\\\/\\\/www.juulrameau.com\\\/product\\\/101-mohnblumen-78\\\/#primaryimage\"},\"image\":{\"@id\":\"https:\\\/\\\/www.juulrameau.com\\\/product\\\/101-mohnblumen-78\\\/#primaryimage\"},\"thumbnailUrl\":\"https:\\\/\\\/www.juulrameau.com\\\/wp-content\\\/uploads\\\/2023\\\/09\\\/101_papavers_poppys_studio_juul_rameau_art_grafiek_printmaking_078.jpg\",\"datePublished\":\"2023-09-29T19:43:19+00:00\",\"dateModified\":\"2024-05-07T13:57:31+00:00\",\"breadcrumb\":{\"@id\":\"https:\\\/\\\/www.juulrameau.com\\\/product\\\/101-mohnblumen-78\\\/#breadcrumb\"},\"inLanguage\":\"en-US\",\"potentialAction\":[{\"@type\":\"ReadAction\",\"target\":[\"https:\\\/\\\/www.juulrameau.com\\\/product\\\/101-mohnblumen-78\\\/\"]}]},{\"@type\":\"ImageObject\",\"inLanguage\":\"en-US\",\"@id\":\"https:\\\/\\\/www.juulrameau.com\\\/product\\\/101-mohnblumen-78\\\/#primaryimage\",\"url\":\"https:\\\/\\\/www.juulrameau.com\\\/wp-content\\\/uploads\\\/2023\\\/09\\\/101_papavers_poppys_studio_juul_rameau_art_grafiek_printmaking_078.jpg\",\"contentUrl\":\"https:\\\/\\\/www.juulrameau.com\\\/wp-content\\\/uploads\\\/2023\\\/09\\\/101_papavers_poppys_studio_juul_rameau_art_grafiek_printmaking_078.jpg\",\"width\":795,\"height\":800},{\"@type\":\"BreadcrumbList\",\"@id\":\"https:\\\/\\\/www.juulrameau.com\\\/product\\\/101-mohnblumen-78\\\/#breadcrumb\",\"itemListElement\":[{\"@type\":\"ListItem\",\"position\":1,\"name\":\"Home\",\"item\":\"https:\\\/\\\/www.juulrameau.com\\\/en\\\/\"},{\"@type\":\"ListItem\",\"position\":2,\"name\":\"Shop\",\"item\":\"https:\\\/\\\/www.juulrameau.com\\\/en\\\/shop\\\/\"},{\"@type\":\"ListItem\",\"position\":3,\"name\":\"101 Mohnblumen &#8211; #78\"}]},{\"@type\":\"WebSite\",\"@id\":\"https:\\\/\\\/www.juulrameau.com\\\/#website\",\"url\":\"https:\\\/\\\/www.juulrameau.com\\\/\",\"name\":\"Juul Rameau\",\"description\":\"\",\"publisher\":{\"@id\":\"https:\\\/\\\/www.juulrameau.com\\\/#organization\"},\"potentialAction\":[{\"@type\":\"SearchAction\",\"target\":{\"@type\":\"EntryPoint\",\"urlTemplate\":\"https:\\\/\\\/www.juulrameau.com\\\/?s={search_term_string}\"},\"query-input\":{\"@type\":\"PropertyValueSpecification\",\"valueRequired\":true,\"valueName\":\"search_term_string\"}}],\"inLanguage\":\"en-US\"},{\"@type\":\"Organization\",\"@id\":\"https:\\\/\\\/www.juulrameau.com\\\/#organization\",\"name\":\"Juul Rameau\",\"url\":\"https:\\\/\\\/www.juulrameau.com\\\/\",\"logo\":{\"@type\":\"ImageObject\",\"inLanguage\":\"en-US\",\"@id\":\"https:\\\/\\\/www.juulrameau.com\\\/#\\\/schema\\\/logo\\\/image\\\/\",\"url\":\"https:\\\/\\\/www.juulrameau.com\\\/wp-content\\\/uploads\\\/2023\\\/12\\\/logo-koper-zonder-rand.png\",\"contentUrl\":\"https:\\\/\\\/www.juulrameau.com\\\/wp-content\\\/uploads\\\/2023\\\/12\\\/logo-koper-zonder-rand.png\",\"width\":1920,\"height\":612,\"caption\":\"Juul Rameau\"},\"image\":{\"@id\":\"https:\\\/\\\/www.juulrameau.com\\\/#\\\/schema\\\/logo\\\/image\\\/\"}}]}<\/script>\n<!-- \/ Yoast SEO plugin. -->","yoast_head_json":{"title":"101 Mohnblumen - #78 - Juul Rameau","robots":{"index":"index","follow":"follow","max-snippet":"max-snippet:-1","max-image-preview":"max-image-preview:large","max-video-preview":"max-video-preview:-1"},"canonical":"https:\/\/www.juulrameau.com\/product\/101-mohnblumen-78\/","og_locale":"en_US","og_type":"article","og_title":"101 Mohnblumen - #78 - Juul Rameau","og_description":"\u00c4tzen 10 x 10 cm In Auflage von 3 Hanemuhle Paper Ein magischer Moment Kurz bevor der Sommer beginnt, sind die Mohnblumen an einem Tag nicht da, und am n\u00e4chsten Tag sehe ich sie pl\u00f6tzlich \u00fcberall. Im Park, entlang der Stra\u00dfe, auf dem Deich. Ich finde das faszinierend. Als ob dieser eine kleine Fr\u00fchlingsregen der letzte Ansto\u00df w\u00e4re. Oder die Sonne schien an diesem Tag gerade so viel, dass all die Mohnblumen gemeinsam thought: \"Das ist der Moment\". Ein magischer Moment. Ein Moment, den man in Ehren halten sollte, denn der zarte Mohn bl\u00fcht nur f\u00fcr kurze Zeit. Einrahmung Sie k\u00f6nnen die Mohnblumen auch gerahmt kaufen. Senden Sie eine E-Mail mit der Nummer der Mohnblume und der Bitte, sie eingerahmt zu erhalten. Der Preis f\u00fcr einen gerahmten Druck mit Aluminiumrahmen betr\u00e4gt 165 \u20ac. Buchen Sie Ich habe diese ganze Serie in einem Buch gesammelt. Das Buch ist hier noch erh\u00e4ltlich.","og_url":"https:\/\/www.juulrameau.com\/product\/101-mohnblumen-78\/","og_site_name":"Juul Rameau","article_modified_time":"2024-05-07T13:57:31+00:00","og_image":[{"width":795,"height":800,"url":"https:\/\/www.juulrameau.com\/wp-content\/uploads\/2023\/09\/101_papavers_poppys_studio_juul_rameau_art_grafiek_printmaking_078.jpg","type":"image\/jpeg"}],"twitter_card":"summary_large_image","schema":{"@context":"https:\/\/schema.org","@graph":[{"@type":"WebPage","@id":"https:\/\/www.juulrameau.com\/product\/101-mohnblumen-78\/","url":"https:\/\/www.juulrameau.com\/product\/101-mohnblumen-78\/","name":"101 Mohnblumen - #78 - Juul Rameau","isPartOf":{"@id":"https:\/\/www.juulrameau.com\/#website"},"primaryImageOfPage":{"@id":"https:\/\/www.juulrameau.com\/product\/101-mohnblumen-78\/#primaryimage"},"image":{"@id":"https:\/\/www.juulrameau.com\/product\/101-mohnblumen-78\/#primaryimage"},"thumbnailUrl":"https:\/\/www.juulrameau.com\/wp-content\/uploads\/2023\/09\/101_papavers_poppys_studio_juul_rameau_art_grafiek_printmaking_078.jpg","datePublished":"2023-09-29T19:43:19+00:00","dateModified":"2024-05-07T13:57:31+00:00","breadcrumb":{"@id":"https:\/\/www.juulrameau.com\/product\/101-mohnblumen-78\/#breadcrumb"},"inLanguage":"en-US","potentialAction":[{"@type":"ReadAction","target":["https:\/\/www.juulrameau.com\/product\/101-mohnblumen-78\/"]}]},{"@type":"ImageObject","inLanguage":"en-US","@id":"https:\/\/www.juulrameau.com\/product\/101-mohnblumen-78\/#primaryimage","url":"https:\/\/www.juulrameau.com\/wp-content\/uploads\/2023\/09\/101_papavers_poppys_studio_juul_rameau_art_grafiek_printmaking_078.jpg","contentUrl":"https:\/\/www.juulrameau.com\/wp-content\/uploads\/2023\/09\/101_papavers_poppys_studio_juul_rameau_art_grafiek_printmaking_078.jpg","width":795,"height":800},{"@type":"BreadcrumbList","@id":"https:\/\/www.juulrameau.com\/product\/101-mohnblumen-78\/#breadcrumb","itemListElement":[{"@type":"ListItem","position":1,"name":"Home","item":"https:\/\/www.juulrameau.com\/en\/"},{"@type":"ListItem","position":2,"name":"Shop","item":"https:\/\/www.juulrameau.com\/en\/shop\/"},{"@type":"ListItem","position":3,"name":"101 Mohnblumen &#8211; #78"}]},{"@type":"WebSite","@id":"https:\/\/www.juulrameau.com\/#website","url":"https:\/\/www.juulrameau.com\/","name":"Juul Rameau","description":"","publisher":{"@id":"https:\/\/www.juulrameau.com\/#organization"},"potentialAction":[{"@type":"SearchAction","target":{"@type":"EntryPoint","urlTemplate":"https:\/\/www.juulrameau.com\/?s={search_term_string}"},"query-input":{"@type":"PropertyValueSpecification","valueRequired":true,"valueName":"search_term_string"}}],"inLanguage":"en-US"},{"@type":"Organization","@id":"https:\/\/www.juulrameau.com\/#organization","name":"Juul Rameau","url":"https:\/\/www.juulrameau.com\/","logo":{"@type":"ImageObject","inLanguage":"en-US","@id":"https:\/\/www.juulrameau.com\/#\/schema\/logo\/image\/","url":"https:\/\/www.juulrameau.com\/wp-content\/uploads\/2023\/12\/logo-koper-zonder-rand.png","contentUrl":"https:\/\/www.juulrameau.com\/wp-content\/uploads\/2023\/12\/logo-koper-zonder-rand.png","width":1920,"height":612,"caption":"Juul Rameau"},"image":{"@id":"https:\/\/www.juulrameau.com\/#\/schema\/logo\/image\/"}}]}},"_links":{"self":[{"href":"https:\/\/www.juulrameau.com\/en\/wp-json\/wp\/v2\/product\/28583","targetHints":{"allow":["GET"]}}],"collection":[{"href":"https:\/\/www.juulrameau.com\/en\/wp-json\/wp\/v2\/product"}],"about":[{"href":"https:\/\/www.juulrameau.com\/en\/wp-json\/wp\/v2\/types\/product"}],"wp:featuredmedia":[{"embeddable":true,"href":"https:\/\/www.juulrameau.com\/en\/wp-json\/wp\/v2\/media\/27641"}],"wp:attachment":[{"href":"https:\/\/www.juulrameau.com\/en\/wp-json\/wp\/v2\/media?parent=28583"}],"wp:term":[{"taxonomy":"product_brand","embeddable":true,"href":"https:\/\/www.juulrameau.com\/en\/wp-json\/wp\/v2\/product_brand?post=28583"},{"taxonomy":"product_cat","embeddable":true,"href":"https:\/\/www.juulrameau.com\/en\/wp-json\/wp\/v2\/product_cat?post=28583"},{"taxonomy":"product_tag","embeddable":true,"href":"https:\/\/www.juulrameau.com\/en\/wp-json\/wp\/v2\/product_tag?post=28583"}],"curies":[{"name":"wp","href":"https:\/\/api.w.org\/{rel}","templated":true}]}}