{"id":30116,"date":"2025-01-05T20:42:37","date_gmt":"2025-01-05T19:42:37","guid":{"rendered":"https:\/\/www.juulrameau.com\/?post_type=product&#038;p=30116"},"modified":"2025-02-01T00:00:42","modified_gmt":"2025-01-31T23:00:42","slug":"botanica-fackel-kopie-kopie-kopie","status":"publish","type":"product","link":"https:\/\/www.juulrameau.com\/de\/produkt\/botanica-fackel-kopie-kopie-kopie\/","title":{"rendered":"Botanica Fackel (kopie) (kopie) (kopie)"},"content":{"rendered":"","protected":false},"excerpt":{"rendered":"<p><strong>Botanica Fackel<\/strong> Diese Objekte bereichern Strukturen im Garten, im B\u00fcrogarten oder auf dem Balkon.<br \/>\n<strong>Ein sch\u00f6nes Pl\u00e4tzchen f\u00fcr die Botanica<\/strong> Die Botanica kommt im Gr\u00fcnen, auf dem Rasen, im Beet, im B\u00fcrogarten oder zwischen Pflanzen wunderbar zur Geltung.<br \/>\n<strong>Aus welchem Material ist es gefertigt?<\/strong>  Die Botanica sind aus Cortenstahl gefertigt. Diese Art von Stahl bekommt eine sch\u00f6ne Rostschicht, wenn Sie ihn ins Freie stellen. Ideen zum Posten dieser Bilder finden Sie auf <a href=\"https:\/\/www.instagram.com\/studiojuulrameau\/\" target=\"_blank\" rel=\"noopener noreferrer\">Instagram<\/a>. Die Botanica wird sorgf\u00e4ltig mit einem Echtheitszertifikat versandt.<\/p>\n<p>M &#8211; 100 cm L &#8211; 150 cm<\/p>\n","protected":false},"featured_media":28946,"template":"","meta":{"_acf_changed":false,"site-sidebar-layout":"default","site-content-layout":"","ast-site-content-layout":"default","site-content-style":"default","site-sidebar-style":"default","ast-global-header-display":"","ast-banner-title-visibility":"","ast-main-header-display":"","ast-hfb-above-header-display":"","ast-hfb-below-header-display":"","ast-hfb-mobile-header-display":"","site-post-title":"","ast-breadcrumbs-content":"","ast-featured-img":"","footer-sml-layout":"","ast-disable-related-posts":"","theme-transparent-header-meta":"default","adv-header-id-meta":"","stick-header-meta":"","header-above-stick-meta":"","header-main-stick-meta":"","header-below-stick-meta":"","astra-migrate-meta-layouts":"set","ast-page-background-enabled":"default","ast-page-background-meta":{"desktop":{"background-color":"var(--ast-global-color-4)","background-image":"","background-repeat":"repeat","background-position":"center center","background-size":"auto","background-attachment":"scroll","background-type":"","background-media":"","overlay-type":"","overlay-color":"","overlay-opacity":"","overlay-gradient":""},"tablet":{"background-color":"","background-image":"","background-repeat":"repeat","background-position":"center center","background-size":"auto","background-attachment":"scroll","background-type":"","background-media":"","overlay-type":"","overlay-color":"","overlay-opacity":"","overlay-gradient":""},"mobile":{"background-color":"","background-image":"","background-repeat":"repeat","background-position":"center center","background-size":"auto","background-attachment":"scroll","background-type":"","background-media":"","overlay-type":"","overlay-color":"","overlay-opacity":"","overlay-gradient":""}},"ast-content-background-meta":{"desktop":{"background-color":"var(--ast-global-color-5)","background-image":"","background-repeat":"repeat","background-position":"center center","background-size":"auto","background-attachment":"scroll","background-type":"","background-media":"","overlay-type":"","overlay-color":"","overlay-opacity":"","overlay-gradient":""},"tablet":{"background-color":"var(--ast-global-color-5)","background-image":"","background-repeat":"repeat","background-position":"center center","background-size":"auto","background-attachment":"scroll","background-type":"","background-media":"","overlay-type":"","overlay-color":"","overlay-opacity":"","overlay-gradient":""},"mobile":{"background-color":"var(--ast-global-color-5)","background-image":"","background-repeat":"repeat","background-position":"center center","background-size":"auto","background-attachment":"scroll","background-type":"","background-media":"","overlay-type":"","overlay-color":"","overlay-opacity":"","overlay-gradient":""}}},"product_brand":[],"product_cat":[214],"product_tag":[218,215,202,221,222,223,224,205,207,216,217,208,219,220],"class_list":{"0":"post-30116","1":"product","2":"type-product","3":"status-publish","4":"has-post-thumbnail","6":"product_cat-botanica-skulpturen","7":"product_tag-218","8":"product_tag-botanica-de","9":"product_tag-cortens-stahl","10":"product_tag-fackel","11":"product_tag-gartenkunst","12":"product_tag-gartenobjekt","13":"product_tag-gartenskulptur-de","14":"product_tag-gartenskulptur","15":"product_tag-kunst-de","16":"product_tag-lavendel-de","17":"product_tag-lavendel-de-2","18":"product_tag-luxusdesign","19":"product_tag-skulptur","20":"product_tag-skulptur-de","21":"product_shipping_class-groses-paket","22":"desktop-align-left","23":"tablet-align-left","24":"mobile-align-left","26":"first","27":"instock","28":"taxable","29":"shipping-taxable","30":"purchasable","31":"product-type-simple"},"acf":[],"yoast_head":"<!-- This site is optimized with the Yoast SEO plugin v27.4 - https:\/\/yoast.com\/product\/yoast-seo-wordpress\/ -->\n<title>Botanica Fackel (kopie) (kopie) (kopie) - Juul Rameau<\/title>\n<meta name=\"robots\" content=\"index, follow, max-snippet:-1, max-image-preview:large, max-video-preview:-1\" \/>\n<link rel=\"canonical\" href=\"https:\/\/www.juulrameau.com\/?post_type=product&p=30114\" \/>\n<meta property=\"og:locale\" content=\"de_DE\" \/>\n<meta property=\"og:type\" content=\"article\" \/>\n<meta property=\"og:title\" content=\"Botanica Fackel (kopie) (kopie) (kopie) - Juul Rameau\" \/>\n<meta property=\"og:description\" content=\"Botanica Fackel Diese Objekte bereichern Strukturen im Garten, im B\u00fcrogarten oder auf dem Balkon. Ein sch\u00f6nes Pl\u00e4tzchen f\u00fcr die Botanica Die Botanica kommt im Gr\u00fcnen, auf dem Rasen, im Beet, im B\u00fcrogarten oder zwischen Pflanzen wunderbar zur Geltung. Aus welchem Material ist es gefertigt? Die Botanica sind aus Cortenstahl gefertigt. Diese Art von Stahl bekommt eine sch\u00f6ne Rostschicht, wenn Sie ihn ins Freie stellen. Ideen zum Posten dieser Bilder finden Sie auf Instagram. Die Botanica wird sorgf\u00e4ltig mit einem Echtheitszertifikat versandt. M - 100 cm L - 150 cm\" \/>\n<meta property=\"og:url\" content=\"https:\/\/www.juulrameau.com\/?post_type=product&amp;p=30114\" \/>\n<meta property=\"og:site_name\" content=\"Juul Rameau\" \/>\n<meta property=\"article:modified_time\" content=\"2025-01-31T23:00:42+00:00\" \/>\n<meta property=\"og:image\" content=\"https:\/\/www.juulrameau.com\/wp-content\/uploads\/2024\/04\/2404-blog-juul-rameau-beelden-en-bomen-10.jpg\" \/>\n\t<meta property=\"og:image:width\" content=\"1000\" \/>\n\t<meta property=\"og:image:height\" content=\"667\" \/>\n\t<meta property=\"og:image:type\" content=\"image\/jpeg\" \/>\n<meta name=\"twitter:card\" content=\"summary_large_image\" \/>\n<script type=\"application\/ld+json\" class=\"yoast-schema-graph\">{\"@context\":\"https:\\\/\\\/schema.org\",\"@graph\":[{\"@type\":\"WebPage\",\"@id\":\"https:\\\/\\\/www.juulrameau.com\\\/?post_type=product&p=30114\",\"url\":\"https:\\\/\\\/www.juulrameau.com\\\/?post_type=product&p=30114\",\"name\":\"Botanica Fackel (kopie) (kopie) (kopie) - Juul Rameau\",\"isPartOf\":{\"@id\":\"https:\\\/\\\/www.juulrameau.com\\\/#website\"},\"primaryImageOfPage\":{\"@id\":\"https:\\\/\\\/www.juulrameau.com\\\/?post_type=product&p=30114#primaryimage\"},\"image\":{\"@id\":\"https:\\\/\\\/www.juulrameau.com\\\/?post_type=product&p=30114#primaryimage\"},\"thumbnailUrl\":\"https:\\\/\\\/www.juulrameau.com\\\/wp-content\\\/uploads\\\/2024\\\/04\\\/2404-blog-juul-rameau-beelden-en-bomen-10.jpg\",\"datePublished\":\"2025-01-05T19:42:37+00:00\",\"dateModified\":\"2025-01-31T23:00:42+00:00\",\"breadcrumb\":{\"@id\":\"https:\\\/\\\/www.juulrameau.com\\\/?post_type=product&p=30114#breadcrumb\"},\"inLanguage\":\"de\",\"potentialAction\":[{\"@type\":\"ReadAction\",\"target\":[\"https:\\\/\\\/www.juulrameau.com\\\/?post_type=product&p=30114\"]}]},{\"@type\":\"ImageObject\",\"inLanguage\":\"de\",\"@id\":\"https:\\\/\\\/www.juulrameau.com\\\/?post_type=product&p=30114#primaryimage\",\"url\":\"https:\\\/\\\/www.juulrameau.com\\\/wp-content\\\/uploads\\\/2024\\\/04\\\/2404-blog-juul-rameau-beelden-en-bomen-10.jpg\",\"contentUrl\":\"https:\\\/\\\/www.juulrameau.com\\\/wp-content\\\/uploads\\\/2024\\\/04\\\/2404-blog-juul-rameau-beelden-en-bomen-10.jpg\",\"width\":1000,\"height\":667},{\"@type\":\"BreadcrumbList\",\"@id\":\"https:\\\/\\\/www.juulrameau.com\\\/?post_type=product&p=30114#breadcrumb\",\"itemListElement\":[{\"@type\":\"ListItem\",\"position\":1,\"name\":\"Home\",\"item\":\"https:\\\/\\\/www.juulrameau.com\\\/de\\\/\"},{\"@type\":\"ListItem\",\"position\":2,\"name\":\"Shop\",\"item\":\"https:\\\/\\\/www.juulrameau.com\\\/de\\\/shop\\\/\"},{\"@type\":\"ListItem\",\"position\":3,\"name\":\"Botanica Fackel (kopie) (kopie) (kopie)\"}]},{\"@type\":\"WebSite\",\"@id\":\"https:\\\/\\\/www.juulrameau.com\\\/#website\",\"url\":\"https:\\\/\\\/www.juulrameau.com\\\/\",\"name\":\"Juul Rameau\",\"description\":\"\",\"potentialAction\":[{\"@type\":\"SearchAction\",\"target\":{\"@type\":\"EntryPoint\",\"urlTemplate\":\"https:\\\/\\\/www.juulrameau.com\\\/?s={search_term_string}\"},\"query-input\":{\"@type\":\"PropertyValueSpecification\",\"valueRequired\":true,\"valueName\":\"search_term_string\"}}],\"inLanguage\":\"de\"}]}<\/script>\n<!-- \/ Yoast SEO plugin. -->","yoast_head_json":{"title":"Botanica Fackel (kopie) (kopie) (kopie) - Juul Rameau","robots":{"index":"index","follow":"follow","max-snippet":"max-snippet:-1","max-image-preview":"max-image-preview:large","max-video-preview":"max-video-preview:-1"},"canonical":"https:\/\/www.juulrameau.com\/?post_type=product&p=30114","og_locale":"de_DE","og_type":"article","og_title":"Botanica Fackel (kopie) (kopie) (kopie) - Juul Rameau","og_description":"Botanica Fackel Diese Objekte bereichern Strukturen im Garten, im B\u00fcrogarten oder auf dem Balkon. Ein sch\u00f6nes Pl\u00e4tzchen f\u00fcr die Botanica Die Botanica kommt im Gr\u00fcnen, auf dem Rasen, im Beet, im B\u00fcrogarten oder zwischen Pflanzen wunderbar zur Geltung. Aus welchem Material ist es gefertigt? Die Botanica sind aus Cortenstahl gefertigt. Diese Art von Stahl bekommt eine sch\u00f6ne Rostschicht, wenn Sie ihn ins Freie stellen. Ideen zum Posten dieser Bilder finden Sie auf Instagram. Die Botanica wird sorgf\u00e4ltig mit einem Echtheitszertifikat versandt. M - 100 cm L - 150 cm","og_url":"https:\/\/www.juulrameau.com\/?post_type=product&p=30114","og_site_name":"Juul Rameau","article_modified_time":"2025-01-31T23:00:42+00:00","og_image":[{"width":1000,"height":667,"url":"https:\/\/www.juulrameau.com\/wp-content\/uploads\/2024\/04\/2404-blog-juul-rameau-beelden-en-bomen-10.jpg","type":"image\/jpeg"}],"twitter_card":"summary_large_image","schema":{"@context":"https:\/\/schema.org","@graph":[{"@type":"WebPage","@id":"https:\/\/www.juulrameau.com\/?post_type=product&p=30114","url":"https:\/\/www.juulrameau.com\/?post_type=product&p=30114","name":"Botanica Fackel (kopie) (kopie) (kopie) - Juul Rameau","isPartOf":{"@id":"https:\/\/www.juulrameau.com\/#website"},"primaryImageOfPage":{"@id":"https:\/\/www.juulrameau.com\/?post_type=product&p=30114#primaryimage"},"image":{"@id":"https:\/\/www.juulrameau.com\/?post_type=product&p=30114#primaryimage"},"thumbnailUrl":"https:\/\/www.juulrameau.com\/wp-content\/uploads\/2024\/04\/2404-blog-juul-rameau-beelden-en-bomen-10.jpg","datePublished":"2025-01-05T19:42:37+00:00","dateModified":"2025-01-31T23:00:42+00:00","breadcrumb":{"@id":"https:\/\/www.juulrameau.com\/?post_type=product&p=30114#breadcrumb"},"inLanguage":"de","potentialAction":[{"@type":"ReadAction","target":["https:\/\/www.juulrameau.com\/?post_type=product&p=30114"]}]},{"@type":"ImageObject","inLanguage":"de","@id":"https:\/\/www.juulrameau.com\/?post_type=product&p=30114#primaryimage","url":"https:\/\/www.juulrameau.com\/wp-content\/uploads\/2024\/04\/2404-blog-juul-rameau-beelden-en-bomen-10.jpg","contentUrl":"https:\/\/www.juulrameau.com\/wp-content\/uploads\/2024\/04\/2404-blog-juul-rameau-beelden-en-bomen-10.jpg","width":1000,"height":667},{"@type":"BreadcrumbList","@id":"https:\/\/www.juulrameau.com\/?post_type=product&p=30114#breadcrumb","itemListElement":[{"@type":"ListItem","position":1,"name":"Home","item":"https:\/\/www.juulrameau.com\/de\/"},{"@type":"ListItem","position":2,"name":"Shop","item":"https:\/\/www.juulrameau.com\/de\/shop\/"},{"@type":"ListItem","position":3,"name":"Botanica Fackel (kopie) (kopie) (kopie)"}]},{"@type":"WebSite","@id":"https:\/\/www.juulrameau.com\/#website","url":"https:\/\/www.juulrameau.com\/","name":"Juul Rameau","description":"","potentialAction":[{"@type":"SearchAction","target":{"@type":"EntryPoint","urlTemplate":"https:\/\/www.juulrameau.com\/?s={search_term_string}"},"query-input":{"@type":"PropertyValueSpecification","valueRequired":true,"valueName":"search_term_string"}}],"inLanguage":"de"}]}},"_links":{"self":[{"href":"https:\/\/www.juulrameau.com\/de\/wp-json\/wp\/v2\/product\/30116","targetHints":{"allow":["GET"]}}],"collection":[{"href":"https:\/\/www.juulrameau.com\/de\/wp-json\/wp\/v2\/product"}],"about":[{"href":"https:\/\/www.juulrameau.com\/de\/wp-json\/wp\/v2\/types\/product"}],"wp:featuredmedia":[{"embeddable":true,"href":"https:\/\/www.juulrameau.com\/de\/wp-json\/wp\/v2\/media\/28946"}],"wp:attachment":[{"href":"https:\/\/www.juulrameau.com\/de\/wp-json\/wp\/v2\/media?parent=30116"}],"wp:term":[{"taxonomy":"product_brand","embeddable":true,"href":"https:\/\/www.juulrameau.com\/de\/wp-json\/wp\/v2\/product_brand?post=30116"},{"taxonomy":"product_cat","embeddable":true,"href":"https:\/\/www.juulrameau.com\/de\/wp-json\/wp\/v2\/product_cat?post=30116"},{"taxonomy":"product_tag","embeddable":true,"href":"https:\/\/www.juulrameau.com\/de\/wp-json\/wp\/v2\/product_tag?post=30116"}],"curies":[{"name":"wp","href":"https:\/\/api.w.org\/{rel}","templated":true}]}}