{"id":29838,"date":"2023-09-29T19:43:19","date_gmt":"2023-09-29T17:43:19","guid":{"rendered":"https:\/\/www.juulrameau.com\/product\/botanik-22006\/"},"modified":"2023-09-29T19:43:19","modified_gmt":"2023-09-29T17:43:19","slug":"botanik-22006","status":"publish","type":"product","link":"https:\/\/www.juulrameau.com\/de\/produkt\/botanik-22006\/","title":{"rendered":"Botanik #22006"},"content":{"rendered":"","protected":false},"excerpt":{"rendered":"<p>Sie kennen wahrscheinlich die Botanica-Skulpturen f\u00fcr den Garten von mir. Was Sie vielleicht nicht wissen, ist, dass ich einen Abschluss in Grafik, d.h. Druckgrafik, gemacht habe. Mit dieser Serie kehren wir f\u00fcr eine Weile zu den Wurzeln zur\u00fcck.<\/p>\n<blockquote><p>Botanica f\u00fcr die Wand.<br \/>\nEs gibt nur 1 St\u00fcck von jedem Druck, weg = weg.<\/p><\/blockquote>\n<p>Druck: 64 x 46 cm<br \/>\nAuflage: Unica (1 St\u00fcck, 1\/1)<br \/>\nJahr: 2022<br \/>\nTechnik: Cortenstahldruck, Monodruck auf Papier<\/p>\n<p>&nbsp;<\/p>\n<p style=\"padding-left: 40px;\">Bitte beachten Sie, ungerahmt: Nach Absprache kann das Werk gerahmt werden. Die Kosten h\u00e4ngen von der Liste ab. Z.B. Holz oder T\u00fcnche.<br \/>\nDie letzten 2 Bilder sind hinzugef\u00fcgt, um eine Vorstellung von der Gr\u00f6\u00dfe des Drucks zu bekommen.<\/p>\n<p>&nbsp;<\/p>\n","protected":false},"featured_media":29840,"template":"","meta":{"_acf_changed":false,"site-sidebar-layout":"default","site-content-layout":"","ast-site-content-layout":"default","site-content-style":"default","site-sidebar-style":"default","ast-global-header-display":"","ast-banner-title-visibility":"","ast-main-header-display":"","ast-hfb-above-header-display":"","ast-hfb-below-header-display":"","ast-hfb-mobile-header-display":"","site-post-title":"","ast-breadcrumbs-content":"","ast-featured-img":"","footer-sml-layout":"","ast-disable-related-posts":"","theme-transparent-header-meta":"","adv-header-id-meta":"","stick-header-meta":"","header-above-stick-meta":"","header-main-stick-meta":"","header-below-stick-meta":"","astra-migrate-meta-layouts":"default","ast-page-background-enabled":"default","ast-page-background-meta":{"desktop":{"background-color":"var(--ast-global-color-4)","background-image":"","background-repeat":"repeat","background-position":"center center","background-size":"auto","background-attachment":"scroll","background-type":"","background-media":"","overlay-type":"","overlay-color":"","overlay-opacity":"","overlay-gradient":""},"tablet":{"background-color":"","background-image":"","background-repeat":"repeat","background-position":"center center","background-size":"auto","background-attachment":"scroll","background-type":"","background-media":"","overlay-type":"","overlay-color":"","overlay-opacity":"","overlay-gradient":""},"mobile":{"background-color":"","background-image":"","background-repeat":"repeat","background-position":"center center","background-size":"auto","background-attachment":"scroll","background-type":"","background-media":"","overlay-type":"","overlay-color":"","overlay-opacity":"","overlay-gradient":""}},"ast-content-background-meta":{"desktop":{"background-color":"var(--ast-global-color-5)","background-image":"","background-repeat":"repeat","background-position":"center center","background-size":"auto","background-attachment":"scroll","background-type":"","background-media":"","overlay-type":"","overlay-color":"","overlay-opacity":"","overlay-gradient":""},"tablet":{"background-color":"var(--ast-global-color-5)","background-image":"","background-repeat":"repeat","background-position":"center center","background-size":"auto","background-attachment":"scroll","background-type":"","background-media":"","overlay-type":"","overlay-color":"","overlay-opacity":"","overlay-gradient":""},"mobile":{"background-color":"var(--ast-global-color-5)","background-image":"","background-repeat":"repeat","background-position":"center center","background-size":"auto","background-attachment":"scroll","background-type":"","background-media":"","overlay-type":"","overlay-color":"","overlay-opacity":"","overlay-gradient":""}}},"product_brand":[],"product_cat":[227],"product_tag":[229,215,228,204,230],"class_list":{"0":"post-29838","1":"product","2":"type-product","3":"status-publish","4":"has-post-thumbnail","6":"product_cat-grafiken-aus-diepenheim","7":"product_tag-an-der-wand","8":"product_tag-botanica-de","9":"product_tag-buchdruck","10":"product_tag-grafik","11":"product_tag-monoprint-de","12":"product_shipping_class-groses-paket","13":"desktop-align-left","14":"tablet-align-left","15":"mobile-align-left","17":"first","18":"instock","19":"taxable","20":"shipping-taxable","21":"purchasable","22":"product-type-simple"},"acf":[],"yoast_head":"<!-- This site is optimized with the Yoast SEO plugin v27.4 - https:\/\/yoast.com\/product\/yoast-seo-wordpress\/ -->\n<title>Botanik #22006 - Juul Rameau<\/title>\n<meta name=\"robots\" content=\"index, follow, max-snippet:-1, max-image-preview:large, max-video-preview:-1\" \/>\n<link rel=\"canonical\" href=\"https:\/\/www.juulrameau.com\/produkt\/botanica-22006\/\" \/>\n<meta property=\"og:locale\" content=\"de_DE\" \/>\n<meta property=\"og:type\" content=\"article\" \/>\n<meta property=\"og:title\" content=\"Botanik #22006 - Juul Rameau\" \/>\n<meta property=\"og:description\" content=\"Sie kennen wahrscheinlich die Botanica-Skulpturen f\u00fcr den Garten von mir. Was Sie vielleicht nicht wissen, ist, dass ich einen Abschluss in Grafik, d.h. Druckgrafik, gemacht habe. Mit dieser Serie kehren wir f\u00fcr eine Weile zu den Wurzeln zur\u00fcck. Botanica f\u00fcr die Wand. Es gibt nur 1 St\u00fcck von jedem Druck, weg = weg. Druck: 64 x 46 cm Auflage: Unica (1 St\u00fcck, 1\/1) Jahr: 2022 Technik: Cortenstahldruck, Monodruck auf Papier &nbsp; Bitte beachten Sie, ungerahmt: Nach Absprache kann das Werk gerahmt werden. Die Kosten h\u00e4ngen von der Liste ab. Z.B. Holz oder T\u00fcnche. Die letzten 2 Bilder sind hinzugef\u00fcgt, um eine Vorstellung von der Gr\u00f6\u00dfe des Drucks zu bekommen. &nbsp;\" \/>\n<meta property=\"og:url\" content=\"https:\/\/www.juulrameau.com\/produkt\/botanica-22006\/\" \/>\n<meta property=\"og:site_name\" content=\"Juul Rameau\" \/>\n<meta property=\"og:image\" content=\"https:\/\/www.juulrameau.com\/wp-content\/uploads\/2023\/09\/sh_2022_juul_rameau_botanica_printmakingbiophilic_design_monoprint22006-1.jpeg\" \/>\n\t<meta property=\"og:image:width\" content=\"1920\" \/>\n\t<meta property=\"og:image:height\" content=\"1920\" \/>\n\t<meta property=\"og:image:type\" content=\"image\/jpeg\" \/>\n<meta name=\"twitter:card\" content=\"summary_large_image\" \/>\n<script type=\"application\/ld+json\" class=\"yoast-schema-graph\">{\"@context\":\"https:\\\/\\\/schema.org\",\"@graph\":[{\"@type\":\"WebPage\",\"@id\":\"https:\\\/\\\/www.juulrameau.com\\\/produkt\\\/botanica-22006\\\/\",\"url\":\"https:\\\/\\\/www.juulrameau.com\\\/produkt\\\/botanica-22006\\\/\",\"name\":\"Botanik #22006 - Juul Rameau\",\"isPartOf\":{\"@id\":\"https:\\\/\\\/www.juulrameau.com\\\/#website\"},\"primaryImageOfPage\":{\"@id\":\"https:\\\/\\\/www.juulrameau.com\\\/produkt\\\/botanica-22006\\\/#primaryimage\"},\"image\":{\"@id\":\"https:\\\/\\\/www.juulrameau.com\\\/produkt\\\/botanica-22006\\\/#primaryimage\"},\"thumbnailUrl\":\"https:\\\/\\\/www.juulrameau.com\\\/wp-content\\\/uploads\\\/2023\\\/09\\\/sh_2022_juul_rameau_botanica_printmakingbiophilic_design_monoprint22006-1.jpeg\",\"datePublished\":\"2023-09-29T17:43:19+00:00\",\"breadcrumb\":{\"@id\":\"https:\\\/\\\/www.juulrameau.com\\\/produkt\\\/botanica-22006\\\/#breadcrumb\"},\"inLanguage\":\"de\",\"potentialAction\":[{\"@type\":\"ReadAction\",\"target\":[\"https:\\\/\\\/www.juulrameau.com\\\/produkt\\\/botanica-22006\\\/\"]}]},{\"@type\":\"ImageObject\",\"inLanguage\":\"de\",\"@id\":\"https:\\\/\\\/www.juulrameau.com\\\/produkt\\\/botanica-22006\\\/#primaryimage\",\"url\":\"https:\\\/\\\/www.juulrameau.com\\\/wp-content\\\/uploads\\\/2023\\\/09\\\/sh_2022_juul_rameau_botanica_printmakingbiophilic_design_monoprint22006-1.jpeg\",\"contentUrl\":\"https:\\\/\\\/www.juulrameau.com\\\/wp-content\\\/uploads\\\/2023\\\/09\\\/sh_2022_juul_rameau_botanica_printmakingbiophilic_design_monoprint22006-1.jpeg\",\"width\":1920,\"height\":1920},{\"@type\":\"BreadcrumbList\",\"@id\":\"https:\\\/\\\/www.juulrameau.com\\\/produkt\\\/botanica-22006\\\/#breadcrumb\",\"itemListElement\":[{\"@type\":\"ListItem\",\"position\":1,\"name\":\"Home\",\"item\":\"https:\\\/\\\/www.juulrameau.com\\\/de\\\/\"},{\"@type\":\"ListItem\",\"position\":2,\"name\":\"Shop\",\"item\":\"https:\\\/\\\/www.juulrameau.com\\\/de\\\/shop\\\/\"},{\"@type\":\"ListItem\",\"position\":3,\"name\":\"Botanik #22006\"}]},{\"@type\":\"WebSite\",\"@id\":\"https:\\\/\\\/www.juulrameau.com\\\/#website\",\"url\":\"https:\\\/\\\/www.juulrameau.com\\\/\",\"name\":\"Juul Rameau\",\"description\":\"\",\"potentialAction\":[{\"@type\":\"SearchAction\",\"target\":{\"@type\":\"EntryPoint\",\"urlTemplate\":\"https:\\\/\\\/www.juulrameau.com\\\/?s={search_term_string}\"},\"query-input\":{\"@type\":\"PropertyValueSpecification\",\"valueRequired\":true,\"valueName\":\"search_term_string\"}}],\"inLanguage\":\"de\"}]}<\/script>\n<!-- \/ Yoast SEO plugin. -->","yoast_head_json":{"title":"Botanik #22006 - Juul Rameau","robots":{"index":"index","follow":"follow","max-snippet":"max-snippet:-1","max-image-preview":"max-image-preview:large","max-video-preview":"max-video-preview:-1"},"canonical":"https:\/\/www.juulrameau.com\/produkt\/botanica-22006\/","og_locale":"de_DE","og_type":"article","og_title":"Botanik #22006 - Juul Rameau","og_description":"Sie kennen wahrscheinlich die Botanica-Skulpturen f\u00fcr den Garten von mir. Was Sie vielleicht nicht wissen, ist, dass ich einen Abschluss in Grafik, d.h. Druckgrafik, gemacht habe. Mit dieser Serie kehren wir f\u00fcr eine Weile zu den Wurzeln zur\u00fcck. Botanica f\u00fcr die Wand. Es gibt nur 1 St\u00fcck von jedem Druck, weg = weg. Druck: 64 x 46 cm Auflage: Unica (1 St\u00fcck, 1\/1) Jahr: 2022 Technik: Cortenstahldruck, Monodruck auf Papier &nbsp; Bitte beachten Sie, ungerahmt: Nach Absprache kann das Werk gerahmt werden. Die Kosten h\u00e4ngen von der Liste ab. Z.B. Holz oder T\u00fcnche. Die letzten 2 Bilder sind hinzugef\u00fcgt, um eine Vorstellung von der Gr\u00f6\u00dfe des Drucks zu bekommen. &nbsp;","og_url":"https:\/\/www.juulrameau.com\/produkt\/botanica-22006\/","og_site_name":"Juul Rameau","og_image":[{"width":1920,"height":1920,"url":"https:\/\/www.juulrameau.com\/wp-content\/uploads\/2023\/09\/sh_2022_juul_rameau_botanica_printmakingbiophilic_design_monoprint22006-1.jpeg","type":"image\/jpeg"}],"twitter_card":"summary_large_image","schema":{"@context":"https:\/\/schema.org","@graph":[{"@type":"WebPage","@id":"https:\/\/www.juulrameau.com\/produkt\/botanica-22006\/","url":"https:\/\/www.juulrameau.com\/produkt\/botanica-22006\/","name":"Botanik #22006 - Juul Rameau","isPartOf":{"@id":"https:\/\/www.juulrameau.com\/#website"},"primaryImageOfPage":{"@id":"https:\/\/www.juulrameau.com\/produkt\/botanica-22006\/#primaryimage"},"image":{"@id":"https:\/\/www.juulrameau.com\/produkt\/botanica-22006\/#primaryimage"},"thumbnailUrl":"https:\/\/www.juulrameau.com\/wp-content\/uploads\/2023\/09\/sh_2022_juul_rameau_botanica_printmakingbiophilic_design_monoprint22006-1.jpeg","datePublished":"2023-09-29T17:43:19+00:00","breadcrumb":{"@id":"https:\/\/www.juulrameau.com\/produkt\/botanica-22006\/#breadcrumb"},"inLanguage":"de","potentialAction":[{"@type":"ReadAction","target":["https:\/\/www.juulrameau.com\/produkt\/botanica-22006\/"]}]},{"@type":"ImageObject","inLanguage":"de","@id":"https:\/\/www.juulrameau.com\/produkt\/botanica-22006\/#primaryimage","url":"https:\/\/www.juulrameau.com\/wp-content\/uploads\/2023\/09\/sh_2022_juul_rameau_botanica_printmakingbiophilic_design_monoprint22006-1.jpeg","contentUrl":"https:\/\/www.juulrameau.com\/wp-content\/uploads\/2023\/09\/sh_2022_juul_rameau_botanica_printmakingbiophilic_design_monoprint22006-1.jpeg","width":1920,"height":1920},{"@type":"BreadcrumbList","@id":"https:\/\/www.juulrameau.com\/produkt\/botanica-22006\/#breadcrumb","itemListElement":[{"@type":"ListItem","position":1,"name":"Home","item":"https:\/\/www.juulrameau.com\/de\/"},{"@type":"ListItem","position":2,"name":"Shop","item":"https:\/\/www.juulrameau.com\/de\/shop\/"},{"@type":"ListItem","position":3,"name":"Botanik #22006"}]},{"@type":"WebSite","@id":"https:\/\/www.juulrameau.com\/#website","url":"https:\/\/www.juulrameau.com\/","name":"Juul Rameau","description":"","potentialAction":[{"@type":"SearchAction","target":{"@type":"EntryPoint","urlTemplate":"https:\/\/www.juulrameau.com\/?s={search_term_string}"},"query-input":{"@type":"PropertyValueSpecification","valueRequired":true,"valueName":"search_term_string"}}],"inLanguage":"de"}]}},"_links":{"self":[{"href":"https:\/\/www.juulrameau.com\/de\/wp-json\/wp\/v2\/product\/29838","targetHints":{"allow":["GET"]}}],"collection":[{"href":"https:\/\/www.juulrameau.com\/de\/wp-json\/wp\/v2\/product"}],"about":[{"href":"https:\/\/www.juulrameau.com\/de\/wp-json\/wp\/v2\/types\/product"}],"wp:featuredmedia":[{"embeddable":true,"href":"https:\/\/www.juulrameau.com\/de\/wp-json\/wp\/v2\/media\/29840"}],"wp:attachment":[{"href":"https:\/\/www.juulrameau.com\/de\/wp-json\/wp\/v2\/media?parent=29838"}],"wp:term":[{"taxonomy":"product_brand","embeddable":true,"href":"https:\/\/www.juulrameau.com\/de\/wp-json\/wp\/v2\/product_brand?post=29838"},{"taxonomy":"product_cat","embeddable":true,"href":"https:\/\/www.juulrameau.com\/de\/wp-json\/wp\/v2\/product_cat?post=29838"},{"taxonomy":"product_tag","embeddable":true,"href":"https:\/\/www.juulrameau.com\/de\/wp-json\/wp\/v2\/product_tag?post=29838"}],"curies":[{"name":"wp","href":"https:\/\/api.w.org\/{rel}","templated":true}]}}