{"id":29792,"date":"2023-09-29T19:42:57","date_gmt":"2023-09-29T17:42:57","guid":{"rendered":"https:\/\/www.juulrameau.com\/product\/tour-dart\/"},"modified":"2023-09-29T19:42:57","modified_gmt":"2023-09-29T17:42:57","slug":"tour-dart","status":"publish","type":"product","link":"https:\/\/www.juulrameau.com\/de\/produkt\/tour-dart\/","title":{"rendered":"Tour d&#8217;art"},"content":{"rendered":"","protected":false},"excerpt":{"rendered":"<p><a href=\"https:\/\/www.juulrameau.com\/wp-content\/uploads\/2020\/06\/TOUR-D-ART-Natuurlijk-fietsen-Fietsroute-rondom-Eindhoven-Studio-Juul-Rameau.pdf\">HIER HERUNTERLADEN<\/a><\/p>\n<p>Oder bestellen Sie unten eine sch\u00f6ne gedruckte Version.<\/p>\n<h1>Fahrradroute rund um Eindhoven<\/h1>\n<p>Das Studio Juul Rameau hat vier gro\u00dfe \u00f6ffentliche Kunstwerke in der Region Eindhoven aufgestellt. Sie k\u00f6nnen also alle vier davon besuchen. Sie liegen sogar in Fahrradentfernung zueinander! Wir haben eine \u00dcbersicht der Fahrradkunstroute f\u00fcr Sie erstellt. 40 km durch die Landschaft von Brabant und entlang der Werke.<\/p>\n<h2>Radfahrer-Knotenpunkte<\/h2>\n<p>Diese Route nutzt die vorhandenen Fahrradknotenpunkte. Sie k\u00f6nnen die App<a href=\"https:\/\/www.fietsknoop.nl\" target=\"_blank\" rel=\"noopener noreferrer\">&#8222;fietsknoop<\/a>&#8220; herunterladen, um die Route noch einfacher zu fahren.<\/p>\n<p>Viel Spa\u00df beim Radfahren!<\/p>\n<p>&nbsp;<\/p>\n","protected":false},"featured_media":29798,"template":"","meta":{"_acf_changed":false,"site-sidebar-layout":"default","site-content-layout":"","ast-site-content-layout":"default","site-content-style":"default","site-sidebar-style":"default","ast-global-header-display":"","ast-banner-title-visibility":"","ast-main-header-display":"","ast-hfb-above-header-display":"","ast-hfb-below-header-display":"","ast-hfb-mobile-header-display":"","site-post-title":"","ast-breadcrumbs-content":"","ast-featured-img":"","footer-sml-layout":"","ast-disable-related-posts":"","theme-transparent-header-meta":"","adv-header-id-meta":"","stick-header-meta":"","header-above-stick-meta":"","header-main-stick-meta":"","header-below-stick-meta":"","astra-migrate-meta-layouts":"default","ast-page-background-enabled":"default","ast-page-background-meta":{"desktop":{"background-color":"var(--ast-global-color-4)","background-image":"","background-repeat":"repeat","background-position":"center center","background-size":"auto","background-attachment":"scroll","background-type":"","background-media":"","overlay-type":"","overlay-color":"","overlay-opacity":"","overlay-gradient":""},"tablet":{"background-color":"","background-image":"","background-repeat":"repeat","background-position":"center center","background-size":"auto","background-attachment":"scroll","background-type":"","background-media":"","overlay-type":"","overlay-color":"","overlay-opacity":"","overlay-gradient":""},"mobile":{"background-color":"","background-image":"","background-repeat":"repeat","background-position":"center center","background-size":"auto","background-attachment":"scroll","background-type":"","background-media":"","overlay-type":"","overlay-color":"","overlay-opacity":"","overlay-gradient":""}},"ast-content-background-meta":{"desktop":{"background-color":"var(--ast-global-color-5)","background-image":"","background-repeat":"repeat","background-position":"center center","background-size":"auto","background-attachment":"scroll","background-type":"","background-media":"","overlay-type":"","overlay-color":"","overlay-opacity":"","overlay-gradient":""},"tablet":{"background-color":"var(--ast-global-color-5)","background-image":"","background-repeat":"repeat","background-position":"center center","background-size":"auto","background-attachment":"scroll","background-type":"","background-media":"","overlay-type":"","overlay-color":"","overlay-opacity":"","overlay-gradient":""},"mobile":{"background-color":"var(--ast-global-color-5)","background-image":"","background-repeat":"repeat","background-position":"center center","background-size":"auto","background-attachment":"scroll","background-type":"","background-media":"","overlay-type":"","overlay-color":"","overlay-opacity":"","overlay-gradient":""}}},"product_brand":[],"product_cat":[243],"product_tag":[],"class_list":{"0":"post-29792","1":"product","2":"type-product","3":"status-publish","4":"has-post-thumbnail","6":"product_cat-skulpturen","7":"product_shipping_class-groses-paket","8":"desktop-align-left","9":"tablet-align-left","10":"mobile-align-left","12":"first","13":"instock","14":"virtual","15":"taxable","16":"purchasable","17":"product-type-simple"},"acf":[],"yoast_head":"<!-- This site is optimized with the Yoast SEO plugin v27.6 - https:\/\/yoast.com\/product\/yoast-seo-wordpress\/ -->\n<title>Tour d&#039;art - Juul Rameau<\/title>\n<meta name=\"robots\" content=\"index, follow, max-snippet:-1, max-image-preview:large, max-video-preview:-1\" \/>\n<link rel=\"canonical\" href=\"https:\/\/www.juulrameau.com\/produkt\/tour-dart\/\" \/>\n<meta property=\"og:locale\" content=\"de_DE\" \/>\n<meta property=\"og:type\" content=\"article\" \/>\n<meta property=\"og:title\" content=\"Tour d&#039;art - Juul Rameau\" \/>\n<meta property=\"og:description\" content=\"HIER HERUNTERLADEN Oder bestellen Sie unten eine sch\u00f6ne gedruckte Version. Fahrradroute rund um Eindhoven Das Studio Juul Rameau hat vier gro\u00dfe \u00f6ffentliche Kunstwerke in der Region Eindhoven aufgestellt. Sie k\u00f6nnen also alle vier davon besuchen. Sie liegen sogar in Fahrradentfernung zueinander! Wir haben eine \u00dcbersicht der Fahrradkunstroute f\u00fcr Sie erstellt. 40 km durch die Landschaft von Brabant und entlang der Werke. Radfahrer-Knotenpunkte Diese Route nutzt die vorhandenen Fahrradknotenpunkte. Sie k\u00f6nnen die App&quot;fietsknoop&quot; herunterladen, um die Route noch einfacher zu fahren. Viel Spa\u00df beim Radfahren! &nbsp;\" \/>\n<meta property=\"og:url\" content=\"https:\/\/www.juulrameau.com\/produkt\/tour-dart\/\" \/>\n<meta property=\"og:site_name\" content=\"Juul Rameau\" \/>\n<meta property=\"og:image\" content=\"https:\/\/www.juulrameau.com\/wp-content\/uploads\/2023\/09\/tour_dart_studio_juul_rameau_fietsroute_eindhoven_natuurlijk_fietsen.jpg\" \/>\n\t<meta property=\"og:image:width\" content=\"1000\" \/>\n\t<meta property=\"og:image:height\" content=\"750\" \/>\n\t<meta property=\"og:image:type\" content=\"image\/jpeg\" \/>\n<meta name=\"twitter:card\" content=\"summary_large_image\" \/>\n<script type=\"application\/ld+json\" class=\"yoast-schema-graph\">{\"@context\":\"https:\\\/\\\/schema.org\",\"@graph\":[{\"@type\":\"WebPage\",\"@id\":\"https:\\\/\\\/www.juulrameau.com\\\/produkt\\\/tour-dart\\\/\",\"url\":\"https:\\\/\\\/www.juulrameau.com\\\/produkt\\\/tour-dart\\\/\",\"name\":\"Tour d'art - Juul Rameau\",\"isPartOf\":{\"@id\":\"https:\\\/\\\/www.juulrameau.com\\\/#website\"},\"primaryImageOfPage\":{\"@id\":\"https:\\\/\\\/www.juulrameau.com\\\/produkt\\\/tour-dart\\\/#primaryimage\"},\"image\":{\"@id\":\"https:\\\/\\\/www.juulrameau.com\\\/produkt\\\/tour-dart\\\/#primaryimage\"},\"thumbnailUrl\":\"https:\\\/\\\/www.juulrameau.com\\\/wp-content\\\/uploads\\\/2023\\\/09\\\/tour_dart_studio_juul_rameau_fietsroute_eindhoven_natuurlijk_fietsen.jpg\",\"datePublished\":\"2023-09-29T17:42:57+00:00\",\"breadcrumb\":{\"@id\":\"https:\\\/\\\/www.juulrameau.com\\\/produkt\\\/tour-dart\\\/#breadcrumb\"},\"inLanguage\":\"de\",\"potentialAction\":[{\"@type\":\"ReadAction\",\"target\":[\"https:\\\/\\\/www.juulrameau.com\\\/produkt\\\/tour-dart\\\/\"]}]},{\"@type\":\"ImageObject\",\"inLanguage\":\"de\",\"@id\":\"https:\\\/\\\/www.juulrameau.com\\\/produkt\\\/tour-dart\\\/#primaryimage\",\"url\":\"https:\\\/\\\/www.juulrameau.com\\\/wp-content\\\/uploads\\\/2023\\\/09\\\/tour_dart_studio_juul_rameau_fietsroute_eindhoven_natuurlijk_fietsen.jpg\",\"contentUrl\":\"https:\\\/\\\/www.juulrameau.com\\\/wp-content\\\/uploads\\\/2023\\\/09\\\/tour_dart_studio_juul_rameau_fietsroute_eindhoven_natuurlijk_fietsen.jpg\",\"width\":1000,\"height\":750},{\"@type\":\"BreadcrumbList\",\"@id\":\"https:\\\/\\\/www.juulrameau.com\\\/produkt\\\/tour-dart\\\/#breadcrumb\",\"itemListElement\":[{\"@type\":\"ListItem\",\"position\":1,\"name\":\"Home\",\"item\":\"https:\\\/\\\/www.juulrameau.com\\\/de\\\/\"},{\"@type\":\"ListItem\",\"position\":2,\"name\":\"Shop\",\"item\":\"https:\\\/\\\/www.juulrameau.com\\\/de\\\/shop\\\/\"},{\"@type\":\"ListItem\",\"position\":3,\"name\":\"Tour d&#8217;art\"}]},{\"@type\":\"WebSite\",\"@id\":\"https:\\\/\\\/www.juulrameau.com\\\/#website\",\"url\":\"https:\\\/\\\/www.juulrameau.com\\\/\",\"name\":\"Juul Rameau\",\"description\":\"\",\"potentialAction\":[{\"@type\":\"SearchAction\",\"target\":{\"@type\":\"EntryPoint\",\"urlTemplate\":\"https:\\\/\\\/www.juulrameau.com\\\/?s={search_term_string}\"},\"query-input\":{\"@type\":\"PropertyValueSpecification\",\"valueRequired\":true,\"valueName\":\"search_term_string\"}}],\"inLanguage\":\"de\"}]}<\/script>\n<!-- \/ Yoast SEO plugin. -->","yoast_head_json":{"title":"Tour d'art - Juul Rameau","robots":{"index":"index","follow":"follow","max-snippet":"max-snippet:-1","max-image-preview":"max-image-preview:large","max-video-preview":"max-video-preview:-1"},"canonical":"https:\/\/www.juulrameau.com\/produkt\/tour-dart\/","og_locale":"de_DE","og_type":"article","og_title":"Tour d'art - Juul Rameau","og_description":"HIER HERUNTERLADEN Oder bestellen Sie unten eine sch\u00f6ne gedruckte Version. Fahrradroute rund um Eindhoven Das Studio Juul Rameau hat vier gro\u00dfe \u00f6ffentliche Kunstwerke in der Region Eindhoven aufgestellt. Sie k\u00f6nnen also alle vier davon besuchen. Sie liegen sogar in Fahrradentfernung zueinander! Wir haben eine \u00dcbersicht der Fahrradkunstroute f\u00fcr Sie erstellt. 40 km durch die Landschaft von Brabant und entlang der Werke. Radfahrer-Knotenpunkte Diese Route nutzt die vorhandenen Fahrradknotenpunkte. Sie k\u00f6nnen die App\"fietsknoop\" herunterladen, um die Route noch einfacher zu fahren. Viel Spa\u00df beim Radfahren! &nbsp;","og_url":"https:\/\/www.juulrameau.com\/produkt\/tour-dart\/","og_site_name":"Juul Rameau","og_image":[{"width":1000,"height":750,"url":"https:\/\/www.juulrameau.com\/wp-content\/uploads\/2023\/09\/tour_dart_studio_juul_rameau_fietsroute_eindhoven_natuurlijk_fietsen.jpg","type":"image\/jpeg"}],"twitter_card":"summary_large_image","schema":{"@context":"https:\/\/schema.org","@graph":[{"@type":"WebPage","@id":"https:\/\/www.juulrameau.com\/produkt\/tour-dart\/","url":"https:\/\/www.juulrameau.com\/produkt\/tour-dart\/","name":"Tour d'art - Juul Rameau","isPartOf":{"@id":"https:\/\/www.juulrameau.com\/#website"},"primaryImageOfPage":{"@id":"https:\/\/www.juulrameau.com\/produkt\/tour-dart\/#primaryimage"},"image":{"@id":"https:\/\/www.juulrameau.com\/produkt\/tour-dart\/#primaryimage"},"thumbnailUrl":"https:\/\/www.juulrameau.com\/wp-content\/uploads\/2023\/09\/tour_dart_studio_juul_rameau_fietsroute_eindhoven_natuurlijk_fietsen.jpg","datePublished":"2023-09-29T17:42:57+00:00","breadcrumb":{"@id":"https:\/\/www.juulrameau.com\/produkt\/tour-dart\/#breadcrumb"},"inLanguage":"de","potentialAction":[{"@type":"ReadAction","target":["https:\/\/www.juulrameau.com\/produkt\/tour-dart\/"]}]},{"@type":"ImageObject","inLanguage":"de","@id":"https:\/\/www.juulrameau.com\/produkt\/tour-dart\/#primaryimage","url":"https:\/\/www.juulrameau.com\/wp-content\/uploads\/2023\/09\/tour_dart_studio_juul_rameau_fietsroute_eindhoven_natuurlijk_fietsen.jpg","contentUrl":"https:\/\/www.juulrameau.com\/wp-content\/uploads\/2023\/09\/tour_dart_studio_juul_rameau_fietsroute_eindhoven_natuurlijk_fietsen.jpg","width":1000,"height":750},{"@type":"BreadcrumbList","@id":"https:\/\/www.juulrameau.com\/produkt\/tour-dart\/#breadcrumb","itemListElement":[{"@type":"ListItem","position":1,"name":"Home","item":"https:\/\/www.juulrameau.com\/de\/"},{"@type":"ListItem","position":2,"name":"Shop","item":"https:\/\/www.juulrameau.com\/de\/shop\/"},{"@type":"ListItem","position":3,"name":"Tour d&#8217;art"}]},{"@type":"WebSite","@id":"https:\/\/www.juulrameau.com\/#website","url":"https:\/\/www.juulrameau.com\/","name":"Juul Rameau","description":"","potentialAction":[{"@type":"SearchAction","target":{"@type":"EntryPoint","urlTemplate":"https:\/\/www.juulrameau.com\/?s={search_term_string}"},"query-input":{"@type":"PropertyValueSpecification","valueRequired":true,"valueName":"search_term_string"}}],"inLanguage":"de"}]}},"_links":{"self":[{"href":"https:\/\/www.juulrameau.com\/de\/wp-json\/wp\/v2\/product\/29792","targetHints":{"allow":["GET"]}}],"collection":[{"href":"https:\/\/www.juulrameau.com\/de\/wp-json\/wp\/v2\/product"}],"about":[{"href":"https:\/\/www.juulrameau.com\/de\/wp-json\/wp\/v2\/types\/product"}],"wp:featuredmedia":[{"embeddable":true,"href":"https:\/\/www.juulrameau.com\/de\/wp-json\/wp\/v2\/media\/29798"}],"wp:attachment":[{"href":"https:\/\/www.juulrameau.com\/de\/wp-json\/wp\/v2\/media?parent=29792"}],"wp:term":[{"taxonomy":"product_brand","embeddable":true,"href":"https:\/\/www.juulrameau.com\/de\/wp-json\/wp\/v2\/product_brand?post=29792"},{"taxonomy":"product_cat","embeddable":true,"href":"https:\/\/www.juulrameau.com\/de\/wp-json\/wp\/v2\/product_cat?post=29792"},{"taxonomy":"product_tag","embeddable":true,"href":"https:\/\/www.juulrameau.com\/de\/wp-json\/wp\/v2\/product_tag?post=29792"}],"curies":[{"name":"wp","href":"https:\/\/api.w.org\/{rel}","templated":true}]}}