{"id":29721,"date":"2024-05-04T09:32:05","date_gmt":"2024-05-04T09:32:05","guid":{"rendered":"https:\/\/www.juulrameau.com\/product\/botanica-kugel-miniatur\/"},"modified":"2024-05-04T09:32:05","modified_gmt":"2024-05-04T07:32:05","slug":"botanica-kugel-miniatur","status":"publish","type":"product","link":"https:\/\/www.juulrameau.com\/de\/produkt\/botanica-kugel-miniatur\/","title":{"rendered":"Botanica Kugel &#8211; Miniatur"},"content":{"rendered":"<p>Wussten Sie, dass die Botanica auch aus Cortenstahl hergestellt werden? Sie haben einen robusten, rostigen Look, der sich im Garten, im B\u00fcrogarten oder auf dem Balkon wohlf\u00fchlt und gleichzeitig eine sch\u00f6ne Erg\u00e4nzung zum Gr\u00fcn darstellt.<\/p>\n","protected":false},"excerpt":{"rendered":"<p><strong>Botanica Bulb<br \/>\n<\/strong>Die Botanica f\u00fchlt sich an vielen Orten zu Hause, zum Beispiel zwischen Ihren Pflanzen oder an der Wand.<\/p>\n<p><strong>Material und Gr\u00f6\u00dfe<\/strong><br \/>\nJede Botanica ist einzigartig. Sie werden von Hand patiniert (gef\u00e4rbt), was bedeutet, dass es einige Farbunterschiede geben kann. Die Patinierung verleiht dem Edelstahl ein mattes hellgoldenes bis braunes Aussehen mit blauen und violetten Akzenten. Die Botanica sind 31 cm hoch und passen durch den Briefkasten.<\/p>\n<p><strong>Wussten Sie schon&#8230;<\/strong><br \/>\n&#8230;Der Botanica wird auch in gr\u00f6\u00dferen Gr\u00f6\u00dfen aus Cortenstahl hergestellt. Sie haben einen robusten, rostigen Look und f\u00fchlen sich im Garten, im B\u00fcrogarten oder auf dem Balkon sehr wohl und sind eine sch\u00f6ne Erg\u00e4nzung zum Gr\u00fcn.<\/p>\n","protected":false},"featured_media":29720,"template":"","meta":{"_acf_changed":false,"site-sidebar-layout":"default","site-content-layout":"","ast-site-content-layout":"default","site-content-style":"default","site-sidebar-style":"default","ast-global-header-display":"","ast-banner-title-visibility":"","ast-main-header-display":"","ast-hfb-above-header-display":"","ast-hfb-below-header-display":"","ast-hfb-mobile-header-display":"","site-post-title":"","ast-breadcrumbs-content":"","ast-featured-img":"","footer-sml-layout":"","ast-disable-related-posts":"","theme-transparent-header-meta":"default","adv-header-id-meta":"","stick-header-meta":"","header-above-stick-meta":"","header-main-stick-meta":"","header-below-stick-meta":"","astra-migrate-meta-layouts":"default","ast-page-background-enabled":"default","ast-page-background-meta":{"desktop":{"background-color":"var(--ast-global-color-4)","background-image":"","background-repeat":"repeat","background-position":"center center","background-size":"auto","background-attachment":"scroll","background-type":"","background-media":"","overlay-type":"","overlay-color":"","overlay-opacity":"","overlay-gradient":""},"tablet":{"background-color":"","background-image":"","background-repeat":"repeat","background-position":"center center","background-size":"auto","background-attachment":"scroll","background-type":"","background-media":"","overlay-type":"","overlay-color":"","overlay-opacity":"","overlay-gradient":""},"mobile":{"background-color":"","background-image":"","background-repeat":"repeat","background-position":"center center","background-size":"auto","background-attachment":"scroll","background-type":"","background-media":"","overlay-type":"","overlay-color":"","overlay-opacity":"","overlay-gradient":""}},"ast-content-background-meta":{"desktop":{"background-color":"var(--ast-global-color-5)","background-image":"","background-repeat":"repeat","background-position":"center center","background-size":"auto","background-attachment":"scroll","background-type":"","background-media":"","overlay-type":"","overlay-color":"","overlay-opacity":"","overlay-gradient":""},"tablet":{"background-color":"var(--ast-global-color-5)","background-image":"","background-repeat":"repeat","background-position":"center center","background-size":"auto","background-attachment":"scroll","background-type":"","background-media":"","overlay-type":"","overlay-color":"","overlay-opacity":"","overlay-gradient":""},"mobile":{"background-color":"var(--ast-global-color-5)","background-image":"","background-repeat":"repeat","background-position":"center center","background-size":"auto","background-attachment":"scroll","background-type":"","background-media":"","overlay-type":"","overlay-color":"","overlay-opacity":"","overlay-gradient":""}}},"product_brand":[],"product_cat":[244],"product_tag":[],"class_list":{"0":"post-29721","1":"product","2":"type-product","3":"status-publish","4":"has-post-thumbnail","6":"product_cat-botanica-miniaturen-de","7":"product_shipping_class-briefkasten-briefpost","8":"desktop-align-left","9":"tablet-align-left","10":"mobile-align-left","12":"first","13":"instock","14":"taxable","15":"shipping-taxable","16":"purchasable","17":"product-type-simple"},"acf":[],"yoast_head":"<!-- This site is optimized with the Yoast SEO plugin v27.5 - https:\/\/yoast.com\/product\/yoast-seo-wordpress\/ -->\n<title>Botanica Kugel - Miniatur - Juul Rameau<\/title>\n<meta name=\"robots\" content=\"index, follow, max-snippet:-1, max-image-preview:large, max-video-preview:-1\" \/>\n<link rel=\"canonical\" href=\"https:\/\/www.juulrameau.com\/de\/produkt\/botanica-kugel-miniatur\/\" \/>\n<meta property=\"og:locale\" content=\"de_DE\" \/>\n<meta property=\"og:type\" content=\"article\" \/>\n<meta property=\"og:title\" content=\"Botanica Kugel - Miniatur - Juul Rameau\" \/>\n<meta property=\"og:description\" content=\"Botanica Bulb Die Botanica f\u00fchlt sich an vielen Orten zu Hause, zum Beispiel zwischen Ihren Pflanzen oder an der Wand. Material und Gr\u00f6\u00dfe Jede Botanica ist einzigartig. Sie werden von Hand patiniert (gef\u00e4rbt), was bedeutet, dass es einige Farbunterschiede geben kann. Die Patinierung verleiht dem Edelstahl ein mattes hellgoldenes bis braunes Aussehen mit blauen und violetten Akzenten. Die Botanica sind 31 cm hoch und passen durch den Briefkasten. Wussten Sie schon... ...Der Botanica wird auch in gr\u00f6\u00dferen Gr\u00f6\u00dfen aus Cortenstahl hergestellt. Sie haben einen robusten, rostigen Look und f\u00fchlen sich im Garten, im B\u00fcrogarten oder auf dem Balkon sehr wohl und sind eine sch\u00f6ne Erg\u00e4nzung zum Gr\u00fcn.\" \/>\n<meta property=\"og:url\" content=\"https:\/\/www.juulrameau.com\/de\/produkt\/botanica-kugel-miniatur\/\" \/>\n<meta property=\"og:site_name\" content=\"Juul Rameau\" \/>\n<meta property=\"og:image\" content=\"https:\/\/www.juulrameau.com\/wp-content\/uploads\/2024\/05\/sh_botanica_miniaturen_studio_juul_rameau_bol_vk.jpg\" \/>\n\t<meta property=\"og:image:width\" content=\"1000\" \/>\n\t<meta property=\"og:image:height\" content=\"1000\" \/>\n\t<meta property=\"og:image:type\" content=\"image\/jpeg\" \/>\n<meta name=\"twitter:card\" content=\"summary_large_image\" \/>\n<script type=\"application\/ld+json\" class=\"yoast-schema-graph\">{\"@context\":\"https:\\\/\\\/schema.org\",\"@graph\":[{\"@type\":\"WebPage\",\"@id\":\"https:\\\/\\\/www.juulrameau.com\\\/de\\\/produkt\\\/botanica-kugel-miniatur\\\/\",\"url\":\"https:\\\/\\\/www.juulrameau.com\\\/de\\\/produkt\\\/botanica-kugel-miniatur\\\/\",\"name\":\"Botanica Kugel - Miniatur - Juul Rameau\",\"isPartOf\":{\"@id\":\"https:\\\/\\\/www.juulrameau.com\\\/#website\"},\"primaryImageOfPage\":{\"@id\":\"https:\\\/\\\/www.juulrameau.com\\\/de\\\/produkt\\\/botanica-kugel-miniatur\\\/#primaryimage\"},\"image\":{\"@id\":\"https:\\\/\\\/www.juulrameau.com\\\/de\\\/produkt\\\/botanica-kugel-miniatur\\\/#primaryimage\"},\"thumbnailUrl\":\"https:\\\/\\\/www.juulrameau.com\\\/wp-content\\\/uploads\\\/2024\\\/05\\\/sh_botanica_miniaturen_studio_juul_rameau_bol_vk.jpg\",\"datePublished\":\"2024-05-04T09:32:05+00:00\",\"breadcrumb\":{\"@id\":\"https:\\\/\\\/www.juulrameau.com\\\/de\\\/produkt\\\/botanica-kugel-miniatur\\\/#breadcrumb\"},\"inLanguage\":\"de\",\"potentialAction\":[{\"@type\":\"ReadAction\",\"target\":[\"https:\\\/\\\/www.juulrameau.com\\\/de\\\/produkt\\\/botanica-kugel-miniatur\\\/\"]}]},{\"@type\":\"ImageObject\",\"inLanguage\":\"de\",\"@id\":\"https:\\\/\\\/www.juulrameau.com\\\/de\\\/produkt\\\/botanica-kugel-miniatur\\\/#primaryimage\",\"url\":\"https:\\\/\\\/www.juulrameau.com\\\/wp-content\\\/uploads\\\/2024\\\/05\\\/sh_botanica_miniaturen_studio_juul_rameau_bol_vk.jpg\",\"contentUrl\":\"https:\\\/\\\/www.juulrameau.com\\\/wp-content\\\/uploads\\\/2024\\\/05\\\/sh_botanica_miniaturen_studio_juul_rameau_bol_vk.jpg\",\"width\":1000,\"height\":1000},{\"@type\":\"BreadcrumbList\",\"@id\":\"https:\\\/\\\/www.juulrameau.com\\\/de\\\/produkt\\\/botanica-kugel-miniatur\\\/#breadcrumb\",\"itemListElement\":[{\"@type\":\"ListItem\",\"position\":1,\"name\":\"Home\",\"item\":\"https:\\\/\\\/www.juulrameau.com\\\/de\\\/\"},{\"@type\":\"ListItem\",\"position\":2,\"name\":\"Shop\",\"item\":\"https:\\\/\\\/www.juulrameau.com\\\/de\\\/shop\\\/\"},{\"@type\":\"ListItem\",\"position\":3,\"name\":\"Botanica Kugel &#8211; Miniatur\"}]},{\"@type\":\"WebSite\",\"@id\":\"https:\\\/\\\/www.juulrameau.com\\\/#website\",\"url\":\"https:\\\/\\\/www.juulrameau.com\\\/\",\"name\":\"Juul Rameau\",\"description\":\"\",\"potentialAction\":[{\"@type\":\"SearchAction\",\"target\":{\"@type\":\"EntryPoint\",\"urlTemplate\":\"https:\\\/\\\/www.juulrameau.com\\\/?s={search_term_string}\"},\"query-input\":{\"@type\":\"PropertyValueSpecification\",\"valueRequired\":true,\"valueName\":\"search_term_string\"}}],\"inLanguage\":\"de\"}]}<\/script>\n<!-- \/ Yoast SEO plugin. -->","yoast_head_json":{"title":"Botanica Kugel - Miniatur - Juul Rameau","robots":{"index":"index","follow":"follow","max-snippet":"max-snippet:-1","max-image-preview":"max-image-preview:large","max-video-preview":"max-video-preview:-1"},"canonical":"https:\/\/www.juulrameau.com\/de\/produkt\/botanica-kugel-miniatur\/","og_locale":"de_DE","og_type":"article","og_title":"Botanica Kugel - Miniatur - Juul Rameau","og_description":"Botanica Bulb Die Botanica f\u00fchlt sich an vielen Orten zu Hause, zum Beispiel zwischen Ihren Pflanzen oder an der Wand. Material und Gr\u00f6\u00dfe Jede Botanica ist einzigartig. Sie werden von Hand patiniert (gef\u00e4rbt), was bedeutet, dass es einige Farbunterschiede geben kann. Die Patinierung verleiht dem Edelstahl ein mattes hellgoldenes bis braunes Aussehen mit blauen und violetten Akzenten. Die Botanica sind 31 cm hoch und passen durch den Briefkasten. Wussten Sie schon... ...Der Botanica wird auch in gr\u00f6\u00dferen Gr\u00f6\u00dfen aus Cortenstahl hergestellt. Sie haben einen robusten, rostigen Look und f\u00fchlen sich im Garten, im B\u00fcrogarten oder auf dem Balkon sehr wohl und sind eine sch\u00f6ne Erg\u00e4nzung zum Gr\u00fcn.","og_url":"https:\/\/www.juulrameau.com\/de\/produkt\/botanica-kugel-miniatur\/","og_site_name":"Juul Rameau","og_image":[{"width":1000,"height":1000,"url":"https:\/\/www.juulrameau.com\/wp-content\/uploads\/2024\/05\/sh_botanica_miniaturen_studio_juul_rameau_bol_vk.jpg","type":"image\/jpeg"}],"twitter_card":"summary_large_image","schema":{"@context":"https:\/\/schema.org","@graph":[{"@type":"WebPage","@id":"https:\/\/www.juulrameau.com\/de\/produkt\/botanica-kugel-miniatur\/","url":"https:\/\/www.juulrameau.com\/de\/produkt\/botanica-kugel-miniatur\/","name":"Botanica Kugel - Miniatur - Juul Rameau","isPartOf":{"@id":"https:\/\/www.juulrameau.com\/#website"},"primaryImageOfPage":{"@id":"https:\/\/www.juulrameau.com\/de\/produkt\/botanica-kugel-miniatur\/#primaryimage"},"image":{"@id":"https:\/\/www.juulrameau.com\/de\/produkt\/botanica-kugel-miniatur\/#primaryimage"},"thumbnailUrl":"https:\/\/www.juulrameau.com\/wp-content\/uploads\/2024\/05\/sh_botanica_miniaturen_studio_juul_rameau_bol_vk.jpg","datePublished":"2024-05-04T09:32:05+00:00","breadcrumb":{"@id":"https:\/\/www.juulrameau.com\/de\/produkt\/botanica-kugel-miniatur\/#breadcrumb"},"inLanguage":"de","potentialAction":[{"@type":"ReadAction","target":["https:\/\/www.juulrameau.com\/de\/produkt\/botanica-kugel-miniatur\/"]}]},{"@type":"ImageObject","inLanguage":"de","@id":"https:\/\/www.juulrameau.com\/de\/produkt\/botanica-kugel-miniatur\/#primaryimage","url":"https:\/\/www.juulrameau.com\/wp-content\/uploads\/2024\/05\/sh_botanica_miniaturen_studio_juul_rameau_bol_vk.jpg","contentUrl":"https:\/\/www.juulrameau.com\/wp-content\/uploads\/2024\/05\/sh_botanica_miniaturen_studio_juul_rameau_bol_vk.jpg","width":1000,"height":1000},{"@type":"BreadcrumbList","@id":"https:\/\/www.juulrameau.com\/de\/produkt\/botanica-kugel-miniatur\/#breadcrumb","itemListElement":[{"@type":"ListItem","position":1,"name":"Home","item":"https:\/\/www.juulrameau.com\/de\/"},{"@type":"ListItem","position":2,"name":"Shop","item":"https:\/\/www.juulrameau.com\/de\/shop\/"},{"@type":"ListItem","position":3,"name":"Botanica Kugel &#8211; Miniatur"}]},{"@type":"WebSite","@id":"https:\/\/www.juulrameau.com\/#website","url":"https:\/\/www.juulrameau.com\/","name":"Juul Rameau","description":"","potentialAction":[{"@type":"SearchAction","target":{"@type":"EntryPoint","urlTemplate":"https:\/\/www.juulrameau.com\/?s={search_term_string}"},"query-input":{"@type":"PropertyValueSpecification","valueRequired":true,"valueName":"search_term_string"}}],"inLanguage":"de"}]}},"_links":{"self":[{"href":"https:\/\/www.juulrameau.com\/de\/wp-json\/wp\/v2\/product\/29721","targetHints":{"allow":["GET"]}}],"collection":[{"href":"https:\/\/www.juulrameau.com\/de\/wp-json\/wp\/v2\/product"}],"about":[{"href":"https:\/\/www.juulrameau.com\/de\/wp-json\/wp\/v2\/types\/product"}],"wp:featuredmedia":[{"embeddable":true,"href":"https:\/\/www.juulrameau.com\/de\/wp-json\/wp\/v2\/media\/29720"}],"wp:attachment":[{"href":"https:\/\/www.juulrameau.com\/de\/wp-json\/wp\/v2\/media?parent=29721"}],"wp:term":[{"taxonomy":"product_brand","embeddable":true,"href":"https:\/\/www.juulrameau.com\/de\/wp-json\/wp\/v2\/product_brand?post=29721"},{"taxonomy":"product_cat","embeddable":true,"href":"https:\/\/www.juulrameau.com\/de\/wp-json\/wp\/v2\/product_cat?post=29721"},{"taxonomy":"product_tag","embeddable":true,"href":"https:\/\/www.juulrameau.com\/de\/wp-json\/wp\/v2\/product_tag?post=29721"}],"curies":[{"name":"wp","href":"https:\/\/api.w.org\/{rel}","templated":true}]}}