{"id":29682,"date":"2023-09-29T19:51:25","date_gmt":"2023-09-29T19:51:25","guid":{"rendered":"https:\/\/www.juulrameau.com\/product\/botanica-loba\/"},"modified":"2023-09-29T19:51:25","modified_gmt":"2023-09-29T17:51:25","slug":"botanica-loba","status":"publish","type":"product","link":"https:\/\/www.juulrameau.com\/de\/produkt\/botanica-loba\/","title":{"rendered":"Botanica Loba"},"content":{"rendered":"","protected":false},"excerpt":{"rendered":"<p><strong>Botanica Loba<\/strong><br \/>\nDiese Objekte bereichern die Strukturen im Garten, im B\u00fcrogarten oder auf dem Balkon.<\/p>\n<p><strong>Ein sch\u00f6ner Platz f\u00fcr die Botanica<\/strong><br \/>\nDie Botanica sieht toll aus im Gr\u00fcnen, auf dem Rasen, im Beet, im B\u00fcrogarten oder zwischen Pflanzen.<\/p>\n<p><strong>Aus welchem Material ist es gefertigt?<\/strong><br \/>\nDie Botanica sind aus Cortenstahl gefertigt. Diese Art von Stahl bekommt eine sch\u00f6ne Rostschicht, wenn Sie ihn ins Freie stellen.<\/p>\n<p>Ideen zum Posten dieser Bilder finden Sie auf <a href=\"https:\/\/www.instagram.com\/studiojuulrameau\/\" target=\"_blank\" rel=\"noopener noreferrer\">Instagram<\/a>.<\/p>\n<p>M &#8211; 100 cm<br \/>\nL &#8211; 150 cm<\/p>\n","protected":false},"featured_media":29685,"template":"","meta":{"_acf_changed":false,"site-sidebar-layout":"default","site-content-layout":"","ast-site-content-layout":"default","site-content-style":"default","site-sidebar-style":"default","ast-global-header-display":"","ast-banner-title-visibility":"","ast-main-header-display":"","ast-hfb-above-header-display":"","ast-hfb-below-header-display":"","ast-hfb-mobile-header-display":"","site-post-title":"","ast-breadcrumbs-content":"","ast-featured-img":"","footer-sml-layout":"","ast-disable-related-posts":"","theme-transparent-header-meta":"default","adv-header-id-meta":"","stick-header-meta":"","header-above-stick-meta":"","header-main-stick-meta":"","header-below-stick-meta":"","astra-migrate-meta-layouts":"default","ast-page-background-enabled":"default","ast-page-background-meta":{"desktop":{"background-color":"var(--ast-global-color-4)","background-image":"","background-repeat":"repeat","background-position":"center center","background-size":"auto","background-attachment":"scroll","background-type":"","background-media":"","overlay-type":"","overlay-color":"","overlay-opacity":"","overlay-gradient":""},"tablet":{"background-color":"","background-image":"","background-repeat":"repeat","background-position":"center center","background-size":"auto","background-attachment":"scroll","background-type":"","background-media":"","overlay-type":"","overlay-color":"","overlay-opacity":"","overlay-gradient":""},"mobile":{"background-color":"","background-image":"","background-repeat":"repeat","background-position":"center center","background-size":"auto","background-attachment":"scroll","background-type":"","background-media":"","overlay-type":"","overlay-color":"","overlay-opacity":"","overlay-gradient":""}},"ast-content-background-meta":{"desktop":{"background-color":"var(--ast-global-color-5)","background-image":"","background-repeat":"repeat","background-position":"center center","background-size":"auto","background-attachment":"scroll","background-type":"","background-media":"","overlay-type":"","overlay-color":"","overlay-opacity":"","overlay-gradient":""},"tablet":{"background-color":"var(--ast-global-color-5)","background-image":"","background-repeat":"repeat","background-position":"center center","background-size":"auto","background-attachment":"scroll","background-type":"","background-media":"","overlay-type":"","overlay-color":"","overlay-opacity":"","overlay-gradient":""},"mobile":{"background-color":"var(--ast-global-color-5)","background-image":"","background-repeat":"repeat","background-position":"center center","background-size":"auto","background-attachment":"scroll","background-type":"","background-media":"","overlay-type":"","overlay-color":"","overlay-opacity":"","overlay-gradient":""}}},"product_brand":[],"product_cat":[214],"product_tag":[218,215,202,221,222,223,224,205,207,217,216,208,219,220],"class_list":{"0":"post-29682","1":"product","2":"type-product","3":"status-publish","4":"has-post-thumbnail","6":"product_cat-botanica-skulpturen","7":"product_tag-218","8":"product_tag-botanica-de","9":"product_tag-cortens-stahl","10":"product_tag-fackel","11":"product_tag-gartenkunst","12":"product_tag-gartenobjekt","13":"product_tag-gartenskulptur-de","14":"product_tag-gartenskulptur","15":"product_tag-kunst-de","16":"product_tag-lavendel-de-2","17":"product_tag-lavendel-de","18":"product_tag-luxusdesign","19":"product_tag-skulptur","20":"product_tag-skulptur-de","21":"desktop-align-left","22":"tablet-align-left","23":"mobile-align-left","25":"first","26":"instock","27":"taxable","28":"shipping-taxable","29":"purchasable","30":"product-type-variable"},"acf":[],"yoast_head":"<!-- This site is optimized with the Yoast SEO plugin v27.4 - https:\/\/yoast.com\/product\/yoast-seo-wordpress\/ -->\n<title>Botanica Loba - Juul Rameau<\/title>\n<meta name=\"robots\" content=\"index, follow, max-snippet:-1, max-image-preview:large, max-video-preview:-1\" \/>\n<link rel=\"canonical\" href=\"https:\/\/www.juulrameau.com\/produkt\/botanica-loba\/\" \/>\n<meta property=\"og:locale\" content=\"de_DE\" \/>\n<meta property=\"og:type\" content=\"article\" \/>\n<meta property=\"og:title\" content=\"Botanica Loba - Juul Rameau\" \/>\n<meta property=\"og:description\" content=\"Botanica Loba Diese Objekte bereichern die Strukturen im Garten, im B\u00fcrogarten oder auf dem Balkon. Ein sch\u00f6ner Platz f\u00fcr die Botanica Die Botanica sieht toll aus im Gr\u00fcnen, auf dem Rasen, im Beet, im B\u00fcrogarten oder zwischen Pflanzen. Aus welchem Material ist es gefertigt? Die Botanica sind aus Cortenstahl gefertigt. Diese Art von Stahl bekommt eine sch\u00f6ne Rostschicht, wenn Sie ihn ins Freie stellen. Ideen zum Posten dieser Bilder finden Sie auf Instagram. M - 100 cm L - 150 cm\" \/>\n<meta property=\"og:url\" content=\"https:\/\/www.juulrameau.com\/produkt\/botanica-loba\/\" \/>\n<meta property=\"og:site_name\" content=\"Juul Rameau\" \/>\n<meta property=\"og:image\" content=\"https:\/\/www.juulrameau.com\/wp-content\/uploads\/2023\/09\/Botanica-Loba_studio_juul_rameau_lr_001.jpg\" \/>\n\t<meta property=\"og:image:width\" content=\"1440\" \/>\n\t<meta property=\"og:image:height\" content=\"1920\" \/>\n\t<meta property=\"og:image:type\" content=\"image\/jpeg\" \/>\n<meta name=\"twitter:card\" content=\"summary_large_image\" \/>\n<script type=\"application\/ld+json\" class=\"yoast-schema-graph\">{\"@context\":\"https:\\\/\\\/schema.org\",\"@graph\":[{\"@type\":\"WebPage\",\"@id\":\"https:\\\/\\\/www.juulrameau.com\\\/produkt\\\/botanica-loba\\\/\",\"url\":\"https:\\\/\\\/www.juulrameau.com\\\/produkt\\\/botanica-loba\\\/\",\"name\":\"Botanica Loba - Juul Rameau\",\"isPartOf\":{\"@id\":\"https:\\\/\\\/www.juulrameau.com\\\/#website\"},\"primaryImageOfPage\":{\"@id\":\"https:\\\/\\\/www.juulrameau.com\\\/produkt\\\/botanica-loba\\\/#primaryimage\"},\"image\":{\"@id\":\"https:\\\/\\\/www.juulrameau.com\\\/produkt\\\/botanica-loba\\\/#primaryimage\"},\"thumbnailUrl\":\"https:\\\/\\\/www.juulrameau.com\\\/wp-content\\\/uploads\\\/2023\\\/09\\\/Botanica-Loba_studio_juul_rameau_lr_001.jpg\",\"datePublished\":\"2023-09-29T19:51:25+00:00\",\"breadcrumb\":{\"@id\":\"https:\\\/\\\/www.juulrameau.com\\\/produkt\\\/botanica-loba\\\/#breadcrumb\"},\"inLanguage\":\"de\",\"potentialAction\":[{\"@type\":\"ReadAction\",\"target\":[\"https:\\\/\\\/www.juulrameau.com\\\/produkt\\\/botanica-loba\\\/\"]}]},{\"@type\":\"ImageObject\",\"inLanguage\":\"de\",\"@id\":\"https:\\\/\\\/www.juulrameau.com\\\/produkt\\\/botanica-loba\\\/#primaryimage\",\"url\":\"https:\\\/\\\/www.juulrameau.com\\\/wp-content\\\/uploads\\\/2023\\\/09\\\/Botanica-Loba_studio_juul_rameau_lr_001.jpg\",\"contentUrl\":\"https:\\\/\\\/www.juulrameau.com\\\/wp-content\\\/uploads\\\/2023\\\/09\\\/Botanica-Loba_studio_juul_rameau_lr_001.jpg\",\"width\":1440,\"height\":1920},{\"@type\":\"BreadcrumbList\",\"@id\":\"https:\\\/\\\/www.juulrameau.com\\\/produkt\\\/botanica-loba\\\/#breadcrumb\",\"itemListElement\":[{\"@type\":\"ListItem\",\"position\":1,\"name\":\"Home\",\"item\":\"https:\\\/\\\/www.juulrameau.com\\\/de\\\/\"},{\"@type\":\"ListItem\",\"position\":2,\"name\":\"Shop\",\"item\":\"https:\\\/\\\/www.juulrameau.com\\\/de\\\/shop\\\/\"},{\"@type\":\"ListItem\",\"position\":3,\"name\":\"Botanica Loba\"}]},{\"@type\":\"WebSite\",\"@id\":\"https:\\\/\\\/www.juulrameau.com\\\/#website\",\"url\":\"https:\\\/\\\/www.juulrameau.com\\\/\",\"name\":\"Juul Rameau\",\"description\":\"\",\"potentialAction\":[{\"@type\":\"SearchAction\",\"target\":{\"@type\":\"EntryPoint\",\"urlTemplate\":\"https:\\\/\\\/www.juulrameau.com\\\/?s={search_term_string}\"},\"query-input\":{\"@type\":\"PropertyValueSpecification\",\"valueRequired\":true,\"valueName\":\"search_term_string\"}}],\"inLanguage\":\"de\"}]}<\/script>\n<!-- \/ Yoast SEO plugin. -->","yoast_head_json":{"title":"Botanica Loba - Juul Rameau","robots":{"index":"index","follow":"follow","max-snippet":"max-snippet:-1","max-image-preview":"max-image-preview:large","max-video-preview":"max-video-preview:-1"},"canonical":"https:\/\/www.juulrameau.com\/produkt\/botanica-loba\/","og_locale":"de_DE","og_type":"article","og_title":"Botanica Loba - Juul Rameau","og_description":"Botanica Loba Diese Objekte bereichern die Strukturen im Garten, im B\u00fcrogarten oder auf dem Balkon. Ein sch\u00f6ner Platz f\u00fcr die Botanica Die Botanica sieht toll aus im Gr\u00fcnen, auf dem Rasen, im Beet, im B\u00fcrogarten oder zwischen Pflanzen. Aus welchem Material ist es gefertigt? Die Botanica sind aus Cortenstahl gefertigt. Diese Art von Stahl bekommt eine sch\u00f6ne Rostschicht, wenn Sie ihn ins Freie stellen. Ideen zum Posten dieser Bilder finden Sie auf Instagram. M - 100 cm L - 150 cm","og_url":"https:\/\/www.juulrameau.com\/produkt\/botanica-loba\/","og_site_name":"Juul Rameau","og_image":[{"width":1440,"height":1920,"url":"https:\/\/www.juulrameau.com\/wp-content\/uploads\/2023\/09\/Botanica-Loba_studio_juul_rameau_lr_001.jpg","type":"image\/jpeg"}],"twitter_card":"summary_large_image","schema":{"@context":"https:\/\/schema.org","@graph":[{"@type":"WebPage","@id":"https:\/\/www.juulrameau.com\/produkt\/botanica-loba\/","url":"https:\/\/www.juulrameau.com\/produkt\/botanica-loba\/","name":"Botanica Loba - Juul Rameau","isPartOf":{"@id":"https:\/\/www.juulrameau.com\/#website"},"primaryImageOfPage":{"@id":"https:\/\/www.juulrameau.com\/produkt\/botanica-loba\/#primaryimage"},"image":{"@id":"https:\/\/www.juulrameau.com\/produkt\/botanica-loba\/#primaryimage"},"thumbnailUrl":"https:\/\/www.juulrameau.com\/wp-content\/uploads\/2023\/09\/Botanica-Loba_studio_juul_rameau_lr_001.jpg","datePublished":"2023-09-29T19:51:25+00:00","breadcrumb":{"@id":"https:\/\/www.juulrameau.com\/produkt\/botanica-loba\/#breadcrumb"},"inLanguage":"de","potentialAction":[{"@type":"ReadAction","target":["https:\/\/www.juulrameau.com\/produkt\/botanica-loba\/"]}]},{"@type":"ImageObject","inLanguage":"de","@id":"https:\/\/www.juulrameau.com\/produkt\/botanica-loba\/#primaryimage","url":"https:\/\/www.juulrameau.com\/wp-content\/uploads\/2023\/09\/Botanica-Loba_studio_juul_rameau_lr_001.jpg","contentUrl":"https:\/\/www.juulrameau.com\/wp-content\/uploads\/2023\/09\/Botanica-Loba_studio_juul_rameau_lr_001.jpg","width":1440,"height":1920},{"@type":"BreadcrumbList","@id":"https:\/\/www.juulrameau.com\/produkt\/botanica-loba\/#breadcrumb","itemListElement":[{"@type":"ListItem","position":1,"name":"Home","item":"https:\/\/www.juulrameau.com\/de\/"},{"@type":"ListItem","position":2,"name":"Shop","item":"https:\/\/www.juulrameau.com\/de\/shop\/"},{"@type":"ListItem","position":3,"name":"Botanica Loba"}]},{"@type":"WebSite","@id":"https:\/\/www.juulrameau.com\/#website","url":"https:\/\/www.juulrameau.com\/","name":"Juul Rameau","description":"","potentialAction":[{"@type":"SearchAction","target":{"@type":"EntryPoint","urlTemplate":"https:\/\/www.juulrameau.com\/?s={search_term_string}"},"query-input":{"@type":"PropertyValueSpecification","valueRequired":true,"valueName":"search_term_string"}}],"inLanguage":"de"}]}},"_links":{"self":[{"href":"https:\/\/www.juulrameau.com\/de\/wp-json\/wp\/v2\/product\/29682","targetHints":{"allow":["GET"]}}],"collection":[{"href":"https:\/\/www.juulrameau.com\/de\/wp-json\/wp\/v2\/product"}],"about":[{"href":"https:\/\/www.juulrameau.com\/de\/wp-json\/wp\/v2\/types\/product"}],"wp:featuredmedia":[{"embeddable":true,"href":"https:\/\/www.juulrameau.com\/de\/wp-json\/wp\/v2\/media\/29685"}],"wp:attachment":[{"href":"https:\/\/www.juulrameau.com\/de\/wp-json\/wp\/v2\/media?parent=29682"}],"wp:term":[{"taxonomy":"product_brand","embeddable":true,"href":"https:\/\/www.juulrameau.com\/de\/wp-json\/wp\/v2\/product_brand?post=29682"},{"taxonomy":"product_cat","embeddable":true,"href":"https:\/\/www.juulrameau.com\/de\/wp-json\/wp\/v2\/product_cat?post=29682"},{"taxonomy":"product_tag","embeddable":true,"href":"https:\/\/www.juulrameau.com\/de\/wp-json\/wp\/v2\/product_tag?post=29682"}],"curies":[{"name":"wp","href":"https:\/\/api.w.org\/{rel}","templated":true}]}}