{"id":29558,"date":"2023-09-29T19:49:08","date_gmt":"2023-09-29T17:49:08","guid":{"rendered":"https:\/\/www.juulrameau.com\/product\/bestie-chaos-043-2053gr\/"},"modified":"2023-09-29T19:49:08","modified_gmt":"2023-09-29T17:49:08","slug":"bestie-chaos-043-2053gr","status":"publish","type":"product","link":"https:\/\/www.juulrameau.com\/de\/produkt\/bestie-chaos-043-2053gr\/","title":{"rendered":"Bestie Chaos #043- 2053gr"},"content":{"rendered":"<p>Tierisches Chaos<\/p>\n<p>\u20ac25,- 0 &#8211; 500 gr<br \/>\n30 \u20ac 500 &#8211; 1000 gr<br \/>\n35 \u20ac 1000 &#8211; 1500 gr<br \/>\n40 \u20ac 1500 &#8211; 2000 gr<br \/>\n45 \u20ac 2000 &#8211; 2500 gr<\/p>\n<p>&nbsp;<\/p>\n","protected":false},"excerpt":{"rendered":"<p>Absolut ungef\u00e4hrlich, ben\u00f6tigt kein Futter, ist s\u00fc\u00df und verschmust.<\/p>\n<p>Dieses Unget\u00fcm ist auf meinem Schwei\u00dftisch aus Material entstanden, das ich \u00fcbrig hatte. Sobald ich ein Auge hinzuf\u00fcge, ist pl\u00f6tzlich alles ein &#8218;Biest&#8216;.<\/p>\n<blockquote><p>Von jedem Tier gibt es nur 1 St\u00fcck, weg = weg.<\/p><\/blockquote>\n<p>Jahr: 2022<br \/>\nMaterial: unbehandelter 2 cm dicker Cortenstahl, das Objekt kann m\u00f6glicherweise abf\u00e4rben.<br \/>\nAuflage: Unica (1 St\u00fcck, 1\/1)<\/p>\n","protected":false},"featured_media":29559,"template":"","meta":{"_acf_changed":false,"site-sidebar-layout":"default","site-content-layout":"","ast-site-content-layout":"default","site-content-style":"default","site-sidebar-style":"default","ast-global-header-display":"","ast-banner-title-visibility":"","ast-main-header-display":"","ast-hfb-above-header-display":"","ast-hfb-below-header-display":"","ast-hfb-mobile-header-display":"","site-post-title":"","ast-breadcrumbs-content":"","ast-featured-img":"","footer-sml-layout":"","ast-disable-related-posts":"","theme-transparent-header-meta":"default","adv-header-id-meta":"","stick-header-meta":"","header-above-stick-meta":"","header-main-stick-meta":"","header-below-stick-meta":"","astra-migrate-meta-layouts":"default","ast-page-background-enabled":"default","ast-page-background-meta":{"desktop":{"background-color":"var(--ast-global-color-4)","background-image":"","background-repeat":"repeat","background-position":"center center","background-size":"auto","background-attachment":"scroll","background-type":"","background-media":"","overlay-type":"","overlay-color":"","overlay-opacity":"","overlay-gradient":""},"tablet":{"background-color":"","background-image":"","background-repeat":"repeat","background-position":"center center","background-size":"auto","background-attachment":"scroll","background-type":"","background-media":"","overlay-type":"","overlay-color":"","overlay-opacity":"","overlay-gradient":""},"mobile":{"background-color":"","background-image":"","background-repeat":"repeat","background-position":"center center","background-size":"auto","background-attachment":"scroll","background-type":"","background-media":"","overlay-type":"","overlay-color":"","overlay-opacity":"","overlay-gradient":""}},"ast-content-background-meta":{"desktop":{"background-color":"var(--ast-global-color-5)","background-image":"","background-repeat":"repeat","background-position":"center center","background-size":"auto","background-attachment":"scroll","background-type":"","background-media":"","overlay-type":"","overlay-color":"","overlay-opacity":"","overlay-gradient":""},"tablet":{"background-color":"var(--ast-global-color-5)","background-image":"","background-repeat":"repeat","background-position":"center center","background-size":"auto","background-attachment":"scroll","background-type":"","background-media":"","overlay-type":"","overlay-color":"","overlay-opacity":"","overlay-gradient":""},"mobile":{"background-color":"var(--ast-global-color-5)","background-image":"","background-repeat":"repeat","background-position":"center center","background-size":"auto","background-attachment":"scroll","background-type":"","background-media":"","overlay-type":"","overlay-color":"","overlay-opacity":"","overlay-gradient":""}}},"product_brand":[],"product_cat":[241],"product_tag":[235,202,207,219,220],"class_list":{"0":"post-29558","1":"product","2":"type-product","3":"status-publish","4":"has-post-thumbnail","6":"product_cat-tierisches-chaos","7":"product_tag-blickfang","8":"product_tag-cortens-stahl","9":"product_tag-kunst-de","10":"product_tag-skulptur","11":"product_tag-skulptur-de","12":"product_shipping_class-kleines-paket","13":"desktop-align-left","14":"tablet-align-left","15":"mobile-align-left","17":"first","18":"outofstock","19":"taxable","20":"shipping-taxable","21":"purchasable","22":"product-type-simple"},"acf":[],"yoast_head":"<!-- This site is optimized with the Yoast SEO plugin v27.3 - https:\/\/yoast.com\/product\/yoast-seo-wordpress\/ -->\n<title>Bestie Chaos #043- 2053gr - Juul Rameau<\/title>\n<meta name=\"robots\" content=\"index, follow, max-snippet:-1, max-image-preview:large, max-video-preview:-1\" \/>\n<link rel=\"canonical\" href=\"https:\/\/www.juulrameau.com\/de\/produkt\/bestie-chaos-043-2053gr\/\" \/>\n<meta property=\"og:locale\" content=\"de_DE\" \/>\n<meta property=\"og:type\" content=\"article\" \/>\n<meta property=\"og:title\" content=\"Bestie Chaos #043- 2053gr - Juul Rameau\" \/>\n<meta property=\"og:description\" content=\"Absolut ungef\u00e4hrlich, ben\u00f6tigt kein Futter, ist s\u00fc\u00df und verschmust. Dieses Unget\u00fcm ist auf meinem Schwei\u00dftisch aus Material entstanden, das ich \u00fcbrig hatte. Sobald ich ein Auge hinzuf\u00fcge, ist pl\u00f6tzlich alles ein &#039;Biest&#039;. Von jedem Tier gibt es nur 1 St\u00fcck, weg = weg. Jahr: 2022 Material: unbehandelter 2 cm dicker Cortenstahl, das Objekt kann m\u00f6glicherweise abf\u00e4rben. Auflage: Unica (1 St\u00fcck, 1\/1)\" \/>\n<meta property=\"og:url\" content=\"https:\/\/www.juulrameau.com\/de\/produkt\/bestie-chaos-043-2053gr\/\" \/>\n<meta property=\"og:site_name\" content=\"Juul Rameau\" \/>\n<meta property=\"og:image\" content=\"https:\/\/www.juulrameau.com\/wp-content\/uploads\/2023\/09\/044_sh_juul_rameau_beestenboel_in_cortenstaal_sculptuur.jpg\" \/>\n\t<meta property=\"og:image:width\" content=\"1000\" \/>\n\t<meta property=\"og:image:height\" content=\"1000\" \/>\n\t<meta property=\"og:image:type\" content=\"image\/jpeg\" \/>\n<meta name=\"twitter:card\" content=\"summary_large_image\" \/>\n<script type=\"application\/ld+json\" class=\"yoast-schema-graph\">{\"@context\":\"https:\\\/\\\/schema.org\",\"@graph\":[{\"@type\":\"WebPage\",\"@id\":\"https:\\\/\\\/www.juulrameau.com\\\/de\\\/produkt\\\/bestie-chaos-043-2053gr\\\/\",\"url\":\"https:\\\/\\\/www.juulrameau.com\\\/de\\\/produkt\\\/bestie-chaos-043-2053gr\\\/\",\"name\":\"Bestie Chaos #043- 2053gr - Juul Rameau\",\"isPartOf\":{\"@id\":\"https:\\\/\\\/www.juulrameau.com\\\/#website\"},\"primaryImageOfPage\":{\"@id\":\"https:\\\/\\\/www.juulrameau.com\\\/de\\\/produkt\\\/bestie-chaos-043-2053gr\\\/#primaryimage\"},\"image\":{\"@id\":\"https:\\\/\\\/www.juulrameau.com\\\/de\\\/produkt\\\/bestie-chaos-043-2053gr\\\/#primaryimage\"},\"thumbnailUrl\":\"https:\\\/\\\/www.juulrameau.com\\\/wp-content\\\/uploads\\\/2023\\\/09\\\/044_sh_juul_rameau_beestenboel_in_cortenstaal_sculptuur.jpg\",\"datePublished\":\"2023-09-29T17:49:08+00:00\",\"breadcrumb\":{\"@id\":\"https:\\\/\\\/www.juulrameau.com\\\/de\\\/produkt\\\/bestie-chaos-043-2053gr\\\/#breadcrumb\"},\"inLanguage\":\"de\",\"potentialAction\":[{\"@type\":\"ReadAction\",\"target\":[\"https:\\\/\\\/www.juulrameau.com\\\/de\\\/produkt\\\/bestie-chaos-043-2053gr\\\/\"]}]},{\"@type\":\"ImageObject\",\"inLanguage\":\"de\",\"@id\":\"https:\\\/\\\/www.juulrameau.com\\\/de\\\/produkt\\\/bestie-chaos-043-2053gr\\\/#primaryimage\",\"url\":\"https:\\\/\\\/www.juulrameau.com\\\/wp-content\\\/uploads\\\/2023\\\/09\\\/044_sh_juul_rameau_beestenboel_in_cortenstaal_sculptuur.jpg\",\"contentUrl\":\"https:\\\/\\\/www.juulrameau.com\\\/wp-content\\\/uploads\\\/2023\\\/09\\\/044_sh_juul_rameau_beestenboel_in_cortenstaal_sculptuur.jpg\",\"width\":1000,\"height\":1000},{\"@type\":\"BreadcrumbList\",\"@id\":\"https:\\\/\\\/www.juulrameau.com\\\/de\\\/produkt\\\/bestie-chaos-043-2053gr\\\/#breadcrumb\",\"itemListElement\":[{\"@type\":\"ListItem\",\"position\":1,\"name\":\"Home\",\"item\":\"https:\\\/\\\/www.juulrameau.com\\\/de\\\/\"},{\"@type\":\"ListItem\",\"position\":2,\"name\":\"Shop\",\"item\":\"https:\\\/\\\/www.juulrameau.com\\\/de\\\/shop\\\/\"},{\"@type\":\"ListItem\",\"position\":3,\"name\":\"Bestie Chaos #043- 2053gr\"}]},{\"@type\":\"WebSite\",\"@id\":\"https:\\\/\\\/www.juulrameau.com\\\/#website\",\"url\":\"https:\\\/\\\/www.juulrameau.com\\\/\",\"name\":\"Juul Rameau\",\"description\":\"\",\"potentialAction\":[{\"@type\":\"SearchAction\",\"target\":{\"@type\":\"EntryPoint\",\"urlTemplate\":\"https:\\\/\\\/www.juulrameau.com\\\/?s={search_term_string}\"},\"query-input\":{\"@type\":\"PropertyValueSpecification\",\"valueRequired\":true,\"valueName\":\"search_term_string\"}}],\"inLanguage\":\"de\"}]}<\/script>\n<!-- \/ Yoast SEO plugin. -->","yoast_head_json":{"title":"Bestie Chaos #043- 2053gr - Juul Rameau","robots":{"index":"index","follow":"follow","max-snippet":"max-snippet:-1","max-image-preview":"max-image-preview:large","max-video-preview":"max-video-preview:-1"},"canonical":"https:\/\/www.juulrameau.com\/de\/produkt\/bestie-chaos-043-2053gr\/","og_locale":"de_DE","og_type":"article","og_title":"Bestie Chaos #043- 2053gr - Juul Rameau","og_description":"Absolut ungef\u00e4hrlich, ben\u00f6tigt kein Futter, ist s\u00fc\u00df und verschmust. Dieses Unget\u00fcm ist auf meinem Schwei\u00dftisch aus Material entstanden, das ich \u00fcbrig hatte. Sobald ich ein Auge hinzuf\u00fcge, ist pl\u00f6tzlich alles ein 'Biest'. Von jedem Tier gibt es nur 1 St\u00fcck, weg = weg. Jahr: 2022 Material: unbehandelter 2 cm dicker Cortenstahl, das Objekt kann m\u00f6glicherweise abf\u00e4rben. Auflage: Unica (1 St\u00fcck, 1\/1)","og_url":"https:\/\/www.juulrameau.com\/de\/produkt\/bestie-chaos-043-2053gr\/","og_site_name":"Juul Rameau","og_image":[{"width":1000,"height":1000,"url":"https:\/\/www.juulrameau.com\/wp-content\/uploads\/2023\/09\/044_sh_juul_rameau_beestenboel_in_cortenstaal_sculptuur.jpg","type":"image\/jpeg"}],"twitter_card":"summary_large_image","schema":{"@context":"https:\/\/schema.org","@graph":[{"@type":"WebPage","@id":"https:\/\/www.juulrameau.com\/de\/produkt\/bestie-chaos-043-2053gr\/","url":"https:\/\/www.juulrameau.com\/de\/produkt\/bestie-chaos-043-2053gr\/","name":"Bestie Chaos #043- 2053gr - Juul Rameau","isPartOf":{"@id":"https:\/\/www.juulrameau.com\/#website"},"primaryImageOfPage":{"@id":"https:\/\/www.juulrameau.com\/de\/produkt\/bestie-chaos-043-2053gr\/#primaryimage"},"image":{"@id":"https:\/\/www.juulrameau.com\/de\/produkt\/bestie-chaos-043-2053gr\/#primaryimage"},"thumbnailUrl":"https:\/\/www.juulrameau.com\/wp-content\/uploads\/2023\/09\/044_sh_juul_rameau_beestenboel_in_cortenstaal_sculptuur.jpg","datePublished":"2023-09-29T17:49:08+00:00","breadcrumb":{"@id":"https:\/\/www.juulrameau.com\/de\/produkt\/bestie-chaos-043-2053gr\/#breadcrumb"},"inLanguage":"de","potentialAction":[{"@type":"ReadAction","target":["https:\/\/www.juulrameau.com\/de\/produkt\/bestie-chaos-043-2053gr\/"]}]},{"@type":"ImageObject","inLanguage":"de","@id":"https:\/\/www.juulrameau.com\/de\/produkt\/bestie-chaos-043-2053gr\/#primaryimage","url":"https:\/\/www.juulrameau.com\/wp-content\/uploads\/2023\/09\/044_sh_juul_rameau_beestenboel_in_cortenstaal_sculptuur.jpg","contentUrl":"https:\/\/www.juulrameau.com\/wp-content\/uploads\/2023\/09\/044_sh_juul_rameau_beestenboel_in_cortenstaal_sculptuur.jpg","width":1000,"height":1000},{"@type":"BreadcrumbList","@id":"https:\/\/www.juulrameau.com\/de\/produkt\/bestie-chaos-043-2053gr\/#breadcrumb","itemListElement":[{"@type":"ListItem","position":1,"name":"Home","item":"https:\/\/www.juulrameau.com\/de\/"},{"@type":"ListItem","position":2,"name":"Shop","item":"https:\/\/www.juulrameau.com\/de\/shop\/"},{"@type":"ListItem","position":3,"name":"Bestie Chaos #043- 2053gr"}]},{"@type":"WebSite","@id":"https:\/\/www.juulrameau.com\/#website","url":"https:\/\/www.juulrameau.com\/","name":"Juul Rameau","description":"","potentialAction":[{"@type":"SearchAction","target":{"@type":"EntryPoint","urlTemplate":"https:\/\/www.juulrameau.com\/?s={search_term_string}"},"query-input":{"@type":"PropertyValueSpecification","valueRequired":true,"valueName":"search_term_string"}}],"inLanguage":"de"}]}},"_links":{"self":[{"href":"https:\/\/www.juulrameau.com\/de\/wp-json\/wp\/v2\/product\/29558","targetHints":{"allow":["GET"]}}],"collection":[{"href":"https:\/\/www.juulrameau.com\/de\/wp-json\/wp\/v2\/product"}],"about":[{"href":"https:\/\/www.juulrameau.com\/de\/wp-json\/wp\/v2\/types\/product"}],"wp:featuredmedia":[{"embeddable":true,"href":"https:\/\/www.juulrameau.com\/de\/wp-json\/wp\/v2\/media\/29559"}],"wp:attachment":[{"href":"https:\/\/www.juulrameau.com\/de\/wp-json\/wp\/v2\/media?parent=29558"}],"wp:term":[{"taxonomy":"product_brand","embeddable":true,"href":"https:\/\/www.juulrameau.com\/de\/wp-json\/wp\/v2\/product_brand?post=29558"},{"taxonomy":"product_cat","embeddable":true,"href":"https:\/\/www.juulrameau.com\/de\/wp-json\/wp\/v2\/product_cat?post=29558"},{"taxonomy":"product_tag","embeddable":true,"href":"https:\/\/www.juulrameau.com\/de\/wp-json\/wp\/v2\/product_tag?post=29558"}],"curies":[{"name":"wp","href":"https:\/\/api.w.org\/{rel}","templated":true}]}}