{"id":29488,"date":"2023-09-29T19:45:36","date_gmt":"2023-09-29T17:45:36","guid":{"rendered":"https:\/\/www.juulrameau.com\/product\/blaetter-lithographie-22039\/"},"modified":"2023-09-29T19:45:36","modified_gmt":"2023-09-29T17:45:36","slug":"blaetter-lithographie-22039","status":"publish","type":"product","link":"https:\/\/www.juulrameau.com\/de\/produkt\/blaetter-lithographie-22039\/","title":{"rendered":"Bl\u00e4tter &#8211; Lithographie #22039"},"content":{"rendered":"","protected":false},"excerpt":{"rendered":"<p><a href=\"https:\/\/www.basementpress.nl\/\" target=\"_blank\" rel=\"noopener\" data-cke-saved-href=\"https:\/\/www.basementpress.nl\">Basement Press Diepenheim<\/a> ist die einzige grafische Werkstatt in den Niederlanden, die sich auf das Handwerk der <a href=\"https:\/\/nl.wikipedia.org\/wiki\/Lithografie\" target=\"_blank\" rel=\"noopener\" data-cke-saved-href=\"https:\/\/nl.wikipedia.org\/wiki\/Lithografie\">Lithografie<\/a> spezialisiert hat. Eine Lithografie ist ein Bild, das auf dem Prinzip beruht, dass Wasser und Fett sich gegenseitig absto\u00dfen. Der Druckprozess ist eine ziemlich spezialisierte Arbeit. Sie k\u00f6nnen an Workshops bei Basement Press teilnehmen oder mit einem Druckermeister zusammenarbeiten, um den Auftrag zu erledigen!<\/p>\n<p>Es ist sch\u00f6n, hier eine Woche lang zu spielen&#8230;.euhh arbeiten.<\/p>\n<p>Ich habe dieses Bild auf diesem Lithostein entworfen und Meisterdrucker (und Freund) Aad Hekker hat es f\u00fcr mich mit exquisiten Details gedruckt.<\/p>\n<p>Druck: 43 x 34 cm<br \/>\nDruckauflage: 5 St\u00fcck<br \/>\nJahr: 2022<br \/>\nTechnik: Lithographie<\/p>\n<p>&nbsp;<\/p>\n<p style=\"padding-left: 40px;\">Bitte beachten Sie, ungerahmt: Nach Absprache kann das Werk gerahmt werden. Die Kosten h\u00e4ngen von der Liste ab. Z.B. Holz oder T\u00fcnche.<br \/>\nDie letzten 2 Bilder sind hinzugef\u00fcgt, um eine Vorstellung von der Gr\u00f6\u00dfe des Drucks zu bekommen.<\/p>\n<p>&nbsp;<\/p>\n","protected":false},"featured_media":29489,"template":"","meta":{"_acf_changed":false,"site-sidebar-layout":"default","site-content-layout":"","ast-site-content-layout":"default","site-content-style":"default","site-sidebar-style":"default","ast-global-header-display":"","ast-banner-title-visibility":"","ast-main-header-display":"","ast-hfb-above-header-display":"","ast-hfb-below-header-display":"","ast-hfb-mobile-header-display":"","site-post-title":"","ast-breadcrumbs-content":"","ast-featured-img":"","footer-sml-layout":"","ast-disable-related-posts":"","theme-transparent-header-meta":"","adv-header-id-meta":"","stick-header-meta":"","header-above-stick-meta":"","header-main-stick-meta":"","header-below-stick-meta":"","astra-migrate-meta-layouts":"default","ast-page-background-enabled":"default","ast-page-background-meta":{"desktop":{"background-color":"var(--ast-global-color-4)","background-image":"","background-repeat":"repeat","background-position":"center center","background-size":"auto","background-attachment":"scroll","background-type":"","background-media":"","overlay-type":"","overlay-color":"","overlay-opacity":"","overlay-gradient":""},"tablet":{"background-color":"","background-image":"","background-repeat":"repeat","background-position":"center center","background-size":"auto","background-attachment":"scroll","background-type":"","background-media":"","overlay-type":"","overlay-color":"","overlay-opacity":"","overlay-gradient":""},"mobile":{"background-color":"","background-image":"","background-repeat":"repeat","background-position":"center center","background-size":"auto","background-attachment":"scroll","background-type":"","background-media":"","overlay-type":"","overlay-color":"","overlay-opacity":"","overlay-gradient":""}},"ast-content-background-meta":{"desktop":{"background-color":"var(--ast-global-color-5)","background-image":"","background-repeat":"repeat","background-position":"center center","background-size":"auto","background-attachment":"scroll","background-type":"","background-media":"","overlay-type":"","overlay-color":"","overlay-opacity":"","overlay-gradient":""},"tablet":{"background-color":"var(--ast-global-color-5)","background-image":"","background-repeat":"repeat","background-position":"center center","background-size":"auto","background-attachment":"scroll","background-type":"","background-media":"","overlay-type":"","overlay-color":"","overlay-opacity":"","overlay-gradient":""},"mobile":{"background-color":"var(--ast-global-color-5)","background-image":"","background-repeat":"repeat","background-position":"center center","background-size":"auto","background-attachment":"scroll","background-type":"","background-media":"","overlay-type":"","overlay-color":"","overlay-opacity":"","overlay-gradient":""}}},"product_brand":[],"product_cat":[227],"product_tag":[229,215,228,204,242,230],"class_list":{"0":"post-29488","1":"product","2":"type-product","3":"status-publish","4":"has-post-thumbnail","6":"product_cat-grafiken-aus-diepenheim","7":"product_tag-an-der-wand","8":"product_tag-botanica-de","9":"product_tag-buchdruck","10":"product_tag-grafik","11":"product_tag-lithographie","12":"product_tag-monoprint-de","13":"product_shipping_class-groses-paket","14":"desktop-align-left","15":"tablet-align-left","16":"mobile-align-left","18":"first","19":"instock","20":"taxable","21":"shipping-taxable","22":"purchasable","23":"product-type-simple"},"acf":[],"yoast_head":"<!-- This site is optimized with the Yoast SEO plugin v27.5 - https:\/\/yoast.com\/product\/yoast-seo-wordpress\/ -->\n<title>Bl\u00e4tter - Lithographie #22039 - Juul Rameau<\/title>\n<meta name=\"robots\" content=\"index, follow, max-snippet:-1, max-image-preview:large, max-video-preview:-1\" \/>\n<link rel=\"canonical\" href=\"https:\/\/www.juulrameau.com\/produkt\/leaves-litho-22039\/\" \/>\n<meta property=\"og:locale\" content=\"de_DE\" \/>\n<meta property=\"og:type\" content=\"article\" \/>\n<meta property=\"og:title\" content=\"Bl\u00e4tter - Lithographie #22039 - Juul Rameau\" \/>\n<meta property=\"og:description\" content=\"Basement Press Diepenheim ist die einzige grafische Werkstatt in den Niederlanden, die sich auf das Handwerk der Lithografie spezialisiert hat. Eine Lithografie ist ein Bild, das auf dem Prinzip beruht, dass Wasser und Fett sich gegenseitig absto\u00dfen. Der Druckprozess ist eine ziemlich spezialisierte Arbeit. Sie k\u00f6nnen an Workshops bei Basement Press teilnehmen oder mit einem Druckermeister zusammenarbeiten, um den Auftrag zu erledigen! Es ist sch\u00f6n, hier eine Woche lang zu spielen....euhh arbeiten. Ich habe dieses Bild auf diesem Lithostein entworfen und Meisterdrucker (und Freund) Aad Hekker hat es f\u00fcr mich mit exquisiten Details gedruckt. Druck: 43 x 34 cm Druckauflage: 5 St\u00fcck Jahr: 2022 Technik: Lithographie &nbsp; Bitte beachten Sie, ungerahmt: Nach Absprache kann das Werk gerahmt werden. Die Kosten h\u00e4ngen von der Liste ab. Z.B. Holz oder T\u00fcnche. Die letzten 2 Bilder sind hinzugef\u00fcgt, um eine Vorstellung von der Gr\u00f6\u00dfe des Drucks zu bekommen. &nbsp;\" \/>\n<meta property=\"og:url\" content=\"https:\/\/www.juulrameau.com\/produkt\/leaves-litho-22039\/\" \/>\n<meta property=\"og:site_name\" content=\"Juul Rameau\" \/>\n<meta property=\"og:image\" content=\"https:\/\/www.juulrameau.com\/wp-content\/uploads\/2023\/09\/sh_2022_juul_rameau_leaves_printmaking_biophilic_design_litho_22039-1.jpg\" \/>\n\t<meta property=\"og:image:width\" content=\"1500\" \/>\n\t<meta property=\"og:image:height\" content=\"1500\" \/>\n\t<meta property=\"og:image:type\" content=\"image\/jpeg\" \/>\n<meta name=\"twitter:card\" content=\"summary_large_image\" \/>\n<script type=\"application\/ld+json\" class=\"yoast-schema-graph\">{\"@context\":\"https:\\\/\\\/schema.org\",\"@graph\":[{\"@type\":\"WebPage\",\"@id\":\"https:\\\/\\\/www.juulrameau.com\\\/produkt\\\/leaves-litho-22039\\\/\",\"url\":\"https:\\\/\\\/www.juulrameau.com\\\/produkt\\\/leaves-litho-22039\\\/\",\"name\":\"Bl\u00e4tter - Lithographie #22039 - Juul Rameau\",\"isPartOf\":{\"@id\":\"https:\\\/\\\/www.juulrameau.com\\\/#website\"},\"primaryImageOfPage\":{\"@id\":\"https:\\\/\\\/www.juulrameau.com\\\/produkt\\\/leaves-litho-22039\\\/#primaryimage\"},\"image\":{\"@id\":\"https:\\\/\\\/www.juulrameau.com\\\/produkt\\\/leaves-litho-22039\\\/#primaryimage\"},\"thumbnailUrl\":\"https:\\\/\\\/www.juulrameau.com\\\/wp-content\\\/uploads\\\/2023\\\/09\\\/sh_2022_juul_rameau_leaves_printmaking_biophilic_design_litho_22039-1.jpg\",\"datePublished\":\"2023-09-29T17:45:36+00:00\",\"breadcrumb\":{\"@id\":\"https:\\\/\\\/www.juulrameau.com\\\/produkt\\\/leaves-litho-22039\\\/#breadcrumb\"},\"inLanguage\":\"de\",\"potentialAction\":[{\"@type\":\"ReadAction\",\"target\":[\"https:\\\/\\\/www.juulrameau.com\\\/produkt\\\/leaves-litho-22039\\\/\"]}]},{\"@type\":\"ImageObject\",\"inLanguage\":\"de\",\"@id\":\"https:\\\/\\\/www.juulrameau.com\\\/produkt\\\/leaves-litho-22039\\\/#primaryimage\",\"url\":\"https:\\\/\\\/www.juulrameau.com\\\/wp-content\\\/uploads\\\/2023\\\/09\\\/sh_2022_juul_rameau_leaves_printmaking_biophilic_design_litho_22039-1.jpg\",\"contentUrl\":\"https:\\\/\\\/www.juulrameau.com\\\/wp-content\\\/uploads\\\/2023\\\/09\\\/sh_2022_juul_rameau_leaves_printmaking_biophilic_design_litho_22039-1.jpg\",\"width\":1500,\"height\":1500},{\"@type\":\"BreadcrumbList\",\"@id\":\"https:\\\/\\\/www.juulrameau.com\\\/produkt\\\/leaves-litho-22039\\\/#breadcrumb\",\"itemListElement\":[{\"@type\":\"ListItem\",\"position\":1,\"name\":\"Home\",\"item\":\"https:\\\/\\\/www.juulrameau.com\\\/de\\\/\"},{\"@type\":\"ListItem\",\"position\":2,\"name\":\"Shop\",\"item\":\"https:\\\/\\\/www.juulrameau.com\\\/de\\\/shop\\\/\"},{\"@type\":\"ListItem\",\"position\":3,\"name\":\"Bl\u00e4tter &#8211; Lithographie #22039\"}]},{\"@type\":\"WebSite\",\"@id\":\"https:\\\/\\\/www.juulrameau.com\\\/#website\",\"url\":\"https:\\\/\\\/www.juulrameau.com\\\/\",\"name\":\"Juul Rameau\",\"description\":\"\",\"potentialAction\":[{\"@type\":\"SearchAction\",\"target\":{\"@type\":\"EntryPoint\",\"urlTemplate\":\"https:\\\/\\\/www.juulrameau.com\\\/?s={search_term_string}\"},\"query-input\":{\"@type\":\"PropertyValueSpecification\",\"valueRequired\":true,\"valueName\":\"search_term_string\"}}],\"inLanguage\":\"de\"}]}<\/script>\n<!-- \/ Yoast SEO plugin. -->","yoast_head_json":{"title":"Bl\u00e4tter - Lithographie #22039 - Juul Rameau","robots":{"index":"index","follow":"follow","max-snippet":"max-snippet:-1","max-image-preview":"max-image-preview:large","max-video-preview":"max-video-preview:-1"},"canonical":"https:\/\/www.juulrameau.com\/produkt\/leaves-litho-22039\/","og_locale":"de_DE","og_type":"article","og_title":"Bl\u00e4tter - Lithographie #22039 - Juul Rameau","og_description":"Basement Press Diepenheim ist die einzige grafische Werkstatt in den Niederlanden, die sich auf das Handwerk der Lithografie spezialisiert hat. Eine Lithografie ist ein Bild, das auf dem Prinzip beruht, dass Wasser und Fett sich gegenseitig absto\u00dfen. Der Druckprozess ist eine ziemlich spezialisierte Arbeit. Sie k\u00f6nnen an Workshops bei Basement Press teilnehmen oder mit einem Druckermeister zusammenarbeiten, um den Auftrag zu erledigen! Es ist sch\u00f6n, hier eine Woche lang zu spielen....euhh arbeiten. Ich habe dieses Bild auf diesem Lithostein entworfen und Meisterdrucker (und Freund) Aad Hekker hat es f\u00fcr mich mit exquisiten Details gedruckt. Druck: 43 x 34 cm Druckauflage: 5 St\u00fcck Jahr: 2022 Technik: Lithographie &nbsp; Bitte beachten Sie, ungerahmt: Nach Absprache kann das Werk gerahmt werden. Die Kosten h\u00e4ngen von der Liste ab. Z.B. Holz oder T\u00fcnche. Die letzten 2 Bilder sind hinzugef\u00fcgt, um eine Vorstellung von der Gr\u00f6\u00dfe des Drucks zu bekommen. &nbsp;","og_url":"https:\/\/www.juulrameau.com\/produkt\/leaves-litho-22039\/","og_site_name":"Juul Rameau","og_image":[{"width":1500,"height":1500,"url":"https:\/\/www.juulrameau.com\/wp-content\/uploads\/2023\/09\/sh_2022_juul_rameau_leaves_printmaking_biophilic_design_litho_22039-1.jpg","type":"image\/jpeg"}],"twitter_card":"summary_large_image","schema":{"@context":"https:\/\/schema.org","@graph":[{"@type":"WebPage","@id":"https:\/\/www.juulrameau.com\/produkt\/leaves-litho-22039\/","url":"https:\/\/www.juulrameau.com\/produkt\/leaves-litho-22039\/","name":"Bl\u00e4tter - Lithographie #22039 - Juul Rameau","isPartOf":{"@id":"https:\/\/www.juulrameau.com\/#website"},"primaryImageOfPage":{"@id":"https:\/\/www.juulrameau.com\/produkt\/leaves-litho-22039\/#primaryimage"},"image":{"@id":"https:\/\/www.juulrameau.com\/produkt\/leaves-litho-22039\/#primaryimage"},"thumbnailUrl":"https:\/\/www.juulrameau.com\/wp-content\/uploads\/2023\/09\/sh_2022_juul_rameau_leaves_printmaking_biophilic_design_litho_22039-1.jpg","datePublished":"2023-09-29T17:45:36+00:00","breadcrumb":{"@id":"https:\/\/www.juulrameau.com\/produkt\/leaves-litho-22039\/#breadcrumb"},"inLanguage":"de","potentialAction":[{"@type":"ReadAction","target":["https:\/\/www.juulrameau.com\/produkt\/leaves-litho-22039\/"]}]},{"@type":"ImageObject","inLanguage":"de","@id":"https:\/\/www.juulrameau.com\/produkt\/leaves-litho-22039\/#primaryimage","url":"https:\/\/www.juulrameau.com\/wp-content\/uploads\/2023\/09\/sh_2022_juul_rameau_leaves_printmaking_biophilic_design_litho_22039-1.jpg","contentUrl":"https:\/\/www.juulrameau.com\/wp-content\/uploads\/2023\/09\/sh_2022_juul_rameau_leaves_printmaking_biophilic_design_litho_22039-1.jpg","width":1500,"height":1500},{"@type":"BreadcrumbList","@id":"https:\/\/www.juulrameau.com\/produkt\/leaves-litho-22039\/#breadcrumb","itemListElement":[{"@type":"ListItem","position":1,"name":"Home","item":"https:\/\/www.juulrameau.com\/de\/"},{"@type":"ListItem","position":2,"name":"Shop","item":"https:\/\/www.juulrameau.com\/de\/shop\/"},{"@type":"ListItem","position":3,"name":"Bl\u00e4tter &#8211; Lithographie #22039"}]},{"@type":"WebSite","@id":"https:\/\/www.juulrameau.com\/#website","url":"https:\/\/www.juulrameau.com\/","name":"Juul Rameau","description":"","potentialAction":[{"@type":"SearchAction","target":{"@type":"EntryPoint","urlTemplate":"https:\/\/www.juulrameau.com\/?s={search_term_string}"},"query-input":{"@type":"PropertyValueSpecification","valueRequired":true,"valueName":"search_term_string"}}],"inLanguage":"de"}]}},"_links":{"self":[{"href":"https:\/\/www.juulrameau.com\/de\/wp-json\/wp\/v2\/product\/29488","targetHints":{"allow":["GET"]}}],"collection":[{"href":"https:\/\/www.juulrameau.com\/de\/wp-json\/wp\/v2\/product"}],"about":[{"href":"https:\/\/www.juulrameau.com\/de\/wp-json\/wp\/v2\/types\/product"}],"wp:featuredmedia":[{"embeddable":true,"href":"https:\/\/www.juulrameau.com\/de\/wp-json\/wp\/v2\/media\/29489"}],"wp:attachment":[{"href":"https:\/\/www.juulrameau.com\/de\/wp-json\/wp\/v2\/media?parent=29488"}],"wp:term":[{"taxonomy":"product_brand","embeddable":true,"href":"https:\/\/www.juulrameau.com\/de\/wp-json\/wp\/v2\/product_brand?post=29488"},{"taxonomy":"product_cat","embeddable":true,"href":"https:\/\/www.juulrameau.com\/de\/wp-json\/wp\/v2\/product_cat?post=29488"},{"taxonomy":"product_tag","embeddable":true,"href":"https:\/\/www.juulrameau.com\/de\/wp-json\/wp\/v2\/product_tag?post=29488"}],"curies":[{"name":"wp","href":"https:\/\/api.w.org\/{rel}","templated":true}]}}