{"id":29473,"date":"2023-09-29T19:47:01","date_gmt":"2023-09-29T17:47:01","guid":{"rendered":"https:\/\/www.juulrameau.com\/product\/fackel-armband\/"},"modified":"2023-09-29T19:47:01","modified_gmt":"2023-09-29T17:47:01","slug":"fackel-armband","status":"publish","type":"product","link":"https:\/\/www.juulrameau.com\/de\/produkt\/fackel-armband\/","title":{"rendered":"Fackel-Armband"},"content":{"rendered":"","protected":false},"excerpt":{"rendered":"<p>Schmuck f\u00fcr das Handgelenk mit charakteristischer Form, inspiriert von nat\u00fcrlichen Formen.<\/p>\n<p>Patinierter rostfreier Stahl.<br \/>\nDie Form kann an das eigene Handgelenk angepasst werden<\/p>\n<p>Alle Schmuckst\u00fccke sind handgefertigt von Juul. Der Edelstahl ist patiniert, was ihm ein schillerndes Aussehen verleiht. Dadurch ist jedes Objekt einzigartig und hat seine eigene Note.<\/p>\n","protected":false},"featured_media":29477,"template":"","meta":{"_acf_changed":false,"site-sidebar-layout":"default","site-content-layout":"","ast-site-content-layout":"default","site-content-style":"default","site-sidebar-style":"default","ast-global-header-display":"","ast-banner-title-visibility":"","ast-main-header-display":"","ast-hfb-above-header-display":"","ast-hfb-below-header-display":"","ast-hfb-mobile-header-display":"","site-post-title":"","ast-breadcrumbs-content":"","ast-featured-img":"","footer-sml-layout":"","ast-disable-related-posts":"","theme-transparent-header-meta":"default","adv-header-id-meta":"","stick-header-meta":"","header-above-stick-meta":"","header-main-stick-meta":"","header-below-stick-meta":"","astra-migrate-meta-layouts":"default","ast-page-background-enabled":"default","ast-page-background-meta":{"desktop":{"background-color":"var(--ast-global-color-4)","background-image":"","background-repeat":"repeat","background-position":"center center","background-size":"auto","background-attachment":"scroll","background-type":"","background-media":"","overlay-type":"","overlay-color":"","overlay-opacity":"","overlay-gradient":""},"tablet":{"background-color":"","background-image":"","background-repeat":"repeat","background-position":"center center","background-size":"auto","background-attachment":"scroll","background-type":"","background-media":"","overlay-type":"","overlay-color":"","overlay-opacity":"","overlay-gradient":""},"mobile":{"background-color":"","background-image":"","background-repeat":"repeat","background-position":"center center","background-size":"auto","background-attachment":"scroll","background-type":"","background-media":"","overlay-type":"","overlay-color":"","overlay-opacity":"","overlay-gradient":""}},"ast-content-background-meta":{"desktop":{"background-color":"var(--ast-global-color-5)","background-image":"","background-repeat":"repeat","background-position":"center center","background-size":"auto","background-attachment":"scroll","background-type":"","background-media":"","overlay-type":"","overlay-color":"","overlay-opacity":"","overlay-gradient":""},"tablet":{"background-color":"var(--ast-global-color-5)","background-image":"","background-repeat":"repeat","background-position":"center center","background-size":"auto","background-attachment":"scroll","background-type":"","background-media":"","overlay-type":"","overlay-color":"","overlay-opacity":"","overlay-gradient":""},"mobile":{"background-color":"var(--ast-global-color-5)","background-image":"","background-repeat":"repeat","background-position":"center center","background-size":"auto","background-attachment":"scroll","background-type":"","background-media":"","overlay-type":"","overlay-color":"","overlay-opacity":"","overlay-gradient":""}}},"product_brand":[],"product_cat":[198],"product_tag":[238,235,234,231,236,232,240,237,233,239],"class_list":{"0":"post-29473","1":"product","2":"type-product","3":"status-publish","4":"has-post-thumbnail","6":"product_cat-schmuck","7":"product_tag-anmutig","8":"product_tag-blickfang","9":"product_tag-elegant-de","10":"product_tag-geschenk","11":"product_tag-juulwelry-de","12":"product_tag-natur","13":"product_tag-ohrringe","14":"product_tag-rostfreier-stahl","15":"product_tag-schmuck","16":"product_tag-silber","17":"product_shipping_class-eingeschriebenes-paket","18":"desktop-align-left","19":"tablet-align-left","20":"mobile-align-left","22":"first","23":"instock","24":"taxable","25":"shipping-taxable","26":"purchasable","27":"product-type-simple"},"acf":[],"yoast_head":"<!-- This site is optimized with the Yoast SEO plugin v27.6 - https:\/\/yoast.com\/product\/yoast-seo-wordpress\/ -->\n<title>Fackel-Armband - Juul Rameau<\/title>\n<meta name=\"robots\" content=\"index, follow, max-snippet:-1, max-image-preview:large, max-video-preview:-1\" \/>\n<link rel=\"canonical\" href=\"https:\/\/www.juulrameau.com\/produkt\/toorts-armband\/\" \/>\n<meta property=\"og:locale\" content=\"de_DE\" \/>\n<meta property=\"og:type\" content=\"article\" \/>\n<meta property=\"og:title\" content=\"Fackel-Armband - Juul Rameau\" \/>\n<meta property=\"og:description\" content=\"Schmuck f\u00fcr das Handgelenk mit charakteristischer Form, inspiriert von nat\u00fcrlichen Formen. Patinierter rostfreier Stahl. Die Form kann an das eigene Handgelenk angepasst werden Alle Schmuckst\u00fccke sind handgefertigt von Juul. Der Edelstahl ist patiniert, was ihm ein schillerndes Aussehen verleiht. Dadurch ist jedes Objekt einzigartig und hat seine eigene Note.\" \/>\n<meta property=\"og:url\" content=\"https:\/\/www.juulrameau.com\/produkt\/toorts-armband\/\" \/>\n<meta property=\"og:site_name\" content=\"Juul Rameau\" \/>\n<meta property=\"og:image\" content=\"https:\/\/www.juulrameau.com\/wp-content\/uploads\/2023\/09\/2212-wk49-insta-juulrameau-toortssieraadarmband-3.jpg\" \/>\n\t<meta property=\"og:image:width\" content=\"1000\" \/>\n\t<meta property=\"og:image:height\" content=\"1000\" \/>\n\t<meta property=\"og:image:type\" content=\"image\/jpeg\" \/>\n<meta name=\"twitter:card\" content=\"summary_large_image\" \/>\n<script type=\"application\/ld+json\" class=\"yoast-schema-graph\">{\"@context\":\"https:\\\/\\\/schema.org\",\"@graph\":[{\"@type\":\"WebPage\",\"@id\":\"https:\\\/\\\/www.juulrameau.com\\\/produkt\\\/toorts-armband\\\/\",\"url\":\"https:\\\/\\\/www.juulrameau.com\\\/produkt\\\/toorts-armband\\\/\",\"name\":\"Fackel-Armband - Juul Rameau\",\"isPartOf\":{\"@id\":\"https:\\\/\\\/www.juulrameau.com\\\/#website\"},\"primaryImageOfPage\":{\"@id\":\"https:\\\/\\\/www.juulrameau.com\\\/produkt\\\/toorts-armband\\\/#primaryimage\"},\"image\":{\"@id\":\"https:\\\/\\\/www.juulrameau.com\\\/produkt\\\/toorts-armband\\\/#primaryimage\"},\"thumbnailUrl\":\"https:\\\/\\\/www.juulrameau.com\\\/wp-content\\\/uploads\\\/2023\\\/09\\\/2212-wk49-insta-juulrameau-toortssieraadarmband-3.jpg\",\"datePublished\":\"2023-09-29T17:47:01+00:00\",\"breadcrumb\":{\"@id\":\"https:\\\/\\\/www.juulrameau.com\\\/produkt\\\/toorts-armband\\\/#breadcrumb\"},\"inLanguage\":\"de\",\"potentialAction\":[{\"@type\":\"ReadAction\",\"target\":[\"https:\\\/\\\/www.juulrameau.com\\\/produkt\\\/toorts-armband\\\/\"]}]},{\"@type\":\"ImageObject\",\"inLanguage\":\"de\",\"@id\":\"https:\\\/\\\/www.juulrameau.com\\\/produkt\\\/toorts-armband\\\/#primaryimage\",\"url\":\"https:\\\/\\\/www.juulrameau.com\\\/wp-content\\\/uploads\\\/2023\\\/09\\\/2212-wk49-insta-juulrameau-toortssieraadarmband-3.jpg\",\"contentUrl\":\"https:\\\/\\\/www.juulrameau.com\\\/wp-content\\\/uploads\\\/2023\\\/09\\\/2212-wk49-insta-juulrameau-toortssieraadarmband-3.jpg\",\"width\":1000,\"height\":1000},{\"@type\":\"BreadcrumbList\",\"@id\":\"https:\\\/\\\/www.juulrameau.com\\\/produkt\\\/toorts-armband\\\/#breadcrumb\",\"itemListElement\":[{\"@type\":\"ListItem\",\"position\":1,\"name\":\"Home\",\"item\":\"https:\\\/\\\/www.juulrameau.com\\\/de\\\/\"},{\"@type\":\"ListItem\",\"position\":2,\"name\":\"Shop\",\"item\":\"https:\\\/\\\/www.juulrameau.com\\\/de\\\/shop\\\/\"},{\"@type\":\"ListItem\",\"position\":3,\"name\":\"Fackel-Armband\"}]},{\"@type\":\"WebSite\",\"@id\":\"https:\\\/\\\/www.juulrameau.com\\\/#website\",\"url\":\"https:\\\/\\\/www.juulrameau.com\\\/\",\"name\":\"Juul Rameau\",\"description\":\"\",\"potentialAction\":[{\"@type\":\"SearchAction\",\"target\":{\"@type\":\"EntryPoint\",\"urlTemplate\":\"https:\\\/\\\/www.juulrameau.com\\\/?s={search_term_string}\"},\"query-input\":{\"@type\":\"PropertyValueSpecification\",\"valueRequired\":true,\"valueName\":\"search_term_string\"}}],\"inLanguage\":\"de\"}]}<\/script>\n<!-- \/ Yoast SEO plugin. -->","yoast_head_json":{"title":"Fackel-Armband - Juul Rameau","robots":{"index":"index","follow":"follow","max-snippet":"max-snippet:-1","max-image-preview":"max-image-preview:large","max-video-preview":"max-video-preview:-1"},"canonical":"https:\/\/www.juulrameau.com\/produkt\/toorts-armband\/","og_locale":"de_DE","og_type":"article","og_title":"Fackel-Armband - Juul Rameau","og_description":"Schmuck f\u00fcr das Handgelenk mit charakteristischer Form, inspiriert von nat\u00fcrlichen Formen. Patinierter rostfreier Stahl. Die Form kann an das eigene Handgelenk angepasst werden Alle Schmuckst\u00fccke sind handgefertigt von Juul. Der Edelstahl ist patiniert, was ihm ein schillerndes Aussehen verleiht. Dadurch ist jedes Objekt einzigartig und hat seine eigene Note.","og_url":"https:\/\/www.juulrameau.com\/produkt\/toorts-armband\/","og_site_name":"Juul Rameau","og_image":[{"width":1000,"height":1000,"url":"https:\/\/www.juulrameau.com\/wp-content\/uploads\/2023\/09\/2212-wk49-insta-juulrameau-toortssieraadarmband-3.jpg","type":"image\/jpeg"}],"twitter_card":"summary_large_image","schema":{"@context":"https:\/\/schema.org","@graph":[{"@type":"WebPage","@id":"https:\/\/www.juulrameau.com\/produkt\/toorts-armband\/","url":"https:\/\/www.juulrameau.com\/produkt\/toorts-armband\/","name":"Fackel-Armband - Juul Rameau","isPartOf":{"@id":"https:\/\/www.juulrameau.com\/#website"},"primaryImageOfPage":{"@id":"https:\/\/www.juulrameau.com\/produkt\/toorts-armband\/#primaryimage"},"image":{"@id":"https:\/\/www.juulrameau.com\/produkt\/toorts-armband\/#primaryimage"},"thumbnailUrl":"https:\/\/www.juulrameau.com\/wp-content\/uploads\/2023\/09\/2212-wk49-insta-juulrameau-toortssieraadarmband-3.jpg","datePublished":"2023-09-29T17:47:01+00:00","breadcrumb":{"@id":"https:\/\/www.juulrameau.com\/produkt\/toorts-armband\/#breadcrumb"},"inLanguage":"de","potentialAction":[{"@type":"ReadAction","target":["https:\/\/www.juulrameau.com\/produkt\/toorts-armband\/"]}]},{"@type":"ImageObject","inLanguage":"de","@id":"https:\/\/www.juulrameau.com\/produkt\/toorts-armband\/#primaryimage","url":"https:\/\/www.juulrameau.com\/wp-content\/uploads\/2023\/09\/2212-wk49-insta-juulrameau-toortssieraadarmband-3.jpg","contentUrl":"https:\/\/www.juulrameau.com\/wp-content\/uploads\/2023\/09\/2212-wk49-insta-juulrameau-toortssieraadarmband-3.jpg","width":1000,"height":1000},{"@type":"BreadcrumbList","@id":"https:\/\/www.juulrameau.com\/produkt\/toorts-armband\/#breadcrumb","itemListElement":[{"@type":"ListItem","position":1,"name":"Home","item":"https:\/\/www.juulrameau.com\/de\/"},{"@type":"ListItem","position":2,"name":"Shop","item":"https:\/\/www.juulrameau.com\/de\/shop\/"},{"@type":"ListItem","position":3,"name":"Fackel-Armband"}]},{"@type":"WebSite","@id":"https:\/\/www.juulrameau.com\/#website","url":"https:\/\/www.juulrameau.com\/","name":"Juul Rameau","description":"","potentialAction":[{"@type":"SearchAction","target":{"@type":"EntryPoint","urlTemplate":"https:\/\/www.juulrameau.com\/?s={search_term_string}"},"query-input":{"@type":"PropertyValueSpecification","valueRequired":true,"valueName":"search_term_string"}}],"inLanguage":"de"}]}},"_links":{"self":[{"href":"https:\/\/www.juulrameau.com\/de\/wp-json\/wp\/v2\/product\/29473","targetHints":{"allow":["GET"]}}],"collection":[{"href":"https:\/\/www.juulrameau.com\/de\/wp-json\/wp\/v2\/product"}],"about":[{"href":"https:\/\/www.juulrameau.com\/de\/wp-json\/wp\/v2\/types\/product"}],"wp:featuredmedia":[{"embeddable":true,"href":"https:\/\/www.juulrameau.com\/de\/wp-json\/wp\/v2\/media\/29477"}],"wp:attachment":[{"href":"https:\/\/www.juulrameau.com\/de\/wp-json\/wp\/v2\/media?parent=29473"}],"wp:term":[{"taxonomy":"product_brand","embeddable":true,"href":"https:\/\/www.juulrameau.com\/de\/wp-json\/wp\/v2\/product_brand?post=29473"},{"taxonomy":"product_cat","embeddable":true,"href":"https:\/\/www.juulrameau.com\/de\/wp-json\/wp\/v2\/product_cat?post=29473"},{"taxonomy":"product_tag","embeddable":true,"href":"https:\/\/www.juulrameau.com\/de\/wp-json\/wp\/v2\/product_tag?post=29473"}],"curies":[{"name":"wp","href":"https:\/\/api.w.org\/{rel}","templated":true}]}}