{"id":29292,"date":"2023-09-29T19:42:56","date_gmt":"2023-09-29T17:42:56","guid":{"rendered":"https:\/\/www.juulrameau.com\/product\/natur-entgiftung\/"},"modified":"2023-09-29T19:42:56","modified_gmt":"2023-09-29T17:42:56","slug":"natur-entgiftung","status":"publish","type":"product","link":"https:\/\/www.juulrameau.com\/de\/produkt\/natur-entgiftung\/","title":{"rendered":"Natur Entgiftung"},"content":{"rendered":"<p>Gl\u00fcckliche Momente auf Papier festgehalten. Leichte, farbenfrohe und weiche&#8230;.. T\u00f6ne auf Papier festgehalten.<br \/>\nM\u00f6chten Sie auch den Au\u00dfenbereich mit einbeziehen?<\/p>\n<p>Die Natur hat eine beruhigende Wirkung auf Ihren K\u00f6rper und baut Stress ab. In Japan gibt es daf\u00fcr einen speziellen Namen: shinrin-yoku, oder Waldb\u00e4der. Sind Sie neugierig auf meine Erfahrungen, <strong><br \/>\n  <a href=\"https:\/\/youtu.be\/LG0otWxJG8k\" target=\"_blank\" rel=\"noopener noreferrer\">sehen Sie sich dieses Video an.<\/a><br \/>\n<\/strong><\/p>\n<p>Mit diesem Werk an Ihrer Wand werden Sie sich an einem sonnigen Fr\u00fchlingstag w\u00e4hnen. Schauen Sie durch Ihre Wimpern und denken Sie nach, vielleicht scheint Ihnen f\u00fcr einen Moment die Sonne auf die Wangen&#8230;.<\/p>\n<p>Sie k\u00f6nnen das Werk selbst in einem 50&#215;50 cm gro\u00dfen Rahmen einrahmen oder ich kann dies f\u00fcr Sie tun, in einem wei\u00df get\u00fcnchten Holzrahmen, so dass Sie es direkt an die Wand h\u00e4ngen k\u00f6nnen.<\/p>\n","protected":false},"excerpt":{"rendered":"<p>Gl\u00fcckliche Momente auf Papier festgehalten. Leichte, farbenfrohe und weiche&#8230;.. T\u00f6ne auf Papier festgehalten.<br \/>\nM\u00f6chten Sie auch den Au\u00dfenbereich mit einbeziehen?<\/p>\n<p>Die Natur hat eine beruhigende Wirkung auf Ihren K\u00f6rper und baut Stress ab. In Japan gibt es daf\u00fcr einen besonderen Namen: shinrin-yoku, oder Waldb\u00e4der. Wenn Sie sich f\u00fcr meine Erfahrungen interessieren, <a href=\"https:\/\/youtu.be\/LG0otWxJG8k\" target=\"_blank\" rel=\"noopener noreferrer\">sehen Sie sich dieses Video an.<\/a><\/p>\n<p>Mit diesem Werk an Ihrer Wand werden Sie sich an einem sonnigen Fr\u00fchlingstag w\u00e4hnen. Schauen Sie durch Ihre Wimpern und denken Sie nach, vielleicht scheint Ihnen f\u00fcr einen Moment die Sonne auf die Wangen&#8230;.<\/p>\n<p>Sie k\u00f6nnen das Werk selbst in einem 50&#215;50 cm gro\u00dfen Rahmen einrahmen oder ich kann dies f\u00fcr Sie tun, in einem wei\u00df get\u00fcnchten Holzrahmen, so dass Sie es direkt an die Wand h\u00e4ngen k\u00f6nnen.<\/p>\n","protected":false},"featured_media":29295,"template":"","meta":{"_acf_changed":false,"site-sidebar-layout":"default","site-content-layout":"","ast-site-content-layout":"default","site-content-style":"default","site-sidebar-style":"default","ast-global-header-display":"","ast-banner-title-visibility":"","ast-main-header-display":"","ast-hfb-above-header-display":"","ast-hfb-below-header-display":"","ast-hfb-mobile-header-display":"","site-post-title":"","ast-breadcrumbs-content":"","ast-featured-img":"","footer-sml-layout":"","ast-disable-related-posts":"","theme-transparent-header-meta":"","adv-header-id-meta":"","stick-header-meta":"","header-above-stick-meta":"","header-main-stick-meta":"","header-below-stick-meta":"","astra-migrate-meta-layouts":"default","ast-page-background-enabled":"default","ast-page-background-meta":{"desktop":{"background-color":"var(--ast-global-color-4)","background-image":"","background-repeat":"repeat","background-position":"center center","background-size":"auto","background-attachment":"scroll","background-type":"","background-media":"","overlay-type":"","overlay-color":"","overlay-opacity":"","overlay-gradient":""},"tablet":{"background-color":"","background-image":"","background-repeat":"repeat","background-position":"center center","background-size":"auto","background-attachment":"scroll","background-type":"","background-media":"","overlay-type":"","overlay-color":"","overlay-opacity":"","overlay-gradient":""},"mobile":{"background-color":"","background-image":"","background-repeat":"repeat","background-position":"center center","background-size":"auto","background-attachment":"scroll","background-type":"","background-media":"","overlay-type":"","overlay-color":"","overlay-opacity":"","overlay-gradient":""}},"ast-content-background-meta":{"desktop":{"background-color":"var(--ast-global-color-5)","background-image":"","background-repeat":"repeat","background-position":"center center","background-size":"auto","background-attachment":"scroll","background-type":"","background-media":"","overlay-type":"","overlay-color":"","overlay-opacity":"","overlay-gradient":""},"tablet":{"background-color":"var(--ast-global-color-5)","background-image":"","background-repeat":"repeat","background-position":"center center","background-size":"auto","background-attachment":"scroll","background-type":"","background-media":"","overlay-type":"","overlay-color":"","overlay-opacity":"","overlay-gradient":""},"mobile":{"background-color":"var(--ast-global-color-5)","background-image":"","background-repeat":"repeat","background-position":"center center","background-size":"auto","background-attachment":"scroll","background-type":"","background-media":"","overlay-type":"","overlay-color":"","overlay-opacity":"","overlay-gradient":""}}},"product_brand":[],"product_cat":[225],"product_tag":[],"class_list":{"0":"post-29292","1":"product","2":"type-product","3":"status-publish","4":"has-post-thumbnail","6":"product_cat-arbeiten-auf-papier","7":"product_shipping_class-groses-paket","8":"desktop-align-left","9":"tablet-align-left","10":"mobile-align-left","12":"first","13":"instock","14":"taxable","15":"shipping-taxable","16":"purchasable","17":"product-type-variable"},"acf":[],"yoast_head":"<!-- This site is optimized with the Yoast SEO plugin v27.4 - https:\/\/yoast.com\/product\/yoast-seo-wordpress\/ -->\n<title>Natur Entgiftung - Juul Rameau<\/title>\n<meta name=\"robots\" content=\"index, follow, max-snippet:-1, max-image-preview:large, max-video-preview:-1\" \/>\n<link rel=\"canonical\" href=\"https:\/\/www.juulrameau.com\/produkt\/nature-detox\/\" \/>\n<meta property=\"og:locale\" content=\"de_DE\" \/>\n<meta property=\"og:type\" content=\"article\" \/>\n<meta property=\"og:title\" content=\"Natur Entgiftung - Juul Rameau\" \/>\n<meta property=\"og:description\" content=\"Gl\u00fcckliche Momente auf Papier festgehalten. Leichte, farbenfrohe und weiche..... T\u00f6ne auf Papier festgehalten. M\u00f6chten Sie auch den Au\u00dfenbereich mit einbeziehen? Die Natur hat eine beruhigende Wirkung auf Ihren K\u00f6rper und baut Stress ab. In Japan gibt es daf\u00fcr einen besonderen Namen: shinrin-yoku, oder Waldb\u00e4der. Wenn Sie sich f\u00fcr meine Erfahrungen interessieren, sehen Sie sich dieses Video an. Mit diesem Werk an Ihrer Wand werden Sie sich an einem sonnigen Fr\u00fchlingstag w\u00e4hnen. Schauen Sie durch Ihre Wimpern und denken Sie nach, vielleicht scheint Ihnen f\u00fcr einen Moment die Sonne auf die Wangen.... Sie k\u00f6nnen das Werk selbst in einem 50x50 cm gro\u00dfen Rahmen einrahmen oder ich kann dies f\u00fcr Sie tun, in einem wei\u00df get\u00fcnchten Holzrahmen, so dass Sie es direkt an die Wand h\u00e4ngen k\u00f6nnen.\" \/>\n<meta property=\"og:url\" content=\"https:\/\/www.juulrameau.com\/produkt\/nature-detox\/\" \/>\n<meta property=\"og:site_name\" content=\"Juul Rameau\" \/>\n<meta property=\"og:image\" content=\"https:\/\/www.juulrameau.com\/wp-content\/uploads\/2023\/09\/200327_studio_juul_rameau_photo_bos-reflectie-067_vk-wb.jpg\" \/>\n\t<meta property=\"og:image:width\" content=\"600\" \/>\n\t<meta property=\"og:image:height\" content=\"600\" \/>\n\t<meta property=\"og:image:type\" content=\"image\/jpeg\" \/>\n<meta name=\"twitter:card\" content=\"summary_large_image\" \/>\n<meta name=\"twitter:label1\" content=\"Gesch\u00e4tzte Lesezeit\" \/>\n\t<meta name=\"twitter:data1\" content=\"1\u00a0Minute\" \/>\n<script type=\"application\/ld+json\" class=\"yoast-schema-graph\">{\"@context\":\"https:\\\/\\\/schema.org\",\"@graph\":[{\"@type\":\"WebPage\",\"@id\":\"https:\\\/\\\/www.juulrameau.com\\\/produkt\\\/nature-detox\\\/\",\"url\":\"https:\\\/\\\/www.juulrameau.com\\\/produkt\\\/nature-detox\\\/\",\"name\":\"Natur Entgiftung - Juul Rameau\",\"isPartOf\":{\"@id\":\"https:\\\/\\\/www.juulrameau.com\\\/#website\"},\"primaryImageOfPage\":{\"@id\":\"https:\\\/\\\/www.juulrameau.com\\\/produkt\\\/nature-detox\\\/#primaryimage\"},\"image\":{\"@id\":\"https:\\\/\\\/www.juulrameau.com\\\/produkt\\\/nature-detox\\\/#primaryimage\"},\"thumbnailUrl\":\"https:\\\/\\\/www.juulrameau.com\\\/wp-content\\\/uploads\\\/2023\\\/09\\\/200327_studio_juul_rameau_photo_bos-reflectie-067_vk-wb.jpg\",\"datePublished\":\"2023-09-29T17:42:56+00:00\",\"breadcrumb\":{\"@id\":\"https:\\\/\\\/www.juulrameau.com\\\/produkt\\\/nature-detox\\\/#breadcrumb\"},\"inLanguage\":\"de\",\"potentialAction\":[{\"@type\":\"ReadAction\",\"target\":[\"https:\\\/\\\/www.juulrameau.com\\\/produkt\\\/nature-detox\\\/\"]}]},{\"@type\":\"ImageObject\",\"inLanguage\":\"de\",\"@id\":\"https:\\\/\\\/www.juulrameau.com\\\/produkt\\\/nature-detox\\\/#primaryimage\",\"url\":\"https:\\\/\\\/www.juulrameau.com\\\/wp-content\\\/uploads\\\/2023\\\/09\\\/200327_studio_juul_rameau_photo_bos-reflectie-067_vk-wb.jpg\",\"contentUrl\":\"https:\\\/\\\/www.juulrameau.com\\\/wp-content\\\/uploads\\\/2023\\\/09\\\/200327_studio_juul_rameau_photo_bos-reflectie-067_vk-wb.jpg\",\"width\":600,\"height\":600},{\"@type\":\"BreadcrumbList\",\"@id\":\"https:\\\/\\\/www.juulrameau.com\\\/produkt\\\/nature-detox\\\/#breadcrumb\",\"itemListElement\":[{\"@type\":\"ListItem\",\"position\":1,\"name\":\"Home\",\"item\":\"https:\\\/\\\/www.juulrameau.com\\\/de\\\/\"},{\"@type\":\"ListItem\",\"position\":2,\"name\":\"Shop\",\"item\":\"https:\\\/\\\/www.juulrameau.com\\\/de\\\/shop\\\/\"},{\"@type\":\"ListItem\",\"position\":3,\"name\":\"Natur Entgiftung\"}]},{\"@type\":\"WebSite\",\"@id\":\"https:\\\/\\\/www.juulrameau.com\\\/#website\",\"url\":\"https:\\\/\\\/www.juulrameau.com\\\/\",\"name\":\"Juul Rameau\",\"description\":\"\",\"potentialAction\":[{\"@type\":\"SearchAction\",\"target\":{\"@type\":\"EntryPoint\",\"urlTemplate\":\"https:\\\/\\\/www.juulrameau.com\\\/?s={search_term_string}\"},\"query-input\":{\"@type\":\"PropertyValueSpecification\",\"valueRequired\":true,\"valueName\":\"search_term_string\"}}],\"inLanguage\":\"de\"}]}<\/script>\n<!-- \/ Yoast SEO plugin. -->","yoast_head_json":{"title":"Natur Entgiftung - Juul Rameau","robots":{"index":"index","follow":"follow","max-snippet":"max-snippet:-1","max-image-preview":"max-image-preview:large","max-video-preview":"max-video-preview:-1"},"canonical":"https:\/\/www.juulrameau.com\/produkt\/nature-detox\/","og_locale":"de_DE","og_type":"article","og_title":"Natur Entgiftung - Juul Rameau","og_description":"Gl\u00fcckliche Momente auf Papier festgehalten. Leichte, farbenfrohe und weiche..... T\u00f6ne auf Papier festgehalten. M\u00f6chten Sie auch den Au\u00dfenbereich mit einbeziehen? Die Natur hat eine beruhigende Wirkung auf Ihren K\u00f6rper und baut Stress ab. In Japan gibt es daf\u00fcr einen besonderen Namen: shinrin-yoku, oder Waldb\u00e4der. Wenn Sie sich f\u00fcr meine Erfahrungen interessieren, sehen Sie sich dieses Video an. Mit diesem Werk an Ihrer Wand werden Sie sich an einem sonnigen Fr\u00fchlingstag w\u00e4hnen. Schauen Sie durch Ihre Wimpern und denken Sie nach, vielleicht scheint Ihnen f\u00fcr einen Moment die Sonne auf die Wangen.... Sie k\u00f6nnen das Werk selbst in einem 50x50 cm gro\u00dfen Rahmen einrahmen oder ich kann dies f\u00fcr Sie tun, in einem wei\u00df get\u00fcnchten Holzrahmen, so dass Sie es direkt an die Wand h\u00e4ngen k\u00f6nnen.","og_url":"https:\/\/www.juulrameau.com\/produkt\/nature-detox\/","og_site_name":"Juul Rameau","og_image":[{"width":600,"height":600,"url":"https:\/\/www.juulrameau.com\/wp-content\/uploads\/2023\/09\/200327_studio_juul_rameau_photo_bos-reflectie-067_vk-wb.jpg","type":"image\/jpeg"}],"twitter_card":"summary_large_image","twitter_misc":{"Gesch\u00e4tzte Lesezeit":"1\u00a0Minute"},"schema":{"@context":"https:\/\/schema.org","@graph":[{"@type":"WebPage","@id":"https:\/\/www.juulrameau.com\/produkt\/nature-detox\/","url":"https:\/\/www.juulrameau.com\/produkt\/nature-detox\/","name":"Natur Entgiftung - Juul Rameau","isPartOf":{"@id":"https:\/\/www.juulrameau.com\/#website"},"primaryImageOfPage":{"@id":"https:\/\/www.juulrameau.com\/produkt\/nature-detox\/#primaryimage"},"image":{"@id":"https:\/\/www.juulrameau.com\/produkt\/nature-detox\/#primaryimage"},"thumbnailUrl":"https:\/\/www.juulrameau.com\/wp-content\/uploads\/2023\/09\/200327_studio_juul_rameau_photo_bos-reflectie-067_vk-wb.jpg","datePublished":"2023-09-29T17:42:56+00:00","breadcrumb":{"@id":"https:\/\/www.juulrameau.com\/produkt\/nature-detox\/#breadcrumb"},"inLanguage":"de","potentialAction":[{"@type":"ReadAction","target":["https:\/\/www.juulrameau.com\/produkt\/nature-detox\/"]}]},{"@type":"ImageObject","inLanguage":"de","@id":"https:\/\/www.juulrameau.com\/produkt\/nature-detox\/#primaryimage","url":"https:\/\/www.juulrameau.com\/wp-content\/uploads\/2023\/09\/200327_studio_juul_rameau_photo_bos-reflectie-067_vk-wb.jpg","contentUrl":"https:\/\/www.juulrameau.com\/wp-content\/uploads\/2023\/09\/200327_studio_juul_rameau_photo_bos-reflectie-067_vk-wb.jpg","width":600,"height":600},{"@type":"BreadcrumbList","@id":"https:\/\/www.juulrameau.com\/produkt\/nature-detox\/#breadcrumb","itemListElement":[{"@type":"ListItem","position":1,"name":"Home","item":"https:\/\/www.juulrameau.com\/de\/"},{"@type":"ListItem","position":2,"name":"Shop","item":"https:\/\/www.juulrameau.com\/de\/shop\/"},{"@type":"ListItem","position":3,"name":"Natur Entgiftung"}]},{"@type":"WebSite","@id":"https:\/\/www.juulrameau.com\/#website","url":"https:\/\/www.juulrameau.com\/","name":"Juul Rameau","description":"","potentialAction":[{"@type":"SearchAction","target":{"@type":"EntryPoint","urlTemplate":"https:\/\/www.juulrameau.com\/?s={search_term_string}"},"query-input":{"@type":"PropertyValueSpecification","valueRequired":true,"valueName":"search_term_string"}}],"inLanguage":"de"}]}},"_links":{"self":[{"href":"https:\/\/www.juulrameau.com\/de\/wp-json\/wp\/v2\/product\/29292","targetHints":{"allow":["GET"]}}],"collection":[{"href":"https:\/\/www.juulrameau.com\/de\/wp-json\/wp\/v2\/product"}],"about":[{"href":"https:\/\/www.juulrameau.com\/de\/wp-json\/wp\/v2\/types\/product"}],"wp:featuredmedia":[{"embeddable":true,"href":"https:\/\/www.juulrameau.com\/de\/wp-json\/wp\/v2\/media\/29295"}],"wp:attachment":[{"href":"https:\/\/www.juulrameau.com\/de\/wp-json\/wp\/v2\/media?parent=29292"}],"wp:term":[{"taxonomy":"product_brand","embeddable":true,"href":"https:\/\/www.juulrameau.com\/de\/wp-json\/wp\/v2\/product_brand?post=29292"},{"taxonomy":"product_cat","embeddable":true,"href":"https:\/\/www.juulrameau.com\/de\/wp-json\/wp\/v2\/product_cat?post=29292"},{"taxonomy":"product_tag","embeddable":true,"href":"https:\/\/www.juulrameau.com\/de\/wp-json\/wp\/v2\/product_tag?post=29292"}],"curies":[{"name":"wp","href":"https:\/\/api.w.org\/{rel}","templated":true}]}}