{"id":29281,"date":"2023-09-29T19:42:36","date_gmt":"2023-09-29T17:42:36","guid":{"rendered":"https:\/\/www.juulrameau.com\/product\/101-mohnblumen-84\/"},"modified":"2023-09-29T19:42:36","modified_gmt":"2023-09-29T17:42:36","slug":"101-mohnblumen-84","status":"publish","type":"product","link":"https:\/\/www.juulrameau.com\/de\/produkt\/101-mohnblumen-84\/","title":{"rendered":"101 Mohnblumen &#8211; #84"},"content":{"rendered":"","protected":false},"excerpt":{"rendered":"<p>\u00c4tzen<br \/>\n10 x 10 cm<br \/>\nIn einer Auflage von 3<br \/>\nHanemuhle Papier<\/p>\n<h1>Ein magischer Moment<\/h1>\n<p>Kurz bevor der Sommer beginnt, sind die Mohnblumen an einem Tag nicht da, und am n\u00e4chsten Tag sehe ich sie pl\u00f6tzlich \u00fcberall. Im Park, entlang der Stra\u00dfe, an der B\u00f6schung. Ich finde das faszinierend. Als ob dieser eine Fr\u00fchlingsregen den letzten Ansto\u00df geben w\u00fcrde. Ob die Sonne an diesem Tag gerade genug geschienen hat, dass all diese Mohnblumen gemeinsam dachten: &#8222;Das ist der Moment. Ein magischer Moment. Ein Moment, den Sie in Ehren halten sollten, denn eine zerbrechliche Mohnblume bl\u00fcht nur f\u00fcr kurze Zeit.<\/p>\n<h2>Einrahmung<\/h2>\n<p>Sie k\u00f6nnen die Mohnblumen auch gerahmt kaufen. Senden Sie dazu eine E-Mail mit der Nummer der Mohnblume und der Bitte, sie eingerahmt zu erhalten. Der Preis f\u00fcr einen gerahmten Druck mit Aluminiumrahmen betr\u00e4gt \u20ac165<\/p>\n<h3>Buchen Sie<\/h3>\n<p>Ich habe diese gesamte Serie in einem Buch zusammengefasst.  <a href=\"https:\/\/www.juulrameau.com\/product\/boek-101-papavers-in-een-dag\/\">Das Buch ist hier noch erh\u00e4ltlich.<\/a><\/p>\n","protected":false},"featured_media":29282,"template":"","meta":{"_acf_changed":false,"site-sidebar-layout":"default","site-content-layout":"","ast-site-content-layout":"default","site-content-style":"default","site-sidebar-style":"default","ast-global-header-display":"","ast-banner-title-visibility":"","ast-main-header-display":"","ast-hfb-above-header-display":"","ast-hfb-below-header-display":"","ast-hfb-mobile-header-display":"","site-post-title":"","ast-breadcrumbs-content":"","ast-featured-img":"","footer-sml-layout":"","ast-disable-related-posts":"","theme-transparent-header-meta":"","adv-header-id-meta":"","stick-header-meta":"","header-above-stick-meta":"","header-main-stick-meta":"","header-below-stick-meta":"","astra-migrate-meta-layouts":"default","ast-page-background-enabled":"default","ast-page-background-meta":{"desktop":{"background-color":"var(--ast-global-color-4)","background-image":"","background-repeat":"repeat","background-position":"center center","background-size":"auto","background-attachment":"scroll","background-type":"","background-media":"","overlay-type":"","overlay-color":"","overlay-opacity":"","overlay-gradient":""},"tablet":{"background-color":"","background-image":"","background-repeat":"repeat","background-position":"center center","background-size":"auto","background-attachment":"scroll","background-type":"","background-media":"","overlay-type":"","overlay-color":"","overlay-opacity":"","overlay-gradient":""},"mobile":{"background-color":"","background-image":"","background-repeat":"repeat","background-position":"center center","background-size":"auto","background-attachment":"scroll","background-type":"","background-media":"","overlay-type":"","overlay-color":"","overlay-opacity":"","overlay-gradient":""}},"ast-content-background-meta":{"desktop":{"background-color":"var(--ast-global-color-5)","background-image":"","background-repeat":"repeat","background-position":"center center","background-size":"auto","background-attachment":"scroll","background-type":"","background-media":"","overlay-type":"","overlay-color":"","overlay-opacity":"","overlay-gradient":""},"tablet":{"background-color":"var(--ast-global-color-5)","background-image":"","background-repeat":"repeat","background-position":"center center","background-size":"auto","background-attachment":"scroll","background-type":"","background-media":"","overlay-type":"","overlay-color":"","overlay-opacity":"","overlay-gradient":""},"mobile":{"background-color":"var(--ast-global-color-5)","background-image":"","background-repeat":"repeat","background-position":"center center","background-size":"auto","background-attachment":"scroll","background-type":"","background-media":"","overlay-type":"","overlay-color":"","overlay-opacity":"","overlay-gradient":""}}},"product_brand":[],"product_cat":[201],"product_tag":[211,204,207],"class_list":{"0":"post-29281","1":"product","2":"type-product","3":"status-publish","4":"has-post-thumbnail","6":"product_cat-101-mohnradierungen","7":"product_tag-atzen-2","8":"product_tag-grafik","9":"product_tag-kunst-de","10":"product_shipping_class-kleines-paket","11":"desktop-align-left","12":"tablet-align-left","13":"mobile-align-left","15":"first","16":"instock","17":"taxable","18":"shipping-taxable","19":"purchasable","20":"product-type-simple"},"acf":[],"yoast_head":"<!-- This site is optimized with the Yoast SEO plugin v27.3 - https:\/\/yoast.com\/product\/yoast-seo-wordpress\/ -->\n<title>101 Mohnblumen - #84 - Juul Rameau<\/title>\n<meta name=\"robots\" content=\"index, follow, max-snippet:-1, max-image-preview:large, max-video-preview:-1\" \/>\n<link rel=\"canonical\" href=\"https:\/\/www.juulrameau.com\/produkt\/101-papavers-84\/\" \/>\n<meta property=\"og:locale\" content=\"de_DE\" \/>\n<meta property=\"og:type\" content=\"article\" \/>\n<meta property=\"og:title\" content=\"101 Mohnblumen - #84 - Juul Rameau\" \/>\n<meta property=\"og:description\" content=\"\u00c4tzen 10 x 10 cm In einer Auflage von 3 Hanemuhle Papier Ein magischer Moment Kurz bevor der Sommer beginnt, sind die Mohnblumen an einem Tag nicht da, und am n\u00e4chsten Tag sehe ich sie pl\u00f6tzlich \u00fcberall. Im Park, entlang der Stra\u00dfe, an der B\u00f6schung. Ich finde das faszinierend. Als ob dieser eine Fr\u00fchlingsregen den letzten Ansto\u00df geben w\u00fcrde. Ob die Sonne an diesem Tag gerade genug geschienen hat, dass all diese Mohnblumen gemeinsam dachten: &quot;Das ist der Moment. Ein magischer Moment. Ein Moment, den Sie in Ehren halten sollten, denn eine zerbrechliche Mohnblume bl\u00fcht nur f\u00fcr kurze Zeit. Einrahmung Sie k\u00f6nnen die Mohnblumen auch gerahmt kaufen. Senden Sie dazu eine E-Mail mit der Nummer der Mohnblume und der Bitte, sie eingerahmt zu erhalten. Der Preis f\u00fcr einen gerahmten Druck mit Aluminiumrahmen betr\u00e4gt \u20ac165 Buchen Sie Ich habe diese gesamte Serie in einem Buch zusammengefasst. Das Buch ist hier noch erh\u00e4ltlich.\" \/>\n<meta property=\"og:url\" content=\"https:\/\/www.juulrameau.com\/produkt\/101-papavers-84\/\" \/>\n<meta property=\"og:site_name\" content=\"Juul Rameau\" \/>\n<meta property=\"og:image\" content=\"https:\/\/www.juulrameau.com\/wp-content\/uploads\/2023\/09\/101_papavers_poppys_studio_juul_rameau_art_grafiek_printmaking_084.jpg\" \/>\n\t<meta property=\"og:image:width\" content=\"791\" \/>\n\t<meta property=\"og:image:height\" content=\"800\" \/>\n\t<meta property=\"og:image:type\" content=\"image\/jpeg\" \/>\n<meta name=\"twitter:card\" content=\"summary_large_image\" \/>\n<script type=\"application\/ld+json\" class=\"yoast-schema-graph\">{\"@context\":\"https:\\\/\\\/schema.org\",\"@graph\":[{\"@type\":\"WebPage\",\"@id\":\"https:\\\/\\\/www.juulrameau.com\\\/produkt\\\/101-papavers-84\\\/\",\"url\":\"https:\\\/\\\/www.juulrameau.com\\\/produkt\\\/101-papavers-84\\\/\",\"name\":\"101 Mohnblumen - #84 - Juul Rameau\",\"isPartOf\":{\"@id\":\"https:\\\/\\\/www.juulrameau.com\\\/#website\"},\"primaryImageOfPage\":{\"@id\":\"https:\\\/\\\/www.juulrameau.com\\\/produkt\\\/101-papavers-84\\\/#primaryimage\"},\"image\":{\"@id\":\"https:\\\/\\\/www.juulrameau.com\\\/produkt\\\/101-papavers-84\\\/#primaryimage\"},\"thumbnailUrl\":\"https:\\\/\\\/www.juulrameau.com\\\/wp-content\\\/uploads\\\/2023\\\/09\\\/101_papavers_poppys_studio_juul_rameau_art_grafiek_printmaking_084.jpg\",\"datePublished\":\"2023-09-29T17:42:36+00:00\",\"breadcrumb\":{\"@id\":\"https:\\\/\\\/www.juulrameau.com\\\/produkt\\\/101-papavers-84\\\/#breadcrumb\"},\"inLanguage\":\"de\",\"potentialAction\":[{\"@type\":\"ReadAction\",\"target\":[\"https:\\\/\\\/www.juulrameau.com\\\/produkt\\\/101-papavers-84\\\/\"]}]},{\"@type\":\"ImageObject\",\"inLanguage\":\"de\",\"@id\":\"https:\\\/\\\/www.juulrameau.com\\\/produkt\\\/101-papavers-84\\\/#primaryimage\",\"url\":\"https:\\\/\\\/www.juulrameau.com\\\/wp-content\\\/uploads\\\/2023\\\/09\\\/101_papavers_poppys_studio_juul_rameau_art_grafiek_printmaking_084.jpg\",\"contentUrl\":\"https:\\\/\\\/www.juulrameau.com\\\/wp-content\\\/uploads\\\/2023\\\/09\\\/101_papavers_poppys_studio_juul_rameau_art_grafiek_printmaking_084.jpg\",\"width\":791,\"height\":800},{\"@type\":\"BreadcrumbList\",\"@id\":\"https:\\\/\\\/www.juulrameau.com\\\/produkt\\\/101-papavers-84\\\/#breadcrumb\",\"itemListElement\":[{\"@type\":\"ListItem\",\"position\":1,\"name\":\"Home\",\"item\":\"https:\\\/\\\/www.juulrameau.com\\\/de\\\/\"},{\"@type\":\"ListItem\",\"position\":2,\"name\":\"Shop\",\"item\":\"https:\\\/\\\/www.juulrameau.com\\\/de\\\/shop\\\/\"},{\"@type\":\"ListItem\",\"position\":3,\"name\":\"101 Mohnblumen &#8211; #84\"}]},{\"@type\":\"WebSite\",\"@id\":\"https:\\\/\\\/www.juulrameau.com\\\/#website\",\"url\":\"https:\\\/\\\/www.juulrameau.com\\\/\",\"name\":\"Juul Rameau\",\"description\":\"\",\"potentialAction\":[{\"@type\":\"SearchAction\",\"target\":{\"@type\":\"EntryPoint\",\"urlTemplate\":\"https:\\\/\\\/www.juulrameau.com\\\/?s={search_term_string}\"},\"query-input\":{\"@type\":\"PropertyValueSpecification\",\"valueRequired\":true,\"valueName\":\"search_term_string\"}}],\"inLanguage\":\"de\"}]}<\/script>\n<!-- \/ Yoast SEO plugin. -->","yoast_head_json":{"title":"101 Mohnblumen - #84 - Juul Rameau","robots":{"index":"index","follow":"follow","max-snippet":"max-snippet:-1","max-image-preview":"max-image-preview:large","max-video-preview":"max-video-preview:-1"},"canonical":"https:\/\/www.juulrameau.com\/produkt\/101-papavers-84\/","og_locale":"de_DE","og_type":"article","og_title":"101 Mohnblumen - #84 - Juul Rameau","og_description":"\u00c4tzen 10 x 10 cm In einer Auflage von 3 Hanemuhle Papier Ein magischer Moment Kurz bevor der Sommer beginnt, sind die Mohnblumen an einem Tag nicht da, und am n\u00e4chsten Tag sehe ich sie pl\u00f6tzlich \u00fcberall. Im Park, entlang der Stra\u00dfe, an der B\u00f6schung. Ich finde das faszinierend. Als ob dieser eine Fr\u00fchlingsregen den letzten Ansto\u00df geben w\u00fcrde. Ob die Sonne an diesem Tag gerade genug geschienen hat, dass all diese Mohnblumen gemeinsam dachten: \"Das ist der Moment. Ein magischer Moment. Ein Moment, den Sie in Ehren halten sollten, denn eine zerbrechliche Mohnblume bl\u00fcht nur f\u00fcr kurze Zeit. Einrahmung Sie k\u00f6nnen die Mohnblumen auch gerahmt kaufen. Senden Sie dazu eine E-Mail mit der Nummer der Mohnblume und der Bitte, sie eingerahmt zu erhalten. Der Preis f\u00fcr einen gerahmten Druck mit Aluminiumrahmen betr\u00e4gt \u20ac165 Buchen Sie Ich habe diese gesamte Serie in einem Buch zusammengefasst. Das Buch ist hier noch erh\u00e4ltlich.","og_url":"https:\/\/www.juulrameau.com\/produkt\/101-papavers-84\/","og_site_name":"Juul Rameau","og_image":[{"width":791,"height":800,"url":"https:\/\/www.juulrameau.com\/wp-content\/uploads\/2023\/09\/101_papavers_poppys_studio_juul_rameau_art_grafiek_printmaking_084.jpg","type":"image\/jpeg"}],"twitter_card":"summary_large_image","schema":{"@context":"https:\/\/schema.org","@graph":[{"@type":"WebPage","@id":"https:\/\/www.juulrameau.com\/produkt\/101-papavers-84\/","url":"https:\/\/www.juulrameau.com\/produkt\/101-papavers-84\/","name":"101 Mohnblumen - #84 - Juul Rameau","isPartOf":{"@id":"https:\/\/www.juulrameau.com\/#website"},"primaryImageOfPage":{"@id":"https:\/\/www.juulrameau.com\/produkt\/101-papavers-84\/#primaryimage"},"image":{"@id":"https:\/\/www.juulrameau.com\/produkt\/101-papavers-84\/#primaryimage"},"thumbnailUrl":"https:\/\/www.juulrameau.com\/wp-content\/uploads\/2023\/09\/101_papavers_poppys_studio_juul_rameau_art_grafiek_printmaking_084.jpg","datePublished":"2023-09-29T17:42:36+00:00","breadcrumb":{"@id":"https:\/\/www.juulrameau.com\/produkt\/101-papavers-84\/#breadcrumb"},"inLanguage":"de","potentialAction":[{"@type":"ReadAction","target":["https:\/\/www.juulrameau.com\/produkt\/101-papavers-84\/"]}]},{"@type":"ImageObject","inLanguage":"de","@id":"https:\/\/www.juulrameau.com\/produkt\/101-papavers-84\/#primaryimage","url":"https:\/\/www.juulrameau.com\/wp-content\/uploads\/2023\/09\/101_papavers_poppys_studio_juul_rameau_art_grafiek_printmaking_084.jpg","contentUrl":"https:\/\/www.juulrameau.com\/wp-content\/uploads\/2023\/09\/101_papavers_poppys_studio_juul_rameau_art_grafiek_printmaking_084.jpg","width":791,"height":800},{"@type":"BreadcrumbList","@id":"https:\/\/www.juulrameau.com\/produkt\/101-papavers-84\/#breadcrumb","itemListElement":[{"@type":"ListItem","position":1,"name":"Home","item":"https:\/\/www.juulrameau.com\/de\/"},{"@type":"ListItem","position":2,"name":"Shop","item":"https:\/\/www.juulrameau.com\/de\/shop\/"},{"@type":"ListItem","position":3,"name":"101 Mohnblumen &#8211; #84"}]},{"@type":"WebSite","@id":"https:\/\/www.juulrameau.com\/#website","url":"https:\/\/www.juulrameau.com\/","name":"Juul Rameau","description":"","potentialAction":[{"@type":"SearchAction","target":{"@type":"EntryPoint","urlTemplate":"https:\/\/www.juulrameau.com\/?s={search_term_string}"},"query-input":{"@type":"PropertyValueSpecification","valueRequired":true,"valueName":"search_term_string"}}],"inLanguage":"de"}]}},"_links":{"self":[{"href":"https:\/\/www.juulrameau.com\/de\/wp-json\/wp\/v2\/product\/29281","targetHints":{"allow":["GET"]}}],"collection":[{"href":"https:\/\/www.juulrameau.com\/de\/wp-json\/wp\/v2\/product"}],"about":[{"href":"https:\/\/www.juulrameau.com\/de\/wp-json\/wp\/v2\/types\/product"}],"wp:featuredmedia":[{"embeddable":true,"href":"https:\/\/www.juulrameau.com\/de\/wp-json\/wp\/v2\/media\/29282"}],"wp:attachment":[{"href":"https:\/\/www.juulrameau.com\/de\/wp-json\/wp\/v2\/media?parent=29281"}],"wp:term":[{"taxonomy":"product_brand","embeddable":true,"href":"https:\/\/www.juulrameau.com\/de\/wp-json\/wp\/v2\/product_brand?post=29281"},{"taxonomy":"product_cat","embeddable":true,"href":"https:\/\/www.juulrameau.com\/de\/wp-json\/wp\/v2\/product_cat?post=29281"},{"taxonomy":"product_tag","embeddable":true,"href":"https:\/\/www.juulrameau.com\/de\/wp-json\/wp\/v2\/product_tag?post=29281"}],"curies":[{"name":"wp","href":"https:\/\/api.w.org\/{rel}","templated":true}]}}