{"id":29153,"date":"2023-09-29T19:39:44","date_gmt":"2023-09-29T17:39:44","guid":{"rendered":"https:\/\/www.juulrameau.com\/product\/tauschrahmen-buch-101-mohnblumen\/"},"modified":"2023-09-29T19:39:44","modified_gmt":"2023-09-29T17:39:44","slug":"tauschrahmen-buch-101-mohnblumen","status":"publish","type":"product","link":"https:\/\/www.juulrameau.com\/de\/produkt\/tauschrahmen-buch-101-mohnblumen\/","title":{"rendered":"Tauschrahmen Buch 101 Mohnblumen"},"content":{"rendered":"<p>F\u00fcr das Buch 101 Mohnblumen an einem Tag hat Juul einen Wechselrahmen entworfen, in dem das Buch aufgeklappt pr\u00e4sentiert werden kann. So entsteht ein Kunstwerk mit 30 Gesichtern (die Anzahl der Seiten im Buch).<\/p>\n<p>\u00dcber das Buch: Eine poetische Sammlung von 101 Mohnblumen, die von Juul ge\u00e4tzt wurden, begleitet von Gedichten von ihr.<\/p>\n","protected":false},"excerpt":{"rendered":"<p>Wechselrahmen Buch 101 Mohnblumen<br \/>\n101 Mohnblumen in Originalgr\u00f6\u00dfe<br \/>\nGedichte und andere Texte<br \/>\nErkl\u00e4ren von handwerklichen Drucktechniken<\/p>\n","protected":false},"featured_media":29147,"template":"","meta":{"_acf_changed":false,"site-sidebar-layout":"default","site-content-layout":"","ast-site-content-layout":"default","site-content-style":"default","site-sidebar-style":"default","ast-global-header-display":"","ast-banner-title-visibility":"","ast-main-header-display":"","ast-hfb-above-header-display":"","ast-hfb-below-header-display":"","ast-hfb-mobile-header-display":"","site-post-title":"","ast-breadcrumbs-content":"","ast-featured-img":"","footer-sml-layout":"","ast-disable-related-posts":"","theme-transparent-header-meta":"","adv-header-id-meta":"","stick-header-meta":"","header-above-stick-meta":"","header-main-stick-meta":"","header-below-stick-meta":"","astra-migrate-meta-layouts":"default","ast-page-background-enabled":"default","ast-page-background-meta":{"desktop":{"background-color":"var(--ast-global-color-4)","background-image":"","background-repeat":"repeat","background-position":"center center","background-size":"auto","background-attachment":"scroll","background-type":"","background-media":"","overlay-type":"","overlay-color":"","overlay-opacity":"","overlay-gradient":""},"tablet":{"background-color":"","background-image":"","background-repeat":"repeat","background-position":"center center","background-size":"auto","background-attachment":"scroll","background-type":"","background-media":"","overlay-type":"","overlay-color":"","overlay-opacity":"","overlay-gradient":""},"mobile":{"background-color":"","background-image":"","background-repeat":"repeat","background-position":"center center","background-size":"auto","background-attachment":"scroll","background-type":"","background-media":"","overlay-type":"","overlay-color":"","overlay-opacity":"","overlay-gradient":""}},"ast-content-background-meta":{"desktop":{"background-color":"var(--ast-global-color-5)","background-image":"","background-repeat":"repeat","background-position":"center center","background-size":"auto","background-attachment":"scroll","background-type":"","background-media":"","overlay-type":"","overlay-color":"","overlay-opacity":"","overlay-gradient":""},"tablet":{"background-color":"var(--ast-global-color-5)","background-image":"","background-repeat":"repeat","background-position":"center center","background-size":"auto","background-attachment":"scroll","background-type":"","background-media":"","overlay-type":"","overlay-color":"","overlay-opacity":"","overlay-gradient":""},"mobile":{"background-color":"var(--ast-global-color-5)","background-image":"","background-repeat":"repeat","background-position":"center center","background-size":"auto","background-attachment":"scroll","background-type":"","background-media":"","overlay-type":"","overlay-color":"","overlay-opacity":"","overlay-gradient":""}}},"product_brand":[],"product_cat":[201],"product_tag":[],"class_list":{"0":"post-29153","1":"product","2":"type-product","3":"status-publish","4":"has-post-thumbnail","6":"product_cat-101-mohnradierungen","7":"product_shipping_class-kleines-paket","8":"desktop-align-left","9":"tablet-align-left","10":"mobile-align-left","12":"first","13":"instock","14":"taxable","15":"shipping-taxable","16":"purchasable","17":"product-type-simple"},"acf":[],"yoast_head":"<!-- This site is optimized with the Yoast SEO plugin v27.5 - https:\/\/yoast.com\/product\/yoast-seo-wordpress\/ -->\n<title>Tauschrahmen Buch 101 Mohnblumen - Juul Rameau<\/title>\n<meta name=\"robots\" content=\"index, follow, max-snippet:-1, max-image-preview:large, max-video-preview:-1\" \/>\n<link rel=\"canonical\" href=\"https:\/\/www.juulrameau.com\/produkt\/wissellijst-boek-101-papavers\/\" \/>\n<meta property=\"og:locale\" content=\"de_DE\" \/>\n<meta property=\"og:type\" content=\"article\" \/>\n<meta property=\"og:title\" content=\"Tauschrahmen Buch 101 Mohnblumen - Juul Rameau\" \/>\n<meta property=\"og:description\" content=\"Wechselrahmen Buch 101 Mohnblumen 101 Mohnblumen in Originalgr\u00f6\u00dfe Gedichte und andere Texte Erkl\u00e4ren von handwerklichen Drucktechniken\" \/>\n<meta property=\"og:url\" content=\"https:\/\/www.juulrameau.com\/produkt\/wissellijst-boek-101-papavers\/\" \/>\n<meta property=\"og:site_name\" content=\"Juul Rameau\" \/>\n<meta property=\"og:image\" content=\"https:\/\/www.juulrameau.com\/wp-content\/uploads\/2023\/09\/pf-boek-101-papavers-in-een-dag-art-kunst-studio-juul-rameau-biophilic-design-3.jpg\" \/>\n\t<meta property=\"og:image:width\" content=\"1920\" \/>\n\t<meta property=\"og:image:height\" content=\"1440\" \/>\n\t<meta property=\"og:image:type\" content=\"image\/jpeg\" \/>\n<meta name=\"twitter:card\" content=\"summary_large_image\" \/>\n<script type=\"application\/ld+json\" class=\"yoast-schema-graph\">{\"@context\":\"https:\\\/\\\/schema.org\",\"@graph\":[{\"@type\":\"WebPage\",\"@id\":\"https:\\\/\\\/www.juulrameau.com\\\/produkt\\\/wissellijst-boek-101-papavers\\\/\",\"url\":\"https:\\\/\\\/www.juulrameau.com\\\/produkt\\\/wissellijst-boek-101-papavers\\\/\",\"name\":\"Tauschrahmen Buch 101 Mohnblumen - Juul Rameau\",\"isPartOf\":{\"@id\":\"https:\\\/\\\/www.juulrameau.com\\\/#website\"},\"primaryImageOfPage\":{\"@id\":\"https:\\\/\\\/www.juulrameau.com\\\/produkt\\\/wissellijst-boek-101-papavers\\\/#primaryimage\"},\"image\":{\"@id\":\"https:\\\/\\\/www.juulrameau.com\\\/produkt\\\/wissellijst-boek-101-papavers\\\/#primaryimage\"},\"thumbnailUrl\":\"https:\\\/\\\/www.juulrameau.com\\\/wp-content\\\/uploads\\\/2023\\\/09\\\/pf-boek-101-papavers-in-een-dag-art-kunst-studio-juul-rameau-biophilic-design-3.jpg\",\"datePublished\":\"2023-09-29T17:39:44+00:00\",\"breadcrumb\":{\"@id\":\"https:\\\/\\\/www.juulrameau.com\\\/produkt\\\/wissellijst-boek-101-papavers\\\/#breadcrumb\"},\"inLanguage\":\"de\",\"potentialAction\":[{\"@type\":\"ReadAction\",\"target\":[\"https:\\\/\\\/www.juulrameau.com\\\/produkt\\\/wissellijst-boek-101-papavers\\\/\"]}]},{\"@type\":\"ImageObject\",\"inLanguage\":\"de\",\"@id\":\"https:\\\/\\\/www.juulrameau.com\\\/produkt\\\/wissellijst-boek-101-papavers\\\/#primaryimage\",\"url\":\"https:\\\/\\\/www.juulrameau.com\\\/wp-content\\\/uploads\\\/2023\\\/09\\\/pf-boek-101-papavers-in-een-dag-art-kunst-studio-juul-rameau-biophilic-design-3.jpg\",\"contentUrl\":\"https:\\\/\\\/www.juulrameau.com\\\/wp-content\\\/uploads\\\/2023\\\/09\\\/pf-boek-101-papavers-in-een-dag-art-kunst-studio-juul-rameau-biophilic-design-3.jpg\",\"width\":1920,\"height\":1440},{\"@type\":\"BreadcrumbList\",\"@id\":\"https:\\\/\\\/www.juulrameau.com\\\/produkt\\\/wissellijst-boek-101-papavers\\\/#breadcrumb\",\"itemListElement\":[{\"@type\":\"ListItem\",\"position\":1,\"name\":\"Home\",\"item\":\"https:\\\/\\\/www.juulrameau.com\\\/de\\\/\"},{\"@type\":\"ListItem\",\"position\":2,\"name\":\"Shop\",\"item\":\"https:\\\/\\\/www.juulrameau.com\\\/de\\\/shop\\\/\"},{\"@type\":\"ListItem\",\"position\":3,\"name\":\"Tauschrahmen Buch 101 Mohnblumen\"}]},{\"@type\":\"WebSite\",\"@id\":\"https:\\\/\\\/www.juulrameau.com\\\/#website\",\"url\":\"https:\\\/\\\/www.juulrameau.com\\\/\",\"name\":\"Juul Rameau\",\"description\":\"\",\"potentialAction\":[{\"@type\":\"SearchAction\",\"target\":{\"@type\":\"EntryPoint\",\"urlTemplate\":\"https:\\\/\\\/www.juulrameau.com\\\/?s={search_term_string}\"},\"query-input\":{\"@type\":\"PropertyValueSpecification\",\"valueRequired\":true,\"valueName\":\"search_term_string\"}}],\"inLanguage\":\"de\"}]}<\/script>\n<!-- \/ Yoast SEO plugin. -->","yoast_head_json":{"title":"Tauschrahmen Buch 101 Mohnblumen - Juul Rameau","robots":{"index":"index","follow":"follow","max-snippet":"max-snippet:-1","max-image-preview":"max-image-preview:large","max-video-preview":"max-video-preview:-1"},"canonical":"https:\/\/www.juulrameau.com\/produkt\/wissellijst-boek-101-papavers\/","og_locale":"de_DE","og_type":"article","og_title":"Tauschrahmen Buch 101 Mohnblumen - Juul Rameau","og_description":"Wechselrahmen Buch 101 Mohnblumen 101 Mohnblumen in Originalgr\u00f6\u00dfe Gedichte und andere Texte Erkl\u00e4ren von handwerklichen Drucktechniken","og_url":"https:\/\/www.juulrameau.com\/produkt\/wissellijst-boek-101-papavers\/","og_site_name":"Juul Rameau","og_image":[{"width":1920,"height":1440,"url":"https:\/\/www.juulrameau.com\/wp-content\/uploads\/2023\/09\/pf-boek-101-papavers-in-een-dag-art-kunst-studio-juul-rameau-biophilic-design-3.jpg","type":"image\/jpeg"}],"twitter_card":"summary_large_image","schema":{"@context":"https:\/\/schema.org","@graph":[{"@type":"WebPage","@id":"https:\/\/www.juulrameau.com\/produkt\/wissellijst-boek-101-papavers\/","url":"https:\/\/www.juulrameau.com\/produkt\/wissellijst-boek-101-papavers\/","name":"Tauschrahmen Buch 101 Mohnblumen - Juul Rameau","isPartOf":{"@id":"https:\/\/www.juulrameau.com\/#website"},"primaryImageOfPage":{"@id":"https:\/\/www.juulrameau.com\/produkt\/wissellijst-boek-101-papavers\/#primaryimage"},"image":{"@id":"https:\/\/www.juulrameau.com\/produkt\/wissellijst-boek-101-papavers\/#primaryimage"},"thumbnailUrl":"https:\/\/www.juulrameau.com\/wp-content\/uploads\/2023\/09\/pf-boek-101-papavers-in-een-dag-art-kunst-studio-juul-rameau-biophilic-design-3.jpg","datePublished":"2023-09-29T17:39:44+00:00","breadcrumb":{"@id":"https:\/\/www.juulrameau.com\/produkt\/wissellijst-boek-101-papavers\/#breadcrumb"},"inLanguage":"de","potentialAction":[{"@type":"ReadAction","target":["https:\/\/www.juulrameau.com\/produkt\/wissellijst-boek-101-papavers\/"]}]},{"@type":"ImageObject","inLanguage":"de","@id":"https:\/\/www.juulrameau.com\/produkt\/wissellijst-boek-101-papavers\/#primaryimage","url":"https:\/\/www.juulrameau.com\/wp-content\/uploads\/2023\/09\/pf-boek-101-papavers-in-een-dag-art-kunst-studio-juul-rameau-biophilic-design-3.jpg","contentUrl":"https:\/\/www.juulrameau.com\/wp-content\/uploads\/2023\/09\/pf-boek-101-papavers-in-een-dag-art-kunst-studio-juul-rameau-biophilic-design-3.jpg","width":1920,"height":1440},{"@type":"BreadcrumbList","@id":"https:\/\/www.juulrameau.com\/produkt\/wissellijst-boek-101-papavers\/#breadcrumb","itemListElement":[{"@type":"ListItem","position":1,"name":"Home","item":"https:\/\/www.juulrameau.com\/de\/"},{"@type":"ListItem","position":2,"name":"Shop","item":"https:\/\/www.juulrameau.com\/de\/shop\/"},{"@type":"ListItem","position":3,"name":"Tauschrahmen Buch 101 Mohnblumen"}]},{"@type":"WebSite","@id":"https:\/\/www.juulrameau.com\/#website","url":"https:\/\/www.juulrameau.com\/","name":"Juul Rameau","description":"","potentialAction":[{"@type":"SearchAction","target":{"@type":"EntryPoint","urlTemplate":"https:\/\/www.juulrameau.com\/?s={search_term_string}"},"query-input":{"@type":"PropertyValueSpecification","valueRequired":true,"valueName":"search_term_string"}}],"inLanguage":"de"}]}},"_links":{"self":[{"href":"https:\/\/www.juulrameau.com\/de\/wp-json\/wp\/v2\/product\/29153","targetHints":{"allow":["GET"]}}],"collection":[{"href":"https:\/\/www.juulrameau.com\/de\/wp-json\/wp\/v2\/product"}],"about":[{"href":"https:\/\/www.juulrameau.com\/de\/wp-json\/wp\/v2\/types\/product"}],"wp:featuredmedia":[{"embeddable":true,"href":"https:\/\/www.juulrameau.com\/de\/wp-json\/wp\/v2\/media\/29147"}],"wp:attachment":[{"href":"https:\/\/www.juulrameau.com\/de\/wp-json\/wp\/v2\/media?parent=29153"}],"wp:term":[{"taxonomy":"product_brand","embeddable":true,"href":"https:\/\/www.juulrameau.com\/de\/wp-json\/wp\/v2\/product_brand?post=29153"},{"taxonomy":"product_cat","embeddable":true,"href":"https:\/\/www.juulrameau.com\/de\/wp-json\/wp\/v2\/product_cat?post=29153"},{"taxonomy":"product_tag","embeddable":true,"href":"https:\/\/www.juulrameau.com\/de\/wp-json\/wp\/v2\/product_tag?post=29153"}],"curies":[{"name":"wp","href":"https:\/\/api.w.org\/{rel}","templated":true}]}}