{"id":29018,"date":"2023-09-29T19:39:44","date_gmt":"2023-09-29T17:39:44","guid":{"rendered":"https:\/\/www.juulrameau.com\/product\/cos-beschichteter-stahl\/"},"modified":"2024-05-15T11:49:52","modified_gmt":"2024-05-15T09:49:52","slug":"cos-beschichteter-stahl","status":"publish","type":"product","link":"https:\/\/www.juulrameau.com\/de\/produkt\/cos-beschichteter-stahl\/","title":{"rendered":"Cos &#8211; beschichteter Stahl"},"content":{"rendered":"","protected":false},"excerpt":{"rendered":"<p>Gr\u00f6\u00dfe 30 x 30 x 200 cm<br \/>\nF\u00fcr Innen- und Au\u00dfenanwendungen<\/p>\n<p>Fordern Sie ein Angebot \u00fcber das Formular an.<\/p>\n<p>Cos (zellulare organische Struktur) funktioniert als Eingriff in den Raum, in dem es sich befindet und besticht durch sein Spiel mit dem Licht, das direkt mit der Natur verbunden ist. Die Ann\u00e4herung von Cos ver\u00e4ndert das Muster und stimuliert die Sinne.<\/p>\n<p>Das Design des Musters wurde von zellul\u00e4ren Strukturen inspiriert, aus denen alles Leben besteht. So gibt die Designerin Juul Rameau ihrer Arbeit durch ihre Faszination f\u00fcr die Natur Form und Substanz.<\/p>\n<p>Das handgefertigte Muster wurde in die moderne Technik des Laserschneidens \u00fcbertragen und wird von leidenschaftlichen Handwerkern hergestellt. Cos ist mit einer LED-Beleuchtung ausgestattet, die ein angenehmes, weiches Licht erzeugt, das die Zellstruktur hervorhebt, und ist f\u00fcr den Innen- und Au\u00dfenbereich geeignet.<\/p>\n<p>K\u00f6nnte auch in einer Cortenstahl-Version erh\u00e4ltlich sein.<\/p>\n","protected":false},"featured_media":29022,"template":"","meta":{"_acf_changed":false,"site-sidebar-layout":"default","site-content-layout":"","ast-site-content-layout":"default","site-content-style":"default","site-sidebar-style":"default","ast-global-header-display":"","ast-banner-title-visibility":"","ast-main-header-display":"","ast-hfb-above-header-display":"","ast-hfb-below-header-display":"","ast-hfb-mobile-header-display":"","site-post-title":"","ast-breadcrumbs-content":"","ast-featured-img":"","footer-sml-layout":"","ast-disable-related-posts":"","theme-transparent-header-meta":"default","adv-header-id-meta":"","stick-header-meta":"","header-above-stick-meta":"","header-main-stick-meta":"","header-below-stick-meta":"","astra-migrate-meta-layouts":"default","ast-page-background-enabled":"default","ast-page-background-meta":{"desktop":{"background-color":"var(--ast-global-color-4)","background-image":"","background-repeat":"repeat","background-position":"center center","background-size":"auto","background-attachment":"scroll","background-type":"","background-media":"","overlay-type":"","overlay-color":"","overlay-opacity":"","overlay-gradient":""},"tablet":{"background-color":"","background-image":"","background-repeat":"repeat","background-position":"center center","background-size":"auto","background-attachment":"scroll","background-type":"","background-media":"","overlay-type":"","overlay-color":"","overlay-opacity":"","overlay-gradient":""},"mobile":{"background-color":"","background-image":"","background-repeat":"repeat","background-position":"center center","background-size":"auto","background-attachment":"scroll","background-type":"","background-media":"","overlay-type":"","overlay-color":"","overlay-opacity":"","overlay-gradient":""}},"ast-content-background-meta":{"desktop":{"background-color":"var(--ast-global-color-5)","background-image":"","background-repeat":"repeat","background-position":"center center","background-size":"auto","background-attachment":"scroll","background-type":"","background-media":"","overlay-type":"","overlay-color":"","overlay-opacity":"","overlay-gradient":""},"tablet":{"background-color":"var(--ast-global-color-5)","background-image":"","background-repeat":"repeat","background-position":"center center","background-size":"auto","background-attachment":"scroll","background-type":"","background-media":"","overlay-type":"","overlay-color":"","overlay-opacity":"","overlay-gradient":""},"mobile":{"background-color":"var(--ast-global-color-5)","background-image":"","background-repeat":"repeat","background-position":"center center","background-size":"auto","background-attachment":"scroll","background-type":"","background-media":"","overlay-type":"","overlay-color":"","overlay-opacity":"","overlay-gradient":""}}},"product_brand":[],"product_cat":[200],"product_tag":[213,202,205,210,212,208],"class_list":{"0":"post-29018","1":"product","2":"type-product","3":"status-publish","4":"has-post-thumbnail","6":"product_cat-beleuchtung","7":"product_tag-beleuchtung","8":"product_tag-cortens-stahl","9":"product_tag-gartenskulptur","10":"product_tag-luxus-gartenbeleuchtung","11":"product_tag-luxusbeleuchtung","12":"product_tag-luxusdesign","13":"desktop-align-left","14":"tablet-align-left","15":"mobile-align-left","17":"first","18":"instock","19":"taxable","20":"shipping-taxable","21":"purchasable","22":"product-type-simple"},"acf":[],"yoast_head":"<!-- This site is optimized with the Yoast SEO plugin v27.3 - https:\/\/yoast.com\/product\/yoast-seo-wordpress\/ -->\n<title>Cos - beschichteter Stahl - Juul Rameau<\/title>\n<meta name=\"robots\" content=\"index, follow, max-snippet:-1, max-image-preview:large, max-video-preview:-1\" \/>\n<link rel=\"canonical\" href=\"https:\/\/www.juulrameau.com\/de\/produkt\/cos-beschichteter-stahl\/\" \/>\n<meta property=\"og:locale\" content=\"de_DE\" \/>\n<meta property=\"og:type\" content=\"article\" \/>\n<meta property=\"og:title\" content=\"Cos - beschichteter Stahl - Juul Rameau\" \/>\n<meta property=\"og:description\" content=\"Gr\u00f6\u00dfe 30 x 30 x 200 cm F\u00fcr Innen- und Au\u00dfenanwendungen Fordern Sie ein Angebot \u00fcber das Formular an. Cos (zellulare organische Struktur) funktioniert als Eingriff in den Raum, in dem es sich befindet und besticht durch sein Spiel mit dem Licht, das direkt mit der Natur verbunden ist. Die Ann\u00e4herung von Cos ver\u00e4ndert das Muster und stimuliert die Sinne. Das Design des Musters wurde von zellul\u00e4ren Strukturen inspiriert, aus denen alles Leben besteht. So gibt die Designerin Juul Rameau ihrer Arbeit durch ihre Faszination f\u00fcr die Natur Form und Substanz. Das handgefertigte Muster wurde in die moderne Technik des Laserschneidens \u00fcbertragen und wird von leidenschaftlichen Handwerkern hergestellt. Cos ist mit einer LED-Beleuchtung ausgestattet, die ein angenehmes, weiches Licht erzeugt, das die Zellstruktur hervorhebt, und ist f\u00fcr den Innen- und Au\u00dfenbereich geeignet. K\u00f6nnte auch in einer Cortenstahl-Version erh\u00e4ltlich sein.\" \/>\n<meta property=\"og:url\" content=\"https:\/\/www.juulrameau.com\/de\/produkt\/cos-beschichteter-stahl\/\" \/>\n<meta property=\"og:site_name\" content=\"Juul Rameau\" \/>\n<meta property=\"article:modified_time\" content=\"2024-05-15T09:49:52+00:00\" \/>\n<meta property=\"og:image\" content=\"https:\/\/www.juulrameau.com\/wp-content\/uploads\/2023\/09\/pf-CoS-lichtobject-product-design-studio-juul-rameau-biophilic-design-5.jpg\" \/>\n\t<meta property=\"og:image:width\" content=\"1281\" \/>\n\t<meta property=\"og:image:height\" content=\"1920\" \/>\n\t<meta property=\"og:image:type\" content=\"image\/jpeg\" \/>\n<meta name=\"twitter:card\" content=\"summary_large_image\" \/>\n<script type=\"application\/ld+json\" class=\"yoast-schema-graph\">{\"@context\":\"https:\\\/\\\/schema.org\",\"@graph\":[{\"@type\":\"WebPage\",\"@id\":\"https:\\\/\\\/www.juulrameau.com\\\/de\\\/produkt\\\/cos-beschichteter-stahl\\\/\",\"url\":\"https:\\\/\\\/www.juulrameau.com\\\/de\\\/produkt\\\/cos-beschichteter-stahl\\\/\",\"name\":\"Cos - beschichteter Stahl - Juul Rameau\",\"isPartOf\":{\"@id\":\"https:\\\/\\\/www.juulrameau.com\\\/#website\"},\"primaryImageOfPage\":{\"@id\":\"https:\\\/\\\/www.juulrameau.com\\\/de\\\/produkt\\\/cos-beschichteter-stahl\\\/#primaryimage\"},\"image\":{\"@id\":\"https:\\\/\\\/www.juulrameau.com\\\/de\\\/produkt\\\/cos-beschichteter-stahl\\\/#primaryimage\"},\"thumbnailUrl\":\"https:\\\/\\\/www.juulrameau.com\\\/wp-content\\\/uploads\\\/2023\\\/09\\\/pf-CoS-lichtobject-product-design-studio-juul-rameau-biophilic-design-5.jpg\",\"datePublished\":\"2023-09-29T17:39:44+00:00\",\"dateModified\":\"2024-05-15T09:49:52+00:00\",\"breadcrumb\":{\"@id\":\"https:\\\/\\\/www.juulrameau.com\\\/de\\\/produkt\\\/cos-beschichteter-stahl\\\/#breadcrumb\"},\"inLanguage\":\"de\",\"potentialAction\":[{\"@type\":\"ReadAction\",\"target\":[\"https:\\\/\\\/www.juulrameau.com\\\/de\\\/produkt\\\/cos-beschichteter-stahl\\\/\"]}]},{\"@type\":\"ImageObject\",\"inLanguage\":\"de\",\"@id\":\"https:\\\/\\\/www.juulrameau.com\\\/de\\\/produkt\\\/cos-beschichteter-stahl\\\/#primaryimage\",\"url\":\"https:\\\/\\\/www.juulrameau.com\\\/wp-content\\\/uploads\\\/2023\\\/09\\\/pf-CoS-lichtobject-product-design-studio-juul-rameau-biophilic-design-5.jpg\",\"contentUrl\":\"https:\\\/\\\/www.juulrameau.com\\\/wp-content\\\/uploads\\\/2023\\\/09\\\/pf-CoS-lichtobject-product-design-studio-juul-rameau-biophilic-design-5.jpg\",\"width\":1281,\"height\":1920},{\"@type\":\"BreadcrumbList\",\"@id\":\"https:\\\/\\\/www.juulrameau.com\\\/de\\\/produkt\\\/cos-beschichteter-stahl\\\/#breadcrumb\",\"itemListElement\":[{\"@type\":\"ListItem\",\"position\":1,\"name\":\"Home\",\"item\":\"https:\\\/\\\/www.juulrameau.com\\\/de\\\/\"},{\"@type\":\"ListItem\",\"position\":2,\"name\":\"Shop\",\"item\":\"https:\\\/\\\/www.juulrameau.com\\\/de\\\/shop\\\/\"},{\"@type\":\"ListItem\",\"position\":3,\"name\":\"Cos &#8211; beschichteter Stahl\"}]},{\"@type\":\"WebSite\",\"@id\":\"https:\\\/\\\/www.juulrameau.com\\\/#website\",\"url\":\"https:\\\/\\\/www.juulrameau.com\\\/\",\"name\":\"Juul Rameau\",\"description\":\"\",\"potentialAction\":[{\"@type\":\"SearchAction\",\"target\":{\"@type\":\"EntryPoint\",\"urlTemplate\":\"https:\\\/\\\/www.juulrameau.com\\\/?s={search_term_string}\"},\"query-input\":{\"@type\":\"PropertyValueSpecification\",\"valueRequired\":true,\"valueName\":\"search_term_string\"}}],\"inLanguage\":\"de\"}]}<\/script>\n<!-- \/ Yoast SEO plugin. -->","yoast_head_json":{"title":"Cos - beschichteter Stahl - Juul Rameau","robots":{"index":"index","follow":"follow","max-snippet":"max-snippet:-1","max-image-preview":"max-image-preview:large","max-video-preview":"max-video-preview:-1"},"canonical":"https:\/\/www.juulrameau.com\/de\/produkt\/cos-beschichteter-stahl\/","og_locale":"de_DE","og_type":"article","og_title":"Cos - beschichteter Stahl - Juul Rameau","og_description":"Gr\u00f6\u00dfe 30 x 30 x 200 cm F\u00fcr Innen- und Au\u00dfenanwendungen Fordern Sie ein Angebot \u00fcber das Formular an. Cos (zellulare organische Struktur) funktioniert als Eingriff in den Raum, in dem es sich befindet und besticht durch sein Spiel mit dem Licht, das direkt mit der Natur verbunden ist. Die Ann\u00e4herung von Cos ver\u00e4ndert das Muster und stimuliert die Sinne. Das Design des Musters wurde von zellul\u00e4ren Strukturen inspiriert, aus denen alles Leben besteht. So gibt die Designerin Juul Rameau ihrer Arbeit durch ihre Faszination f\u00fcr die Natur Form und Substanz. Das handgefertigte Muster wurde in die moderne Technik des Laserschneidens \u00fcbertragen und wird von leidenschaftlichen Handwerkern hergestellt. Cos ist mit einer LED-Beleuchtung ausgestattet, die ein angenehmes, weiches Licht erzeugt, das die Zellstruktur hervorhebt, und ist f\u00fcr den Innen- und Au\u00dfenbereich geeignet. K\u00f6nnte auch in einer Cortenstahl-Version erh\u00e4ltlich sein.","og_url":"https:\/\/www.juulrameau.com\/de\/produkt\/cos-beschichteter-stahl\/","og_site_name":"Juul Rameau","article_modified_time":"2024-05-15T09:49:52+00:00","og_image":[{"width":1281,"height":1920,"url":"https:\/\/www.juulrameau.com\/wp-content\/uploads\/2023\/09\/pf-CoS-lichtobject-product-design-studio-juul-rameau-biophilic-design-5.jpg","type":"image\/jpeg"}],"twitter_card":"summary_large_image","schema":{"@context":"https:\/\/schema.org","@graph":[{"@type":"WebPage","@id":"https:\/\/www.juulrameau.com\/de\/produkt\/cos-beschichteter-stahl\/","url":"https:\/\/www.juulrameau.com\/de\/produkt\/cos-beschichteter-stahl\/","name":"Cos - beschichteter Stahl - Juul Rameau","isPartOf":{"@id":"https:\/\/www.juulrameau.com\/#website"},"primaryImageOfPage":{"@id":"https:\/\/www.juulrameau.com\/de\/produkt\/cos-beschichteter-stahl\/#primaryimage"},"image":{"@id":"https:\/\/www.juulrameau.com\/de\/produkt\/cos-beschichteter-stahl\/#primaryimage"},"thumbnailUrl":"https:\/\/www.juulrameau.com\/wp-content\/uploads\/2023\/09\/pf-CoS-lichtobject-product-design-studio-juul-rameau-biophilic-design-5.jpg","datePublished":"2023-09-29T17:39:44+00:00","dateModified":"2024-05-15T09:49:52+00:00","breadcrumb":{"@id":"https:\/\/www.juulrameau.com\/de\/produkt\/cos-beschichteter-stahl\/#breadcrumb"},"inLanguage":"de","potentialAction":[{"@type":"ReadAction","target":["https:\/\/www.juulrameau.com\/de\/produkt\/cos-beschichteter-stahl\/"]}]},{"@type":"ImageObject","inLanguage":"de","@id":"https:\/\/www.juulrameau.com\/de\/produkt\/cos-beschichteter-stahl\/#primaryimage","url":"https:\/\/www.juulrameau.com\/wp-content\/uploads\/2023\/09\/pf-CoS-lichtobject-product-design-studio-juul-rameau-biophilic-design-5.jpg","contentUrl":"https:\/\/www.juulrameau.com\/wp-content\/uploads\/2023\/09\/pf-CoS-lichtobject-product-design-studio-juul-rameau-biophilic-design-5.jpg","width":1281,"height":1920},{"@type":"BreadcrumbList","@id":"https:\/\/www.juulrameau.com\/de\/produkt\/cos-beschichteter-stahl\/#breadcrumb","itemListElement":[{"@type":"ListItem","position":1,"name":"Home","item":"https:\/\/www.juulrameau.com\/de\/"},{"@type":"ListItem","position":2,"name":"Shop","item":"https:\/\/www.juulrameau.com\/de\/shop\/"},{"@type":"ListItem","position":3,"name":"Cos &#8211; beschichteter Stahl"}]},{"@type":"WebSite","@id":"https:\/\/www.juulrameau.com\/#website","url":"https:\/\/www.juulrameau.com\/","name":"Juul Rameau","description":"","potentialAction":[{"@type":"SearchAction","target":{"@type":"EntryPoint","urlTemplate":"https:\/\/www.juulrameau.com\/?s={search_term_string}"},"query-input":{"@type":"PropertyValueSpecification","valueRequired":true,"valueName":"search_term_string"}}],"inLanguage":"de"}]}},"_links":{"self":[{"href":"https:\/\/www.juulrameau.com\/de\/wp-json\/wp\/v2\/product\/29018","targetHints":{"allow":["GET"]}}],"collection":[{"href":"https:\/\/www.juulrameau.com\/de\/wp-json\/wp\/v2\/product"}],"about":[{"href":"https:\/\/www.juulrameau.com\/de\/wp-json\/wp\/v2\/types\/product"}],"wp:featuredmedia":[{"embeddable":true,"href":"https:\/\/www.juulrameau.com\/de\/wp-json\/wp\/v2\/media\/29022"}],"wp:attachment":[{"href":"https:\/\/www.juulrameau.com\/de\/wp-json\/wp\/v2\/media?parent=29018"}],"wp:term":[{"taxonomy":"product_brand","embeddable":true,"href":"https:\/\/www.juulrameau.com\/de\/wp-json\/wp\/v2\/product_brand?post=29018"},{"taxonomy":"product_cat","embeddable":true,"href":"https:\/\/www.juulrameau.com\/de\/wp-json\/wp\/v2\/product_cat?post=29018"},{"taxonomy":"product_tag","embeddable":true,"href":"https:\/\/www.juulrameau.com\/de\/wp-json\/wp\/v2\/product_tag?post=29018"}],"curies":[{"name":"wp","href":"https:\/\/api.w.org\/{rel}","templated":true}]}}