{"id":28869,"date":"2023-12-28T12:31:35","date_gmt":"2023-12-28T11:31:35","guid":{"rendered":"https:\/\/www.juulrameau.com\/lieferzeiten-und-versandkosten\/"},"modified":"2024-05-15T11:43:05","modified_gmt":"2024-05-15T09:43:05","slug":"lieferzeiten-und-versandkosten","status":"publish","type":"page","link":"https:\/\/www.juulrameau.com\/de\/lieferzeiten-und-versandkosten\/","title":{"rendered":"Lieferzeiten und Versandkosten"},"content":{"rendered":"\t\t<div data-elementor-type=\"wp-page\" data-elementor-id=\"28869\" class=\"elementor elementor-28869 elementor-1154\" data-elementor-post-type=\"page\">\n\t\t\t\t<div class=\"elementor-element elementor-element-af4bc74 e-flex e-con-boxed e-con e-parent\" data-id=\"af4bc74\" data-element_type=\"container\" data-e-type=\"container\">\n\t\t\t\t\t<div class=\"e-con-inner\">\n\t\t\t\t<div class=\"elementor-element elementor-element-7490da7 elementor-widget elementor-widget-spacer\" data-id=\"7490da7\" data-element_type=\"widget\" data-e-type=\"widget\" data-widget_type=\"spacer.default\">\n\t\t\t\t<div class=\"elementor-widget-container\">\n\t\t\t\t\t\t\t<div class=\"elementor-spacer\">\n\t\t\t<div class=\"elementor-spacer-inner\"><\/div>\n\t\t<\/div>\n\t\t\t\t\t\t<\/div>\n\t\t\t\t<\/div>\n\t\t\t\t<div class=\"elementor-element elementor-element-fb15665 elementor-widget elementor-widget-heading\" data-id=\"fb15665\" data-element_type=\"widget\" data-e-type=\"widget\" data-widget_type=\"heading.default\">\n\t\t\t\t<div class=\"elementor-widget-container\">\n\t\t\t\t\t<h2 class=\"elementor-heading-title elementor-size-default\">Lieferzeiten und Versandkosten<\/h2>\t\t\t\t<\/div>\n\t\t\t\t<\/div>\n\t\t\t\t<div class=\"elementor-element elementor-element-efd20d6 elementor-widget elementor-widget-spacer\" data-id=\"efd20d6\" data-element_type=\"widget\" data-e-type=\"widget\" data-widget_type=\"spacer.default\">\n\t\t\t\t<div class=\"elementor-widget-container\">\n\t\t\t\t\t\t\t<div class=\"elementor-spacer\">\n\t\t\t<div class=\"elementor-spacer-inner\"><\/div>\n\t\t<\/div>\n\t\t\t\t\t\t<\/div>\n\t\t\t\t<\/div>\n\t\t\t\t<div class=\"elementor-element elementor-element-132fd40 elementor-widget elementor-widget-text-editor\" data-id=\"132fd40\" data-element_type=\"widget\" data-e-type=\"widget\" data-widget_type=\"text-editor.default\">\n\t\t\t\t<div class=\"elementor-widget-container\">\n\t\t\t\t\t\t\t\t\t<h3>Lieferfrist  <\/h3>\n<p>Wir werden unser Bestes tun, um Ihnen die Bestellung so schnell wie m\u00f6glich zuzustellen. Wir versuchen, Bestellungen innerhalb von 3 Tagen zu versenden. Allerdings gelingt es uns nicht immer, dies zu erf\u00fcllen. Manchmal sind Produkte nicht auf Lager und dann kann die Lieferung Ihrer Bestellung etwas l\u00e4nger dauern. Eine Angabe zur Lieferzeit finden Sie auf der Produktseite. Sollten wir diese Lieferzeit aus irgendeinem Grund nicht einhalten k\u00f6nnen, werden wir Sie nat\u00fcrlich so schnell wie m\u00f6glich informieren.<\/p>\n<p>Die Lieferung erfolgt \u00fcber den Postboten oder den Paketdienst von DHL. Im Allgemeinen erfolgt die Lieferung nach dem Versand am n\u00e4chsten Werktag zwischen 9:00 und 18:00 Uhr. Leider k\u00f6nnen wir den Zeitpunkt der Lieferung nicht garantieren.<\/p>\n<h3>Kosten f\u00fcr den Versand<\/h3>\n<p>Die angegebenen Preise enthalten keine Versandkosten.<\/p>\n<p>Da Juul Rameau verschiedene Produkte in unterschiedlichen Materialien anbietet, k\u00f6nnen die Versandkosten stark variieren. Die aktuellen Versandkosten finden Sie auf der Produktseite.<\/p>\n\t\t\t\t\t\t\t\t<\/div>\n\t\t\t\t<\/div>\n\t\t\t\t<div class=\"elementor-element elementor-element-31ea3cc elementor-widget elementor-widget-spacer\" data-id=\"31ea3cc\" data-element_type=\"widget\" data-e-type=\"widget\" data-widget_type=\"spacer.default\">\n\t\t\t\t<div class=\"elementor-widget-container\">\n\t\t\t\t\t\t\t<div class=\"elementor-spacer\">\n\t\t\t<div class=\"elementor-spacer-inner\"><\/div>\n\t\t<\/div>\n\t\t\t\t\t\t<\/div>\n\t\t\t\t<\/div>\n\t\t\t\t\t<\/div>\n\t\t\t\t<\/div>\n\t\t\t\t<\/div>\n\t\t","protected":false},"excerpt":{"rendered":"<p>Lieferzeiten und Versandkosten Lieferfrist Wir werden unser Bestes tun, um Ihnen die Bestellung so schnell wie m\u00f6glich zuzustellen. Wir versuchen, Bestellungen innerhalb von 3 Tagen zu versenden. Allerdings gelingt es uns nicht immer, dies zu erf\u00fcllen. Manchmal sind Produkte nicht auf Lager und dann kann die Lieferung Ihrer Bestellung etwas l\u00e4nger dauern. Eine Angabe zur [&hellip;]<\/p>\n","protected":false},"author":2,"featured_media":0,"parent":0,"menu_order":0,"comment_status":"closed","ping_status":"closed","template":"","meta":{"_acf_changed":false,"site-sidebar-layout":"no-sidebar","site-content-layout":"","ast-site-content-layout":"full-width-container","site-content-style":"default","site-sidebar-style":"default","ast-global-header-display":"","ast-banner-title-visibility":"","ast-main-header-display":"","ast-hfb-above-header-display":"","ast-hfb-below-header-display":"","ast-hfb-mobile-header-display":"","site-post-title":"disabled","ast-breadcrumbs-content":"","ast-featured-img":"disabled","footer-sml-layout":"","ast-disable-related-posts":"","theme-transparent-header-meta":"","adv-header-id-meta":"","stick-header-meta":"","header-above-stick-meta":"","header-main-stick-meta":"","header-below-stick-meta":"","astra-migrate-meta-layouts":"default","ast-page-background-enabled":"default","ast-page-background-meta":{"desktop":{"background-color":"var(--ast-global-color-4)","background-image":"","background-repeat":"repeat","background-position":"center center","background-size":"auto","background-attachment":"scroll","background-type":"","background-media":"","overlay-type":"","overlay-color":"","overlay-opacity":"","overlay-gradient":""},"tablet":{"background-color":"","background-image":"","background-repeat":"repeat","background-position":"center center","background-size":"auto","background-attachment":"scroll","background-type":"","background-media":"","overlay-type":"","overlay-color":"","overlay-opacity":"","overlay-gradient":""},"mobile":{"background-color":"","background-image":"","background-repeat":"repeat","background-position":"center center","background-size":"auto","background-attachment":"scroll","background-type":"","background-media":"","overlay-type":"","overlay-color":"","overlay-opacity":"","overlay-gradient":""}},"ast-content-background-meta":{"desktop":{"background-color":"var(--ast-global-color-5)","background-image":"","background-repeat":"repeat","background-position":"center center","background-size":"auto","background-attachment":"scroll","background-type":"","background-media":"","overlay-type":"","overlay-color":"","overlay-opacity":"","overlay-gradient":""},"tablet":{"background-color":"var(--ast-global-color-5)","background-image":"","background-repeat":"repeat","background-position":"center center","background-size":"auto","background-attachment":"scroll","background-type":"","background-media":"","overlay-type":"","overlay-color":"","overlay-opacity":"","overlay-gradient":""},"mobile":{"background-color":"var(--ast-global-color-5)","background-image":"","background-repeat":"repeat","background-position":"center center","background-size":"auto","background-attachment":"scroll","background-type":"","background-media":"","overlay-type":"","overlay-color":"","overlay-opacity":"","overlay-gradient":""}},"footnotes":""},"class_list":["post-28869","page","type-page","status-publish","hentry"],"acf":[],"yoast_head":"<!-- This site is optimized with the Yoast SEO plugin v27.4 - https:\/\/yoast.com\/product\/yoast-seo-wordpress\/ -->\n<title>Lieferzeiten und Versandkosten - Juul Rameau<\/title>\n<meta name=\"robots\" content=\"index, follow, max-snippet:-1, max-image-preview:large, max-video-preview:-1\" \/>\n<link rel=\"canonical\" href=\"https:\/\/www.juulrameau.com\/de\/lieferzeiten-und-versandkosten\/\" \/>\n<meta property=\"og:locale\" content=\"de_DE\" \/>\n<meta property=\"og:type\" content=\"article\" \/>\n<meta property=\"og:title\" content=\"Lieferzeiten und Versandkosten - Juul Rameau\" \/>\n<meta property=\"og:description\" content=\"Lieferzeiten und Versandkosten Lieferfrist Wir werden unser Bestes tun, um Ihnen die Bestellung so schnell wie m\u00f6glich zuzustellen. Wir versuchen, Bestellungen innerhalb von 3 Tagen zu versenden. Allerdings gelingt es uns nicht immer, dies zu erf\u00fcllen. Manchmal sind Produkte nicht auf Lager und dann kann die Lieferung Ihrer Bestellung etwas l\u00e4nger dauern. Eine Angabe zur [&hellip;]\" \/>\n<meta property=\"og:url\" content=\"https:\/\/www.juulrameau.com\/de\/lieferzeiten-und-versandkosten\/\" \/>\n<meta property=\"og:site_name\" content=\"Juul Rameau\" \/>\n<meta property=\"article:modified_time\" content=\"2024-05-15T09:43:05+00:00\" \/>\n<meta name=\"twitter:card\" content=\"summary_large_image\" \/>\n<meta name=\"twitter:label1\" content=\"Gesch\u00e4tzte Lesezeit\" \/>\n\t<meta name=\"twitter:data1\" content=\"1\u00a0Minute\" \/>\n<script type=\"application\/ld+json\" class=\"yoast-schema-graph\">{\"@context\":\"https:\\\/\\\/schema.org\",\"@graph\":[{\"@type\":\"WebPage\",\"@id\":\"https:\\\/\\\/www.juulrameau.com\\\/de\\\/lieferzeiten-und-versandkosten\\\/\",\"url\":\"https:\\\/\\\/www.juulrameau.com\\\/de\\\/lieferzeiten-und-versandkosten\\\/\",\"name\":\"Lieferzeiten und Versandkosten - Juul Rameau\",\"isPartOf\":{\"@id\":\"https:\\\/\\\/www.juulrameau.com\\\/#website\"},\"datePublished\":\"2023-12-28T11:31:35+00:00\",\"dateModified\":\"2024-05-15T09:43:05+00:00\",\"breadcrumb\":{\"@id\":\"https:\\\/\\\/www.juulrameau.com\\\/de\\\/lieferzeiten-und-versandkosten\\\/#breadcrumb\"},\"inLanguage\":\"de\",\"potentialAction\":[{\"@type\":\"ReadAction\",\"target\":[\"https:\\\/\\\/www.juulrameau.com\\\/de\\\/lieferzeiten-und-versandkosten\\\/\"]}]},{\"@type\":\"BreadcrumbList\",\"@id\":\"https:\\\/\\\/www.juulrameau.com\\\/de\\\/lieferzeiten-und-versandkosten\\\/#breadcrumb\",\"itemListElement\":[{\"@type\":\"ListItem\",\"position\":1,\"name\":\"Home\",\"item\":\"https:\\\/\\\/www.juulrameau.com\\\/de\\\/\"},{\"@type\":\"ListItem\",\"position\":2,\"name\":\"Lieferzeiten und Versandkosten\"}]},{\"@type\":\"WebSite\",\"@id\":\"https:\\\/\\\/www.juulrameau.com\\\/#website\",\"url\":\"https:\\\/\\\/www.juulrameau.com\\\/\",\"name\":\"Juul Rameau\",\"description\":\"\",\"potentialAction\":[{\"@type\":\"SearchAction\",\"target\":{\"@type\":\"EntryPoint\",\"urlTemplate\":\"https:\\\/\\\/www.juulrameau.com\\\/?s={search_term_string}\"},\"query-input\":{\"@type\":\"PropertyValueSpecification\",\"valueRequired\":true,\"valueName\":\"search_term_string\"}}],\"inLanguage\":\"de\"}]}<\/script>\n<!-- \/ Yoast SEO plugin. -->","yoast_head_json":{"title":"Lieferzeiten und Versandkosten - Juul Rameau","robots":{"index":"index","follow":"follow","max-snippet":"max-snippet:-1","max-image-preview":"max-image-preview:large","max-video-preview":"max-video-preview:-1"},"canonical":"https:\/\/www.juulrameau.com\/de\/lieferzeiten-und-versandkosten\/","og_locale":"de_DE","og_type":"article","og_title":"Lieferzeiten und Versandkosten - Juul Rameau","og_description":"Lieferzeiten und Versandkosten Lieferfrist Wir werden unser Bestes tun, um Ihnen die Bestellung so schnell wie m\u00f6glich zuzustellen. Wir versuchen, Bestellungen innerhalb von 3 Tagen zu versenden. Allerdings gelingt es uns nicht immer, dies zu erf\u00fcllen. Manchmal sind Produkte nicht auf Lager und dann kann die Lieferung Ihrer Bestellung etwas l\u00e4nger dauern. Eine Angabe zur [&hellip;]","og_url":"https:\/\/www.juulrameau.com\/de\/lieferzeiten-und-versandkosten\/","og_site_name":"Juul Rameau","article_modified_time":"2024-05-15T09:43:05+00:00","twitter_card":"summary_large_image","twitter_misc":{"Gesch\u00e4tzte Lesezeit":"1\u00a0Minute"},"schema":{"@context":"https:\/\/schema.org","@graph":[{"@type":"WebPage","@id":"https:\/\/www.juulrameau.com\/de\/lieferzeiten-und-versandkosten\/","url":"https:\/\/www.juulrameau.com\/de\/lieferzeiten-und-versandkosten\/","name":"Lieferzeiten und Versandkosten - Juul Rameau","isPartOf":{"@id":"https:\/\/www.juulrameau.com\/#website"},"datePublished":"2023-12-28T11:31:35+00:00","dateModified":"2024-05-15T09:43:05+00:00","breadcrumb":{"@id":"https:\/\/www.juulrameau.com\/de\/lieferzeiten-und-versandkosten\/#breadcrumb"},"inLanguage":"de","potentialAction":[{"@type":"ReadAction","target":["https:\/\/www.juulrameau.com\/de\/lieferzeiten-und-versandkosten\/"]}]},{"@type":"BreadcrumbList","@id":"https:\/\/www.juulrameau.com\/de\/lieferzeiten-und-versandkosten\/#breadcrumb","itemListElement":[{"@type":"ListItem","position":1,"name":"Home","item":"https:\/\/www.juulrameau.com\/de\/"},{"@type":"ListItem","position":2,"name":"Lieferzeiten und Versandkosten"}]},{"@type":"WebSite","@id":"https:\/\/www.juulrameau.com\/#website","url":"https:\/\/www.juulrameau.com\/","name":"Juul Rameau","description":"","potentialAction":[{"@type":"SearchAction","target":{"@type":"EntryPoint","urlTemplate":"https:\/\/www.juulrameau.com\/?s={search_term_string}"},"query-input":{"@type":"PropertyValueSpecification","valueRequired":true,"valueName":"search_term_string"}}],"inLanguage":"de"}]}},"_links":{"self":[{"href":"https:\/\/www.juulrameau.com\/de\/wp-json\/wp\/v2\/pages\/28869","targetHints":{"allow":["GET"]}}],"collection":[{"href":"https:\/\/www.juulrameau.com\/de\/wp-json\/wp\/v2\/pages"}],"about":[{"href":"https:\/\/www.juulrameau.com\/de\/wp-json\/wp\/v2\/types\/page"}],"author":[{"embeddable":true,"href":"https:\/\/www.juulrameau.com\/de\/wp-json\/wp\/v2\/users\/2"}],"replies":[{"embeddable":true,"href":"https:\/\/www.juulrameau.com\/de\/wp-json\/wp\/v2\/comments?post=28869"}],"version-history":[{"count":1,"href":"https:\/\/www.juulrameau.com\/de\/wp-json\/wp\/v2\/pages\/28869\/revisions"}],"predecessor-version":[{"id":28870,"href":"https:\/\/www.juulrameau.com\/de\/wp-json\/wp\/v2\/pages\/28869\/revisions\/28870"}],"wp:attachment":[{"href":"https:\/\/www.juulrameau.com\/de\/wp-json\/wp\/v2\/media?parent=28869"}],"curies":[{"name":"wp","href":"https:\/\/api.w.org\/{rel}","templated":true}]}}