{"id":28828,"date":"2023-12-28T12:19:13","date_gmt":"2023-12-28T11:19:13","guid":{"rendered":"https:\/\/www.juulrameau.com\/erklaerung-zum-datenschutz\/"},"modified":"2024-05-15T11:43:05","modified_gmt":"2024-05-15T09:43:05","slug":"erklaerung-zum-datenschutz","status":"publish","type":"page","link":"https:\/\/www.juulrameau.com\/de\/erklaerung-zum-datenschutz\/","title":{"rendered":"Erkl\u00e4rung zum Datenschutz"},"content":{"rendered":"\t\t<div data-elementor-type=\"wp-page\" data-elementor-id=\"28828\" class=\"elementor elementor-28828 elementor-1139\" data-elementor-post-type=\"page\">\n\t\t\t\t<div class=\"elementor-element elementor-element-aa753d1 e-flex e-con-boxed e-con e-parent\" data-id=\"aa753d1\" data-element_type=\"container\" data-e-type=\"container\">\n\t\t\t\t\t<div class=\"e-con-inner\">\n\t\t\t\t<div class=\"elementor-element elementor-element-f774865 elementor-widget elementor-widget-spacer\" data-id=\"f774865\" data-element_type=\"widget\" data-e-type=\"widget\" data-widget_type=\"spacer.default\">\n\t\t\t\t<div class=\"elementor-widget-container\">\n\t\t\t\t\t\t\t<div class=\"elementor-spacer\">\n\t\t\t<div class=\"elementor-spacer-inner\"><\/div>\n\t\t<\/div>\n\t\t\t\t\t\t<\/div>\n\t\t\t\t<\/div>\n\t\t\t\t<div class=\"elementor-element elementor-element-3123aaf elementor-widget elementor-widget-heading\" data-id=\"3123aaf\" data-element_type=\"widget\" data-e-type=\"widget\" data-widget_type=\"heading.default\">\n\t\t\t\t<div class=\"elementor-widget-container\">\n\t\t\t\t\t<h2 class=\"elementor-heading-title elementor-size-default\">Erkl\u00e4rung zum Datenschutz<\/h2>\t\t\t\t<\/div>\n\t\t\t\t<\/div>\n\t\t\t\t<div class=\"elementor-element elementor-element-3fa8c18 elementor-widget elementor-widget-spacer\" data-id=\"3fa8c18\" data-element_type=\"widget\" data-e-type=\"widget\" data-widget_type=\"spacer.default\">\n\t\t\t\t<div class=\"elementor-widget-container\">\n\t\t\t\t\t\t\t<div class=\"elementor-spacer\">\n\t\t\t<div class=\"elementor-spacer-inner\"><\/div>\n\t\t<\/div>\n\t\t\t\t\t\t<\/div>\n\t\t\t\t<\/div>\n\t\t\t\t<div class=\"elementor-element elementor-element-3320b21 elementor-widget elementor-widget-text-editor\" data-id=\"3320b21\" data-element_type=\"widget\" data-e-type=\"widget\" data-widget_type=\"text-editor.default\">\n\t\t\t\t<div class=\"elementor-widget-container\">\n\t\t\t\t\t\t\t\t\t<p>Wir sind uns bewusst, dass Sie Ihr Vertrauen in uns setzen. Wir sehen es daher als unsere Verantwortung an, Ihre Privatsph\u00e4re zu sch\u00fctzen. Auf dieser Seite erfahren Sie, welche Daten wir sammeln, wenn Sie unsere Website nutzen, warum wir diese Daten sammeln und wie wir sie verwenden, um Ihr Nutzererlebnis zu verbessern. Sie verstehen also genau, wie wir arbeiten.<\/p>\n<p><strong>VERARBEITETE PERSONENBEZOGENE DATEN<\/strong><\/p>\n<p>Juul Rameau &#8211; Studio kann personenbezogene Daten \u00fcber Sie verarbeiten, weil Sie die Dienste von Studio Juul Rameau in Anspruch nehmen und\/oder weil Sie sie Studio Juul Rameau selbst beim Ausf\u00fcllen eines Kontaktformulars oder im Shop auf der Website zur Verf\u00fcgung stellen.<\/p>\n<p><strong>WARUM Juul Rameau &#8211; studio NEEDS DATA<\/strong><\/p>\n<p>Wenn Sie sich f\u00fcr einen unserer Dienste anmelden, bitten wir Sie um die Angabe pers\u00f6nlicher Daten. Diese Daten werden f\u00fcr die Ausf\u00fchrung des Dienstes verwendet. Die Daten werden auf den eigenen sicheren Servern von Juul Rameau &#8211; Studio oder denen eines Dritten gespeichert. Wir werden diese Daten nicht mit anderen pers\u00f6nlichen Daten in unserem Besitz kombinieren.<\/p>\n<p><strong>WIE LANG speichert Juul Rameau &#8211; studio DATA<\/strong><\/p>\n<p>Juul Rameau &#8211; studio speichert Ihre pers\u00f6nlichen Daten nicht l\u00e4nger als unbedingt notwendig, um die Zwecke zu erf\u00fcllen, f\u00fcr die Ihre Daten erhoben wurden. Ihre Daten werden nicht l\u00e4nger als ein Jahr aufbewahrt, wenn keine Vereinbarung mit Ihnen getroffen wird.<\/p>\n<p><strong>NEWSLETTER-DIENST \u00c4NDERN\/ABBESTELLEN<\/strong><\/p>\n<p>Am Ende jedes Mailings finden Sie die M\u00f6glichkeit, Ihre Daten zu bearbeiten oder sich abzumelden.<\/p>\n<p><strong>MIT ANDEREN TEILEN<\/strong><\/p>\n<p>Juul Rameau &#8211; studio gibt Ihre pers\u00f6nlichen Daten nur dann an Dritte weiter, wenn dies f\u00fcr die Ausf\u00fchrung eines Vertrags mit Ihnen oder zur Erf\u00fcllung einer gesetzlichen Verpflichtung erforderlich ist.<\/p>\n<p><strong>KARTIERUNG DES WEBSITE-VERKEHRS<\/strong><\/p>\n<p>Die Website von Juul Rameau &#8211; Studio verfolgt allgemeine Besucherdaten, einschlie\u00dflich der IP-Adresse Ihres Computers und der Uhrzeit des Abrufs sowie der Daten, die Ihr Browser sendet. Diese Daten werden zur Analyse des Besuchs- und Klickverhaltens auf der Website verwendet. Juul Rameau &#8211; Studio nutzt diese Informationen, um die Funktionsweise der Website zu verbessern. Diese Daten werden so weit wie m\u00f6glich anonymisiert und werden nicht an Dritte weitergegeben.<\/p>\n<p><strong>GOOGLE-ANALYSEN<\/strong><\/p>\n<p>Juul Rameau &#8211; Studio verwendet Google Analytics, um zu verfolgen, wie Nutzer die Website nutzen und wie effektiv die Adwords-Anzeigen von Juul Rameau &#8211; Studio auf den Google-Suchergebnisseiten sind. Die so erhaltenen Informationen, einschlie\u00dflich der Adresse Ihres Computers (IP-Adresse), werden an Google \u00fcbertragen und von Google auf Servern in den Vereinigten Staaten gespeichert. Lesen Sie die Datenschutzbestimmungen von Google f\u00fcr weitere Informationen. Hier finden Sie auch die Datenschutzbestimmungen von Google Analytics. Google verwendet diese Informationen, um zu verfolgen, wie unsere Website genutzt wird, um Berichte \u00fcber die Website an Juul Rameau &#8211; studio zu liefern und um seinen Werbekunden Informationen \u00fcber die Effektivit\u00e4t ihrer Kampagnen zu liefern. Google wird diese Informationen gegebenenfalls an Dritte \u00fcbertragen, sofern dies gesetzlich vorgeschrieben ist oder soweit Dritte diese Daten im Auftrag von Google verarbeiten. Juul Rameau &#8211; Studio hat keinen Einfluss darauf. Juul Rameau &#8211; studio hat Google nicht die Erlaubnis erteilt, die durch Juul Rameau &#8211; studio erhaltenen Analytics-Informationen f\u00fcr andere Google-Dienste zu verwenden.<\/p>\n<p><strong>DATEN EINSEHEN, \u00c4NDERN ODER L\u00d6SCHEN<\/strong><\/p>\n<p>Sie haben das Recht, Ihre pers\u00f6nlichen Daten einzusehen, zu korrigieren oder zu l\u00f6schen. Sie k\u00f6nnen einen Antrag auf Einsichtnahme, Berichtigung oder L\u00f6schung an info@juulrameau.com senden. Juul Rameau &#8211; Studio wird Ihre Anfrage so schnell wie m\u00f6glich, sp\u00e4testens jedoch innerhalb von vier Wochen beantworten.<\/p>\n<p><strong>SAFE<\/strong><\/p>\n<p>Juul Rameau &#8211; studio nimmt den Schutz Ihrer Daten ernst und ergreift geeignete Ma\u00dfnahmen, um Missbrauch, Verlust, unbefugten Zugriff, unerw\u00fcnschte Offenlegung und unbefugte \u00c4nderung zu verhindern. Die Website von Juul Rameau &#8211; studio verwendet ein zuverl\u00e4ssiges SSL-Zertifikat, um sicherzustellen, dass Ihre pers\u00f6nlichen Daten nicht in die falschen H\u00e4nde geraten. Wenn Sie den Eindruck haben, dass Ihre Daten nicht sicher sind oder es Anzeichen f\u00fcr einen Missbrauch gibt, oder wenn Sie weitere Informationen \u00fcber die Sicherheit der von Juul Rameau &#8211; Studio erhobenen personenbezogenen Daten w\u00fcnschen, wenden Sie sich bitte an Juul Rameau &#8211; Studio unter info@juulrameau.com.<\/p>\n<p><strong>www.juulrameau.com ist eine Website von Juul Rameau &#8211; Studio.  <\/strong><\/p>\n<p>Juul Rameau &#8211; Studio k\u00f6nnen Sie wie folgt erreichen:<\/p>\n<p>Postanschrift und Gesch\u00e4ftsadresse: Daalakkersweg 6-46, 5641 JA EINDHOVEN, NL<br \/>Registrierungsnummer der Handelskammer: 30257597<br \/>Telefon: +31 6 2933 1511<br \/>E-Mail Adresse: info@juulrameau.com<\/p>\n\t\t\t\t\t\t\t\t<\/div>\n\t\t\t\t<\/div>\n\t\t\t\t\t<\/div>\n\t\t\t\t<\/div>\n\t\t\t\t<\/div>\n\t\t","protected":false},"excerpt":{"rendered":"<p>Erkl\u00e4rung zum Datenschutz Wir sind uns bewusst, dass Sie Ihr Vertrauen in uns setzen. Wir sehen es daher als unsere Verantwortung an, Ihre Privatsph\u00e4re zu sch\u00fctzen. Auf dieser Seite erfahren Sie, welche Daten wir sammeln, wenn Sie unsere Website nutzen, warum wir diese Daten sammeln und wie wir sie verwenden, um Ihr Nutzererlebnis zu verbessern. [&hellip;]<\/p>\n","protected":false},"author":2,"featured_media":0,"parent":0,"menu_order":0,"comment_status":"closed","ping_status":"closed","template":"","meta":{"_acf_changed":false,"site-sidebar-layout":"no-sidebar","site-content-layout":"","ast-site-content-layout":"full-width-container","site-content-style":"default","site-sidebar-style":"default","ast-global-header-display":"","ast-banner-title-visibility":"","ast-main-header-display":"","ast-hfb-above-header-display":"","ast-hfb-below-header-display":"","ast-hfb-mobile-header-display":"","site-post-title":"disabled","ast-breadcrumbs-content":"","ast-featured-img":"disabled","footer-sml-layout":"","ast-disable-related-posts":"","theme-transparent-header-meta":"","adv-header-id-meta":"","stick-header-meta":"","header-above-stick-meta":"","header-main-stick-meta":"","header-below-stick-meta":"","astra-migrate-meta-layouts":"default","ast-page-background-enabled":"default","ast-page-background-meta":{"desktop":{"background-color":"var(--ast-global-color-4)","background-image":"","background-repeat":"repeat","background-position":"center center","background-size":"auto","background-attachment":"scroll","background-type":"","background-media":"","overlay-type":"","overlay-color":"","overlay-opacity":"","overlay-gradient":""},"tablet":{"background-color":"","background-image":"","background-repeat":"repeat","background-position":"center center","background-size":"auto","background-attachment":"scroll","background-type":"","background-media":"","overlay-type":"","overlay-color":"","overlay-opacity":"","overlay-gradient":""},"mobile":{"background-color":"","background-image":"","background-repeat":"repeat","background-position":"center center","background-size":"auto","background-attachment":"scroll","background-type":"","background-media":"","overlay-type":"","overlay-color":"","overlay-opacity":"","overlay-gradient":""}},"ast-content-background-meta":{"desktop":{"background-color":"var(--ast-global-color-5)","background-image":"","background-repeat":"repeat","background-position":"center center","background-size":"auto","background-attachment":"scroll","background-type":"","background-media":"","overlay-type":"","overlay-color":"","overlay-opacity":"","overlay-gradient":""},"tablet":{"background-color":"var(--ast-global-color-5)","background-image":"","background-repeat":"repeat","background-position":"center center","background-size":"auto","background-attachment":"scroll","background-type":"","background-media":"","overlay-type":"","overlay-color":"","overlay-opacity":"","overlay-gradient":""},"mobile":{"background-color":"var(--ast-global-color-5)","background-image":"","background-repeat":"repeat","background-position":"center center","background-size":"auto","background-attachment":"scroll","background-type":"","background-media":"","overlay-type":"","overlay-color":"","overlay-opacity":"","overlay-gradient":""}},"footnotes":""},"class_list":["post-28828","page","type-page","status-publish","hentry"],"acf":[],"yoast_head":"<!-- This site is optimized with the Yoast SEO plugin v27.4 - https:\/\/yoast.com\/product\/yoast-seo-wordpress\/ -->\n<title>Erkl\u00e4rung zum Datenschutz - Juul Rameau<\/title>\n<meta name=\"robots\" content=\"index, follow, max-snippet:-1, max-image-preview:large, max-video-preview:-1\" \/>\n<link rel=\"canonical\" href=\"https:\/\/www.juulrameau.com\/de\/erklaerung-zum-datenschutz\/\" \/>\n<meta property=\"og:locale\" content=\"de_DE\" \/>\n<meta property=\"og:type\" content=\"article\" \/>\n<meta property=\"og:title\" content=\"Erkl\u00e4rung zum Datenschutz - Juul Rameau\" \/>\n<meta property=\"og:description\" content=\"Erkl\u00e4rung zum Datenschutz Wir sind uns bewusst, dass Sie Ihr Vertrauen in uns setzen. Wir sehen es daher als unsere Verantwortung an, Ihre Privatsph\u00e4re zu sch\u00fctzen. Auf dieser Seite erfahren Sie, welche Daten wir sammeln, wenn Sie unsere Website nutzen, warum wir diese Daten sammeln und wie wir sie verwenden, um Ihr Nutzererlebnis zu verbessern. [&hellip;]\" \/>\n<meta property=\"og:url\" content=\"https:\/\/www.juulrameau.com\/de\/erklaerung-zum-datenschutz\/\" \/>\n<meta property=\"og:site_name\" content=\"Juul Rameau\" \/>\n<meta property=\"article:modified_time\" content=\"2024-05-15T09:43:05+00:00\" \/>\n<meta name=\"twitter:card\" content=\"summary_large_image\" \/>\n<meta name=\"twitter:label1\" content=\"Gesch\u00e4tzte Lesezeit\" \/>\n\t<meta name=\"twitter:data1\" content=\"4\u00a0Minuten\" \/>\n<script type=\"application\/ld+json\" class=\"yoast-schema-graph\">{\"@context\":\"https:\\\/\\\/schema.org\",\"@graph\":[{\"@type\":\"WebPage\",\"@id\":\"https:\\\/\\\/www.juulrameau.com\\\/de\\\/erklaerung-zum-datenschutz\\\/\",\"url\":\"https:\\\/\\\/www.juulrameau.com\\\/de\\\/erklaerung-zum-datenschutz\\\/\",\"name\":\"Erkl\u00e4rung zum Datenschutz - Juul Rameau\",\"isPartOf\":{\"@id\":\"https:\\\/\\\/www.juulrameau.com\\\/#website\"},\"datePublished\":\"2023-12-28T11:19:13+00:00\",\"dateModified\":\"2024-05-15T09:43:05+00:00\",\"breadcrumb\":{\"@id\":\"https:\\\/\\\/www.juulrameau.com\\\/de\\\/erklaerung-zum-datenschutz\\\/#breadcrumb\"},\"inLanguage\":\"de\",\"potentialAction\":[{\"@type\":\"ReadAction\",\"target\":[\"https:\\\/\\\/www.juulrameau.com\\\/de\\\/erklaerung-zum-datenschutz\\\/\"]}]},{\"@type\":\"BreadcrumbList\",\"@id\":\"https:\\\/\\\/www.juulrameau.com\\\/de\\\/erklaerung-zum-datenschutz\\\/#breadcrumb\",\"itemListElement\":[{\"@type\":\"ListItem\",\"position\":1,\"name\":\"Home\",\"item\":\"https:\\\/\\\/www.juulrameau.com\\\/de\\\/\"},{\"@type\":\"ListItem\",\"position\":2,\"name\":\"Erkl\u00e4rung zum Datenschutz\"}]},{\"@type\":\"WebSite\",\"@id\":\"https:\\\/\\\/www.juulrameau.com\\\/#website\",\"url\":\"https:\\\/\\\/www.juulrameau.com\\\/\",\"name\":\"Juul Rameau\",\"description\":\"\",\"potentialAction\":[{\"@type\":\"SearchAction\",\"target\":{\"@type\":\"EntryPoint\",\"urlTemplate\":\"https:\\\/\\\/www.juulrameau.com\\\/?s={search_term_string}\"},\"query-input\":{\"@type\":\"PropertyValueSpecification\",\"valueRequired\":true,\"valueName\":\"search_term_string\"}}],\"inLanguage\":\"de\"}]}<\/script>\n<!-- \/ Yoast SEO plugin. -->","yoast_head_json":{"title":"Erkl\u00e4rung zum Datenschutz - Juul Rameau","robots":{"index":"index","follow":"follow","max-snippet":"max-snippet:-1","max-image-preview":"max-image-preview:large","max-video-preview":"max-video-preview:-1"},"canonical":"https:\/\/www.juulrameau.com\/de\/erklaerung-zum-datenschutz\/","og_locale":"de_DE","og_type":"article","og_title":"Erkl\u00e4rung zum Datenschutz - Juul Rameau","og_description":"Erkl\u00e4rung zum Datenschutz Wir sind uns bewusst, dass Sie Ihr Vertrauen in uns setzen. Wir sehen es daher als unsere Verantwortung an, Ihre Privatsph\u00e4re zu sch\u00fctzen. Auf dieser Seite erfahren Sie, welche Daten wir sammeln, wenn Sie unsere Website nutzen, warum wir diese Daten sammeln und wie wir sie verwenden, um Ihr Nutzererlebnis zu verbessern. [&hellip;]","og_url":"https:\/\/www.juulrameau.com\/de\/erklaerung-zum-datenschutz\/","og_site_name":"Juul Rameau","article_modified_time":"2024-05-15T09:43:05+00:00","twitter_card":"summary_large_image","twitter_misc":{"Gesch\u00e4tzte Lesezeit":"4\u00a0Minuten"},"schema":{"@context":"https:\/\/schema.org","@graph":[{"@type":"WebPage","@id":"https:\/\/www.juulrameau.com\/de\/erklaerung-zum-datenschutz\/","url":"https:\/\/www.juulrameau.com\/de\/erklaerung-zum-datenschutz\/","name":"Erkl\u00e4rung zum Datenschutz - Juul Rameau","isPartOf":{"@id":"https:\/\/www.juulrameau.com\/#website"},"datePublished":"2023-12-28T11:19:13+00:00","dateModified":"2024-05-15T09:43:05+00:00","breadcrumb":{"@id":"https:\/\/www.juulrameau.com\/de\/erklaerung-zum-datenschutz\/#breadcrumb"},"inLanguage":"de","potentialAction":[{"@type":"ReadAction","target":["https:\/\/www.juulrameau.com\/de\/erklaerung-zum-datenschutz\/"]}]},{"@type":"BreadcrumbList","@id":"https:\/\/www.juulrameau.com\/de\/erklaerung-zum-datenschutz\/#breadcrumb","itemListElement":[{"@type":"ListItem","position":1,"name":"Home","item":"https:\/\/www.juulrameau.com\/de\/"},{"@type":"ListItem","position":2,"name":"Erkl\u00e4rung zum Datenschutz"}]},{"@type":"WebSite","@id":"https:\/\/www.juulrameau.com\/#website","url":"https:\/\/www.juulrameau.com\/","name":"Juul Rameau","description":"","potentialAction":[{"@type":"SearchAction","target":{"@type":"EntryPoint","urlTemplate":"https:\/\/www.juulrameau.com\/?s={search_term_string}"},"query-input":{"@type":"PropertyValueSpecification","valueRequired":true,"valueName":"search_term_string"}}],"inLanguage":"de"}]}},"_links":{"self":[{"href":"https:\/\/www.juulrameau.com\/de\/wp-json\/wp\/v2\/pages\/28828","targetHints":{"allow":["GET"]}}],"collection":[{"href":"https:\/\/www.juulrameau.com\/de\/wp-json\/wp\/v2\/pages"}],"about":[{"href":"https:\/\/www.juulrameau.com\/de\/wp-json\/wp\/v2\/types\/page"}],"author":[{"embeddable":true,"href":"https:\/\/www.juulrameau.com\/de\/wp-json\/wp\/v2\/users\/2"}],"replies":[{"embeddable":true,"href":"https:\/\/www.juulrameau.com\/de\/wp-json\/wp\/v2\/comments?post=28828"}],"version-history":[{"count":2,"href":"https:\/\/www.juulrameau.com\/de\/wp-json\/wp\/v2\/pages\/28828\/revisions"}],"predecessor-version":[{"id":28841,"href":"https:\/\/www.juulrameau.com\/de\/wp-json\/wp\/v2\/pages\/28828\/revisions\/28841"}],"wp:attachment":[{"href":"https:\/\/www.juulrameau.com\/de\/wp-json\/wp\/v2\/media?parent=28828"}],"curies":[{"name":"wp","href":"https:\/\/api.w.org\/{rel}","templated":true}]}}