{"id":28809,"date":"2023-12-11T15:28:29","date_gmt":"2023-12-11T14:28:29","guid":{"rendered":"https:\/\/www.juulrameau.com\/ueber-juul\/"},"modified":"2024-05-15T11:43:07","modified_gmt":"2024-05-15T09:43:07","slug":"ueber-juul","status":"publish","type":"page","link":"https:\/\/www.juulrameau.com\/de\/ueber-juul\/","title":{"rendered":"\u00dcber Juul"},"content":{"rendered":"\t\t<div data-elementor-type=\"wp-page\" data-elementor-id=\"28809\" class=\"elementor elementor-28809 elementor-920\" data-elementor-post-type=\"page\">\n\t\t\t\t<div class=\"elementor-element elementor-element-dde1911 e-flex e-con-boxed e-con e-parent\" data-id=\"dde1911\" data-element_type=\"container\" data-e-type=\"container\" data-settings=\"{&quot;background_background&quot;:&quot;classic&quot;}\">\n\t\t\t\t\t<div class=\"e-con-inner\">\n\t\t\t\t\t<\/div>\n\t\t\t\t<\/div>\n\t\t<div class=\"elementor-element elementor-element-5c7be6e e-flex e-con-boxed e-con e-parent\" data-id=\"5c7be6e\" data-element_type=\"container\" data-e-type=\"container\">\n\t\t\t\t\t<div class=\"e-con-inner\">\n\t\t<div class=\"elementor-element elementor-element-827f751 e-flex e-con-boxed e-con e-child\" data-id=\"827f751\" data-element_type=\"container\" data-e-type=\"container\">\n\t\t\t\t\t<div class=\"e-con-inner\">\n\t\t\t\t<div class=\"elementor-element elementor-element-291f7b1 elementor-widget elementor-widget-heading\" data-id=\"291f7b1\" data-element_type=\"widget\" data-e-type=\"widget\" data-widget_type=\"heading.default\">\n\t\t\t\t<div class=\"elementor-widget-container\">\n\t\t\t\t\t<h2 class=\"elementor-heading-title elementor-size-default\">Meine Arbeit<\/h2>\t\t\t\t<\/div>\n\t\t\t\t<\/div>\n\t\t\t\t<div class=\"elementor-element elementor-element-2596a27 elementor-widget elementor-widget-text-editor\" data-id=\"2596a27\" data-element_type=\"widget\" data-e-type=\"widget\" data-widget_type=\"text-editor.default\">\n\t\t\t\t<div class=\"elementor-widget-container\">\n\t\t\t\t\t\t\t\t\t<p>Die Natur sieht weich aus, ist aber robust und langlebig. Sie gibt mir eine unb\u00e4ndige Leidenschaft zu schaffen. Ein physischer Kampf, um das einzufangen, was in robustem Material zerf\u00e4llt. Auf diese Weise entstehen autonome Kunstwerke, die meist aus verrostetem Metall bestehen. Und auch mehr konzeptionelle Auftragsarbeiten mit Ausfl\u00fcgen ins Produktdesign. Eine wunderbar interessante Herausforderung, meine zeitlosen Momente in der Natur in verschiedenen Dimensionen zu anmutigen, organisch wirkenden, nat\u00fcrlichen Formen zu verarbeiten. Kuschelig und ewig.<\/p>\n\t\t\t\t\t\t\t\t<\/div>\n\t\t\t\t<\/div>\n\t\t\t\t\t<\/div>\n\t\t\t\t<\/div>\n\t\t<div class=\"elementor-element elementor-element-51fe11b e-flex e-con-boxed e-con e-child\" data-id=\"51fe11b\" data-element_type=\"container\" data-e-type=\"container\">\n\t\t\t\t\t<div class=\"e-con-inner\">\n\t\t\t\t<div class=\"elementor-element elementor-element-fc36e4d elementor-widget elementor-widget-image\" data-id=\"fc36e4d\" data-element_type=\"widget\" data-e-type=\"widget\" data-widget_type=\"image.default\">\n\t\t\t\t<div class=\"elementor-widget-container\">\n\t\t\t\t\t\t\t\t\t\t\t\t\t\t\t<img fetchpriority=\"high\" decoding=\"async\" width=\"1000\" height=\"1000\" src=\"https:\/\/www.juulrameau.com\/wp-content\/uploads\/2023\/12\/2104-insta-juulrameau-wk14-3-as-soon-as-the-sun-comes-up.jpg\" class=\"attachment-large size-large wp-image-28812\" alt=\"\" srcset=\"https:\/\/www.juulrameau.com\/wp-content\/uploads\/2023\/12\/2104-insta-juulrameau-wk14-3-as-soon-as-the-sun-comes-up.jpg 1000w, https:\/\/www.juulrameau.com\/wp-content\/uploads\/2023\/12\/2104-insta-juulrameau-wk14-3-as-soon-as-the-sun-comes-up-300x300.jpg 300w, https:\/\/www.juulrameau.com\/wp-content\/uploads\/2023\/12\/2104-insta-juulrameau-wk14-3-as-soon-as-the-sun-comes-up-150x150.jpg 150w, https:\/\/www.juulrameau.com\/wp-content\/uploads\/2023\/12\/2104-insta-juulrameau-wk14-3-as-soon-as-the-sun-comes-up-768x768.jpg 768w, https:\/\/www.juulrameau.com\/wp-content\/uploads\/2023\/12\/2104-insta-juulrameau-wk14-3-as-soon-as-the-sun-comes-up-600x600.jpg 600w, https:\/\/www.juulrameau.com\/wp-content\/uploads\/2023\/12\/2104-insta-juulrameau-wk14-3-as-soon-as-the-sun-comes-up-100x100.jpg 100w\" sizes=\"(max-width: 1000px) 100vw, 1000px\" \/>\t\t\t\t\t\t\t\t\t\t\t\t\t\t\t<\/div>\n\t\t\t\t<\/div>\n\t\t\t\t\t<\/div>\n\t\t\t\t<\/div>\n\t\t\t\t\t<\/div>\n\t\t\t\t<\/div>\n\t\t<div class=\"elementor-element elementor-element-70fb5fe e-flex e-con-boxed e-con e-parent\" data-id=\"70fb5fe\" data-element_type=\"container\" data-e-type=\"container\">\n\t\t\t\t\t<div class=\"e-con-inner\">\n\t\t<div class=\"elementor-element elementor-element-6ecac04 e-flex e-con-boxed e-con e-child\" data-id=\"6ecac04\" data-element_type=\"container\" data-e-type=\"container\">\n\t\t\t\t\t<div class=\"e-con-inner\">\n\t\t\t\t<div class=\"elementor-element elementor-element-3e729b0 elementor-widget elementor-widget-image\" data-id=\"3e729b0\" data-element_type=\"widget\" data-e-type=\"widget\" data-widget_type=\"image.default\">\n\t\t\t\t<div class=\"elementor-widget-container\">\n\t\t\t\t\t\t\t\t\t\t\t\t\t\t\t<img decoding=\"async\" width=\"768\" height=\"1024\" src=\"https:\/\/www.juulrameau.com\/wp-content\/uploads\/2023\/12\/of_20_juul_rameau_at_work_biophilic_design_art_1-768x1024.jpg\" class=\"attachment-large size-large wp-image-28813\" alt=\"\" srcset=\"https:\/\/www.juulrameau.com\/wp-content\/uploads\/2023\/12\/of_20_juul_rameau_at_work_biophilic_design_art_1-768x1024.jpg 768w, https:\/\/www.juulrameau.com\/wp-content\/uploads\/2023\/12\/of_20_juul_rameau_at_work_biophilic_design_art_1-225x300.jpg 225w, https:\/\/www.juulrameau.com\/wp-content\/uploads\/2023\/12\/of_20_juul_rameau_at_work_biophilic_design_art_1-1152x1536.jpg 1152w, https:\/\/www.juulrameau.com\/wp-content\/uploads\/2023\/12\/of_20_juul_rameau_at_work_biophilic_design_art_1-600x800.jpg 600w, https:\/\/www.juulrameau.com\/wp-content\/uploads\/2023\/12\/of_20_juul_rameau_at_work_biophilic_design_art_1.jpg 1440w\" sizes=\"(max-width: 768px) 100vw, 768px\" \/>\t\t\t\t\t\t\t\t\t\t\t\t\t\t\t<\/div>\n\t\t\t\t<\/div>\n\t\t\t\t\t<\/div>\n\t\t\t\t<\/div>\n\t\t<div class=\"elementor-element elementor-element-677db1f e-flex e-con-boxed e-con e-child\" data-id=\"677db1f\" data-element_type=\"container\" data-e-type=\"container\">\n\t\t\t\t\t<div class=\"e-con-inner\">\n\t\t\t\t<div class=\"elementor-element elementor-element-3ac8d99 elementor-widget elementor-widget-heading\" data-id=\"3ac8d99\" data-element_type=\"widget\" data-e-type=\"widget\" data-widget_type=\"heading.default\">\n\t\t\t\t<div class=\"elementor-widget-container\">\n\t\t\t\t\t<h2 class=\"elementor-heading-title elementor-size-default\">Meine Wunderkammer<\/h2>\t\t\t\t<\/div>\n\t\t\t\t<\/div>\n\t\t\t\t<div class=\"elementor-element elementor-element-7c13cda elementor-widget elementor-widget-text-editor\" data-id=\"7c13cda\" data-element_type=\"widget\" data-e-type=\"widget\" data-widget_type=\"text-editor.default\">\n\t\t\t\t<div class=\"elementor-widget-container\">\n\t\t\t\t\t\t\t\t\t<p>Wie ein Entdecker lasse ich mich vom Reichtum der Natur \u00fcberraschen, schaue mich um und bin ber\u00fchrt. In der Sch\u00f6nheit der Formen entdecke ich Details, von denen ich f\u00fcrchte, sie zu vergessen. Ich speichere sie in meinem Ged\u00e4chtnis oder physisch in meiner Wunderkammer (Archiv). Sie sind \u00dcberbleibsel nat\u00fcrlicher Prozesse um mich herum, wie Wachstum, Keimung und Verfall, die mich an meine eigene Verg\u00e4nglichkeit erinnern. Meine Skulpturen sind keine Kopien der Natur, sie sind das Ergebnis meiner Suche nach nat\u00fcrlichen Urformen. Meine Art, meine Verbindung zur Natur zu best\u00e4tigen.<\/p>\n\t\t\t\t\t\t\t\t<\/div>\n\t\t\t\t<\/div>\n\t\t\t\t\t<\/div>\n\t\t\t\t<\/div>\n\t\t\t\t\t<\/div>\n\t\t\t\t<\/div>\n\t\t<div class=\"elementor-element elementor-element-838d296 e-flex e-con-boxed e-con e-parent\" data-id=\"838d296\" data-element_type=\"container\" data-e-type=\"container\">\n\t\t\t\t\t<div class=\"e-con-inner\">\n\t\t<div class=\"elementor-element elementor-element-0d0d9b5 e-flex e-con-boxed e-con e-child\" data-id=\"0d0d9b5\" data-element_type=\"container\" data-e-type=\"container\">\n\t\t\t\t\t<div class=\"e-con-inner\">\n\t\t\t\t<div class=\"elementor-element elementor-element-551d26e elementor-widget elementor-widget-heading\" data-id=\"551d26e\" data-element_type=\"widget\" data-e-type=\"widget\" data-widget_type=\"heading.default\">\n\t\t\t\t<div class=\"elementor-widget-container\">\n\t\t\t\t\t<h2 class=\"elementor-heading-title elementor-size-default\">Biophiles Design<\/h2>\t\t\t\t<\/div>\n\t\t\t\t<\/div>\n\t\t\t\t<div class=\"elementor-element elementor-element-9d5ab7e elementor-widget elementor-widget-text-editor\" data-id=\"9d5ab7e\" data-element_type=\"widget\" data-e-type=\"widget\" data-widget_type=\"text-editor.default\">\n\t\t\t\t<div class=\"elementor-widget-container\">\n\t\t\t\t\t\t\t\t\t<p>Im Laufe der Zeit hat sich die Menschheit immer weiter von ihrem Lebensraum, der Natur, entfernt. Mit Folgen f\u00fcr die Erde und ihre und unsere (geistige) Gesundheit. Dieses Bewusstsein w\u00e4chst mit der Erkenntnis, dass eine nachhaltige Beziehung zwischen Mensch und Natur zu unserer Gesundheit, unserem Wohlbefinden und unserem Gl\u00fcck beitr\u00e4gt. Die Verbindung mit der Natur macht uns gl\u00fccklicher und ges\u00fcnder, das ist Biophilie.<\/p>\n\t\t\t\t\t\t\t\t<\/div>\n\t\t\t\t<\/div>\n\t\t\t\t\t<\/div>\n\t\t\t\t<\/div>\n\t\t<div class=\"elementor-element elementor-element-3a627f7 e-flex e-con-boxed e-con e-child\" data-id=\"3a627f7\" data-element_type=\"container\" data-e-type=\"container\">\n\t\t\t\t\t<div class=\"e-con-inner\">\n\t\t\t\t<div class=\"elementor-element elementor-element-8c2d13f elementor-widget elementor-widget-image\" data-id=\"8c2d13f\" data-element_type=\"widget\" data-e-type=\"widget\" data-widget_type=\"image.default\">\n\t\t\t\t<div class=\"elementor-widget-container\">\n\t\t\t\t\t\t\t\t\t\t\t\t\t\t\t<img decoding=\"async\" width=\"1000\" height=\"1000\" src=\"https:\/\/www.juulrameau.com\/wp-content\/uploads\/2023\/12\/2104-insta-juulrameau-wk16-2.jpg\" class=\"attachment-large size-large wp-image-28816\" alt=\"\" srcset=\"https:\/\/www.juulrameau.com\/wp-content\/uploads\/2023\/12\/2104-insta-juulrameau-wk16-2.jpg 1000w, https:\/\/www.juulrameau.com\/wp-content\/uploads\/2023\/12\/2104-insta-juulrameau-wk16-2-300x300.jpg 300w, https:\/\/www.juulrameau.com\/wp-content\/uploads\/2023\/12\/2104-insta-juulrameau-wk16-2-150x150.jpg 150w, https:\/\/www.juulrameau.com\/wp-content\/uploads\/2023\/12\/2104-insta-juulrameau-wk16-2-768x768.jpg 768w, https:\/\/www.juulrameau.com\/wp-content\/uploads\/2023\/12\/2104-insta-juulrameau-wk16-2-600x600.jpg 600w, https:\/\/www.juulrameau.com\/wp-content\/uploads\/2023\/12\/2104-insta-juulrameau-wk16-2-100x100.jpg 100w\" sizes=\"(max-width: 1000px) 100vw, 1000px\" \/>\t\t\t\t\t\t\t\t\t\t\t\t\t\t\t<\/div>\n\t\t\t\t<\/div>\n\t\t\t\t\t<\/div>\n\t\t\t\t<\/div>\n\t\t\t\t\t<\/div>\n\t\t\t\t<\/div>\n\t\t<div class=\"elementor-element elementor-element-ecc59c4 e-flex e-con-boxed e-con e-parent\" data-id=\"ecc59c4\" data-element_type=\"container\" data-e-type=\"container\">\n\t\t\t\t\t<div class=\"e-con-inner\">\n\t\t<div class=\"elementor-element elementor-element-ef58abd e-flex e-con-boxed e-con e-child\" data-id=\"ef58abd\" data-element_type=\"container\" data-e-type=\"container\">\n\t\t\t\t\t<div class=\"e-con-inner\">\n\t\t\t\t<div class=\"elementor-element elementor-element-a1244c9 elementor-widget elementor-widget-image\" data-id=\"a1244c9\" data-element_type=\"widget\" data-e-type=\"widget\" data-widget_type=\"image.default\">\n\t\t\t\t<div class=\"elementor-widget-container\">\n\t\t\t\t\t\t\t\t\t\t\t\t\t\t\t<img loading=\"lazy\" decoding=\"async\" width=\"1000\" height=\"1000\" src=\"https:\/\/www.juulrameau.com\/wp-content\/uploads\/2023\/12\/Garden-of-Abundance-luistervink-studio-juul-rameau-foto-studio-juul-rameau-kopie.jpg\" class=\"attachment-large size-large wp-image-28817\" alt=\"\" srcset=\"https:\/\/www.juulrameau.com\/wp-content\/uploads\/2023\/12\/Garden-of-Abundance-luistervink-studio-juul-rameau-foto-studio-juul-rameau-kopie.jpg 1000w, https:\/\/www.juulrameau.com\/wp-content\/uploads\/2023\/12\/Garden-of-Abundance-luistervink-studio-juul-rameau-foto-studio-juul-rameau-kopie-300x300.jpg 300w, https:\/\/www.juulrameau.com\/wp-content\/uploads\/2023\/12\/Garden-of-Abundance-luistervink-studio-juul-rameau-foto-studio-juul-rameau-kopie-150x150.jpg 150w, https:\/\/www.juulrameau.com\/wp-content\/uploads\/2023\/12\/Garden-of-Abundance-luistervink-studio-juul-rameau-foto-studio-juul-rameau-kopie-768x768.jpg 768w, https:\/\/www.juulrameau.com\/wp-content\/uploads\/2023\/12\/Garden-of-Abundance-luistervink-studio-juul-rameau-foto-studio-juul-rameau-kopie-600x600.jpg 600w, https:\/\/www.juulrameau.com\/wp-content\/uploads\/2023\/12\/Garden-of-Abundance-luistervink-studio-juul-rameau-foto-studio-juul-rameau-kopie-100x100.jpg 100w\" sizes=\"(max-width: 1000px) 100vw, 1000px\" \/>\t\t\t\t\t\t\t\t\t\t\t\t\t\t\t<\/div>\n\t\t\t\t<\/div>\n\t\t\t\t\t<\/div>\n\t\t\t\t<\/div>\n\t\t<div class=\"elementor-element elementor-element-87c434c e-flex e-con-boxed e-con e-child\" data-id=\"87c434c\" data-element_type=\"container\" data-e-type=\"container\">\n\t\t\t\t\t<div class=\"e-con-inner\">\n\t\t\t\t<div class=\"elementor-element elementor-element-5c4729d elementor-widget elementor-widget-heading\" data-id=\"5c4729d\" data-element_type=\"widget\" data-e-type=\"widget\" data-widget_type=\"heading.default\">\n\t\t\t\t<div class=\"elementor-widget-container\">\n\t\t\t\t\t<h2 class=\"elementor-heading-title elementor-size-default\">Mein Auftrag<\/h2>\t\t\t\t<\/div>\n\t\t\t\t<\/div>\n\t\t\t\t<div class=\"elementor-element elementor-element-4220b77 elementor-widget elementor-widget-text-editor\" data-id=\"4220b77\" data-element_type=\"widget\" data-e-type=\"widget\" data-widget_type=\"text-editor.default\">\n\t\t\t\t<div class=\"elementor-widget-container\">\n\t\t\t\t\t\t\t\t\t<p>Ich m\u00f6chte die Menschen mit der Natur verbinden, indem ich die physische Umgebung mit Objekten und Installationen bereichere, die uns mit der Natur verbinden. Ich m\u00f6chte, dass der Betrachter mit den Augen eines Entdeckers schaut, mit Staunen und Respekt f\u00fcr die nat\u00fcrliche Welt um ihn herum.<\/p>\n<p>Wenn ich mir meine Werke ansehe, setzt der Biophilia-Effekt ein. Menschen graben in ihrem Unterbewusstsein nach Erinnerungen in der Natur, in denen die Muster vorkommen. Die R\u00fcckkehr zu diesen gl\u00fccklichen Momenten, zum Beispiel im Wald oder am Strand, sorgt f\u00fcr Entspannung.<\/p>\n\t\t\t\t\t\t\t\t<\/div>\n\t\t\t\t<\/div>\n\t\t\t\t\t<\/div>\n\t\t\t\t<\/div>\n\t\t\t\t\t<\/div>\n\t\t\t\t<\/div>\n\t\t\t\t<\/div>\n\t\t","protected":false},"excerpt":{"rendered":"<p>Meine Arbeit Die Natur sieht weich aus, ist aber robust und langlebig. Sie gibt mir eine unb\u00e4ndige Leidenschaft zu schaffen. Ein physischer Kampf, um das einzufangen, was in robustem Material zerf\u00e4llt. Auf diese Weise entstehen autonome Kunstwerke, die meist aus verrostetem Metall bestehen. Und auch mehr konzeptionelle Auftragsarbeiten mit Ausfl\u00fcgen ins Produktdesign. Eine wunderbar interessante [&hellip;]<\/p>\n","protected":false},"author":2,"featured_media":0,"parent":0,"menu_order":0,"comment_status":"closed","ping_status":"closed","template":"","meta":{"_acf_changed":false,"site-sidebar-layout":"no-sidebar","site-content-layout":"","ast-site-content-layout":"full-width-container","site-content-style":"default","site-sidebar-style":"default","ast-global-header-display":"","ast-banner-title-visibility":"","ast-main-header-display":"","ast-hfb-above-header-display":"","ast-hfb-below-header-display":"","ast-hfb-mobile-header-display":"","site-post-title":"disabled","ast-breadcrumbs-content":"","ast-featured-img":"disabled","footer-sml-layout":"","ast-disable-related-posts":"","theme-transparent-header-meta":"","adv-header-id-meta":"","stick-header-meta":"","header-above-stick-meta":"","header-main-stick-meta":"","header-below-stick-meta":"","astra-migrate-meta-layouts":"default","ast-page-background-enabled":"default","ast-page-background-meta":{"desktop":{"background-color":"var(--ast-global-color-4)","background-image":"","background-repeat":"repeat","background-position":"center center","background-size":"auto","background-attachment":"scroll","background-type":"","background-media":"","overlay-type":"","overlay-color":"","overlay-opacity":"","overlay-gradient":""},"tablet":{"background-color":"","background-image":"","background-repeat":"repeat","background-position":"center center","background-size":"auto","background-attachment":"scroll","background-type":"","background-media":"","overlay-type":"","overlay-color":"","overlay-opacity":"","overlay-gradient":""},"mobile":{"background-color":"","background-image":"","background-repeat":"repeat","background-position":"center center","background-size":"auto","background-attachment":"scroll","background-type":"","background-media":"","overlay-type":"","overlay-color":"","overlay-opacity":"","overlay-gradient":""}},"ast-content-background-meta":{"desktop":{"background-color":"var(--ast-global-color-5)","background-image":"","background-repeat":"repeat","background-position":"center center","background-size":"auto","background-attachment":"scroll","background-type":"","background-media":"","overlay-type":"","overlay-color":"","overlay-opacity":"","overlay-gradient":""},"tablet":{"background-color":"var(--ast-global-color-5)","background-image":"","background-repeat":"repeat","background-position":"center center","background-size":"auto","background-attachment":"scroll","background-type":"","background-media":"","overlay-type":"","overlay-color":"","overlay-opacity":"","overlay-gradient":""},"mobile":{"background-color":"var(--ast-global-color-5)","background-image":"","background-repeat":"repeat","background-position":"center center","background-size":"auto","background-attachment":"scroll","background-type":"","background-media":"","overlay-type":"","overlay-color":"","overlay-opacity":"","overlay-gradient":""}},"footnotes":""},"class_list":["post-28809","page","type-page","status-publish","hentry"],"acf":[],"yoast_head":"<!-- This site is optimized with the Yoast SEO plugin v27.4 - https:\/\/yoast.com\/product\/yoast-seo-wordpress\/ -->\n<title>\u00dcber Juul - Juul Rameau<\/title>\n<meta name=\"robots\" content=\"index, follow, max-snippet:-1, max-image-preview:large, max-video-preview:-1\" \/>\n<link rel=\"canonical\" href=\"https:\/\/www.juulrameau.com\/de\/ueber-juul\/\" \/>\n<meta property=\"og:locale\" content=\"de_DE\" \/>\n<meta property=\"og:type\" content=\"article\" \/>\n<meta property=\"og:title\" content=\"\u00dcber Juul - Juul Rameau\" \/>\n<meta property=\"og:description\" content=\"Meine Arbeit Die Natur sieht weich aus, ist aber robust und langlebig. Sie gibt mir eine unb\u00e4ndige Leidenschaft zu schaffen. Ein physischer Kampf, um das einzufangen, was in robustem Material zerf\u00e4llt. Auf diese Weise entstehen autonome Kunstwerke, die meist aus verrostetem Metall bestehen. Und auch mehr konzeptionelle Auftragsarbeiten mit Ausfl\u00fcgen ins Produktdesign. Eine wunderbar interessante [&hellip;]\" \/>\n<meta property=\"og:url\" content=\"https:\/\/www.juulrameau.com\/de\/ueber-juul\/\" \/>\n<meta property=\"og:site_name\" content=\"Juul Rameau\" \/>\n<meta property=\"article:modified_time\" content=\"2024-05-15T09:43:07+00:00\" \/>\n<meta property=\"og:image\" content=\"https:\/\/www.juulrameau.com\/wp-content\/uploads\/2023\/12\/2104-insta-juulrameau-wk14-3-as-soon-as-the-sun-comes-up.jpg\" \/>\n<meta name=\"twitter:card\" content=\"summary_large_image\" \/>\n<meta name=\"twitter:label1\" content=\"Gesch\u00e4tzte Lesezeit\" \/>\n\t<meta name=\"twitter:data1\" content=\"2\u00a0Minuten\" \/>\n<script type=\"application\/ld+json\" class=\"yoast-schema-graph\">{\"@context\":\"https:\\\/\\\/schema.org\",\"@graph\":[{\"@type\":\"WebPage\",\"@id\":\"https:\\\/\\\/www.juulrameau.com\\\/de\\\/ueber-juul\\\/\",\"url\":\"https:\\\/\\\/www.juulrameau.com\\\/de\\\/ueber-juul\\\/\",\"name\":\"\u00dcber Juul - Juul Rameau\",\"isPartOf\":{\"@id\":\"https:\\\/\\\/www.juulrameau.com\\\/#website\"},\"primaryImageOfPage\":{\"@id\":\"https:\\\/\\\/www.juulrameau.com\\\/de\\\/ueber-juul\\\/#primaryimage\"},\"image\":{\"@id\":\"https:\\\/\\\/www.juulrameau.com\\\/de\\\/ueber-juul\\\/#primaryimage\"},\"thumbnailUrl\":\"https:\\\/\\\/www.juulrameau.com\\\/wp-content\\\/uploads\\\/2023\\\/12\\\/2104-insta-juulrameau-wk14-3-as-soon-as-the-sun-comes-up.jpg\",\"datePublished\":\"2023-12-11T14:28:29+00:00\",\"dateModified\":\"2024-05-15T09:43:07+00:00\",\"breadcrumb\":{\"@id\":\"https:\\\/\\\/www.juulrameau.com\\\/de\\\/ueber-juul\\\/#breadcrumb\"},\"inLanguage\":\"de\",\"potentialAction\":[{\"@type\":\"ReadAction\",\"target\":[\"https:\\\/\\\/www.juulrameau.com\\\/de\\\/ueber-juul\\\/\"]}]},{\"@type\":\"ImageObject\",\"inLanguage\":\"de\",\"@id\":\"https:\\\/\\\/www.juulrameau.com\\\/de\\\/ueber-juul\\\/#primaryimage\",\"url\":\"https:\\\/\\\/www.juulrameau.com\\\/wp-content\\\/uploads\\\/2023\\\/12\\\/2104-insta-juulrameau-wk14-3-as-soon-as-the-sun-comes-up.jpg\",\"contentUrl\":\"https:\\\/\\\/www.juulrameau.com\\\/wp-content\\\/uploads\\\/2023\\\/12\\\/2104-insta-juulrameau-wk14-3-as-soon-as-the-sun-comes-up.jpg\"},{\"@type\":\"BreadcrumbList\",\"@id\":\"https:\\\/\\\/www.juulrameau.com\\\/de\\\/ueber-juul\\\/#breadcrumb\",\"itemListElement\":[{\"@type\":\"ListItem\",\"position\":1,\"name\":\"Home\",\"item\":\"https:\\\/\\\/www.juulrameau.com\\\/de\\\/\"},{\"@type\":\"ListItem\",\"position\":2,\"name\":\"\u00dcber Juul\"}]},{\"@type\":\"WebSite\",\"@id\":\"https:\\\/\\\/www.juulrameau.com\\\/#website\",\"url\":\"https:\\\/\\\/www.juulrameau.com\\\/\",\"name\":\"Juul Rameau\",\"description\":\"\",\"potentialAction\":[{\"@type\":\"SearchAction\",\"target\":{\"@type\":\"EntryPoint\",\"urlTemplate\":\"https:\\\/\\\/www.juulrameau.com\\\/?s={search_term_string}\"},\"query-input\":{\"@type\":\"PropertyValueSpecification\",\"valueRequired\":true,\"valueName\":\"search_term_string\"}}],\"inLanguage\":\"de\"}]}<\/script>\n<!-- \/ Yoast SEO plugin. -->","yoast_head_json":{"title":"\u00dcber Juul - Juul Rameau","robots":{"index":"index","follow":"follow","max-snippet":"max-snippet:-1","max-image-preview":"max-image-preview:large","max-video-preview":"max-video-preview:-1"},"canonical":"https:\/\/www.juulrameau.com\/de\/ueber-juul\/","og_locale":"de_DE","og_type":"article","og_title":"\u00dcber Juul - Juul Rameau","og_description":"Meine Arbeit Die Natur sieht weich aus, ist aber robust und langlebig. Sie gibt mir eine unb\u00e4ndige Leidenschaft zu schaffen. Ein physischer Kampf, um das einzufangen, was in robustem Material zerf\u00e4llt. Auf diese Weise entstehen autonome Kunstwerke, die meist aus verrostetem Metall bestehen. Und auch mehr konzeptionelle Auftragsarbeiten mit Ausfl\u00fcgen ins Produktdesign. Eine wunderbar interessante [&hellip;]","og_url":"https:\/\/www.juulrameau.com\/de\/ueber-juul\/","og_site_name":"Juul Rameau","article_modified_time":"2024-05-15T09:43:07+00:00","og_image":[{"url":"https:\/\/www.juulrameau.com\/wp-content\/uploads\/2023\/12\/2104-insta-juulrameau-wk14-3-as-soon-as-the-sun-comes-up.jpg","type":"","width":"","height":""}],"twitter_card":"summary_large_image","twitter_misc":{"Gesch\u00e4tzte Lesezeit":"2\u00a0Minuten"},"schema":{"@context":"https:\/\/schema.org","@graph":[{"@type":"WebPage","@id":"https:\/\/www.juulrameau.com\/de\/ueber-juul\/","url":"https:\/\/www.juulrameau.com\/de\/ueber-juul\/","name":"\u00dcber Juul - Juul Rameau","isPartOf":{"@id":"https:\/\/www.juulrameau.com\/#website"},"primaryImageOfPage":{"@id":"https:\/\/www.juulrameau.com\/de\/ueber-juul\/#primaryimage"},"image":{"@id":"https:\/\/www.juulrameau.com\/de\/ueber-juul\/#primaryimage"},"thumbnailUrl":"https:\/\/www.juulrameau.com\/wp-content\/uploads\/2023\/12\/2104-insta-juulrameau-wk14-3-as-soon-as-the-sun-comes-up.jpg","datePublished":"2023-12-11T14:28:29+00:00","dateModified":"2024-05-15T09:43:07+00:00","breadcrumb":{"@id":"https:\/\/www.juulrameau.com\/de\/ueber-juul\/#breadcrumb"},"inLanguage":"de","potentialAction":[{"@type":"ReadAction","target":["https:\/\/www.juulrameau.com\/de\/ueber-juul\/"]}]},{"@type":"ImageObject","inLanguage":"de","@id":"https:\/\/www.juulrameau.com\/de\/ueber-juul\/#primaryimage","url":"https:\/\/www.juulrameau.com\/wp-content\/uploads\/2023\/12\/2104-insta-juulrameau-wk14-3-as-soon-as-the-sun-comes-up.jpg","contentUrl":"https:\/\/www.juulrameau.com\/wp-content\/uploads\/2023\/12\/2104-insta-juulrameau-wk14-3-as-soon-as-the-sun-comes-up.jpg"},{"@type":"BreadcrumbList","@id":"https:\/\/www.juulrameau.com\/de\/ueber-juul\/#breadcrumb","itemListElement":[{"@type":"ListItem","position":1,"name":"Home","item":"https:\/\/www.juulrameau.com\/de\/"},{"@type":"ListItem","position":2,"name":"\u00dcber Juul"}]},{"@type":"WebSite","@id":"https:\/\/www.juulrameau.com\/#website","url":"https:\/\/www.juulrameau.com\/","name":"Juul Rameau","description":"","potentialAction":[{"@type":"SearchAction","target":{"@type":"EntryPoint","urlTemplate":"https:\/\/www.juulrameau.com\/?s={search_term_string}"},"query-input":{"@type":"PropertyValueSpecification","valueRequired":true,"valueName":"search_term_string"}}],"inLanguage":"de"}]}},"_links":{"self":[{"href":"https:\/\/www.juulrameau.com\/de\/wp-json\/wp\/v2\/pages\/28809","targetHints":{"allow":["GET"]}}],"collection":[{"href":"https:\/\/www.juulrameau.com\/de\/wp-json\/wp\/v2\/pages"}],"about":[{"href":"https:\/\/www.juulrameau.com\/de\/wp-json\/wp\/v2\/types\/page"}],"author":[{"embeddable":true,"href":"https:\/\/www.juulrameau.com\/de\/wp-json\/wp\/v2\/users\/2"}],"replies":[{"embeddable":true,"href":"https:\/\/www.juulrameau.com\/de\/wp-json\/wp\/v2\/comments?post=28809"}],"version-history":[{"count":2,"href":"https:\/\/www.juulrameau.com\/de\/wp-json\/wp\/v2\/pages\/28809\/revisions"}],"predecessor-version":[{"id":28834,"href":"https:\/\/www.juulrameau.com\/de\/wp-json\/wp\/v2\/pages\/28809\/revisions\/28834"}],"wp:attachment":[{"href":"https:\/\/www.juulrameau.com\/de\/wp-json\/wp\/v2\/media?parent=28809"}],"curies":[{"name":"wp","href":"https:\/\/api.w.org\/{rel}","templated":true}]}}